{"id":9735,"date":"2024-11-21T15:54:26","date_gmt":"2024-11-21T14:54:26","guid":{"rendered":"https:\/\/www.ina-wissmann.de\/shop\/?post_type=product&#038;p=9735"},"modified":"2026-04-17T17:40:34","modified_gmt":"2026-04-17T15:40:34","slug":"kardamom-pflanzenhelfer-raeucherwerk-in-30ml-pappdose","status":"publish","type":"product","link":"https:\/\/www.ina-wissmann.de\/shop\/produkt\/kardamom-pflanzenhelfer-raeucherwerk-in-30ml-pappdose\/","title":{"rendered":"Kardamom Pflanzenhelfer R\u00e4ucherwerk in 30ml Pappdose"},"content":{"rendered":"<h1>Kardamom Pflanzenhelfer <small class=\"vc-product-subtitle\">R\u00e4ucherwerk in der 30ml Pappdose<\/small><\/h1>\n<p>100% naturreines, pflanzliches R\u00e4uchermaterial. Per Hand bearbeitet und mit Duftbotschaft und Pflanzenhelfer-Bild auf dem Etikett als besonderes energetisches Attribut.<\/p>\n<p>Kardamom &#8211; Elettaria cardamomum -Die Gesichter des Magiers- \/ Elementarkraft: FEUER \/ Schwerpunkt: GEF\u00dcHL<\/p>\n<p>Ein Meister der Verwandlungsk\u00fcnste stellt sich hier in den Dienst am Leben. Das, was wir gerade brauchen, erscheint im rechten Moment und unser Vertrauen in eine Art innere Gesetzm\u00e4\u00dfigkeit bei der Entfaltung der Dinge w\u00e4chst. Eine starke positive Kraft, die den Suchenden sicher und gegen alle m\u00f6glichen \u00dcberraschungen gefeit durch den Dschungel der Unw\u00e4gbarkeiten f\u00fchrt.<\/p>\n<p>Aus -Die Pflanzenhelfer- \u00a9 Windpferd Verlag \/ Aitrang<\/p>\n","protected":false},"excerpt":{"rendered":"<p>Kardamom Pflanzenhelfer 30ml R\u00e4ucherwerk im Gl\u00e4schen<\/p>\n","protected":false},"featured_media":17985,"comment_status":"open","ping_status":"closed","template":"","meta":[],"product_brand":[],"product_cat":[232],"product_tag":[],"class_list":{"0":"post-9735","1":"product","2":"type-product","3":"status-publish","4":"has-post-thumbnail","6":"product_cat-raeucherwerk","7":"product_shipping_class-paket","8":"post-wrapper","9":"thrv_wrapper","11":"first","12":"instock","13":"taxable","14":"shipping-taxable","15":"purchasable","16":"product-type-simple"},"jetpack_sharing_enabled":true,"_links":{"self":[{"href":"https:\/\/www.ina-wissmann.de\/shop\/wp-json\/wp\/v2\/product\/9735","targetHints":{"allow":["GET"]}}],"collection":[{"href":"https:\/\/www.ina-wissmann.de\/shop\/wp-json\/wp\/v2\/product"}],"about":[{"href":"https:\/\/www.ina-wissmann.de\/shop\/wp-json\/wp\/v2\/types\/product"}],"replies":[{"embeddable":true,"href":"https:\/\/www.ina-wissmann.de\/shop\/wp-json\/wp\/v2\/comments?post=9735"}],"wp:featuredmedia":[{"embeddable":true,"href":"https:\/\/www.ina-wissmann.de\/shop\/wp-json\/wp\/v2\/media\/17985"}],"wp:attachment":[{"href":"https:\/\/www.ina-wissmann.de\/shop\/wp-json\/wp\/v2\/media?parent=9735"}],"wp:term":[{"taxonomy":"product_brand","embeddable":true,"href":"https:\/\/www.ina-wissmann.de\/shop\/wp-json\/wp\/v2\/product_brand?post=9735"},{"taxonomy":"product_cat","embeddable":true,"href":"https:\/\/www.ina-wissmann.de\/shop\/wp-json\/wp\/v2\/product_cat?post=9735"},{"taxonomy":"product_tag","embeddable":true,"href":"https:\/\/www.ina-wissmann.de\/shop\/wp-json\/wp\/v2\/product_tag?post=9735"}],"curies":[{"name":"wp","href":"https:\/\/api.w.org\/{rel}","templated":true}]}}