{"id":9734,"date":"2024-11-21T15:55:19","date_gmt":"2024-11-21T14:55:19","guid":{"rendered":"https:\/\/www.ina-wissmann.de\/shop\/?post_type=product&#038;p=9734"},"modified":"2026-04-18T10:45:30","modified_gmt":"2026-04-18T08:45:30","slug":"mastix-pflanzenhelfer-raeucherwerk-in-30ml-pappdose","status":"publish","type":"product","link":"https:\/\/www.ina-wissmann.de\/shop\/produkt\/mastix-pflanzenhelfer-raeucherwerk-in-30ml-pappdose\/","title":{"rendered":"Mastix Pflanzenhelfer R\u00e4ucherwerk in 30ml Pappdose"},"content":{"rendered":"<h1>Mastix Pflanzenhelfer <small class=\"vc-product-subtitle\">R\u00e4ucherwerk in der 30ml Pappdose<\/small><\/h1>\n<p>100% naturreines, pflanzliches R\u00e4uchermaterial. Per Hand bearbeitet und mit Duftbotschaft und Pflanzenhelfer-Bild auf dem Etikett als besonderes energetisches Attribut.<\/p>\n<p>Mastix &#8211; Pistacia lenticus -In Kontakt mit sich selbst- \/ Elementarkraft: WASSER \/ Schwerpunkt: GEIST<\/p>\n<p>Die Lichtbotschaft in diesem Duft trifft geradewegs ins Herz. Aller Zweifel am Sinn des Ganzen verfliegt und ein befl\u00fcgelndes Gef\u00fchl von Geborgenheit und Getragensein breitet sich in uns aus. In diesem Sinne wirkt der G\u00f6tterbote Hermes \u00fcber die Aromakraft und schafft Vertrauen in das Leben. Eine Perspektive lebens- und liebenswerter M\u00f6glichkeiten \u00f6ffnet sich als Vision vor unserem inneren Auge, der Seele wachsen Fl\u00fcgel und alle Trauer schwindet.<\/p>\n<p>Aus -Die Pflanzenhelfer- \u00a9 Windpferd Verlag \/ Aitrang<\/p>\n","protected":false},"excerpt":{"rendered":"<p>Mastix Pflanzenhelfer 30ml R\u00e4ucherwerk in der Pappdose<\/p>\n","protected":false},"featured_media":18000,"comment_status":"open","ping_status":"closed","template":"","meta":[],"product_brand":[],"product_cat":[232],"product_tag":[],"class_list":{"0":"post-9734","1":"product","2":"type-product","3":"status-publish","4":"has-post-thumbnail","6":"product_cat-raeucherwerk","7":"product_shipping_class-paket","8":"post-wrapper","9":"thrv_wrapper","11":"first","12":"instock","13":"taxable","14":"shipping-taxable","15":"purchasable","16":"product-type-simple"},"jetpack_sharing_enabled":true,"_links":{"self":[{"href":"https:\/\/www.ina-wissmann.de\/shop\/wp-json\/wp\/v2\/product\/9734","targetHints":{"allow":["GET"]}}],"collection":[{"href":"https:\/\/www.ina-wissmann.de\/shop\/wp-json\/wp\/v2\/product"}],"about":[{"href":"https:\/\/www.ina-wissmann.de\/shop\/wp-json\/wp\/v2\/types\/product"}],"replies":[{"embeddable":true,"href":"https:\/\/www.ina-wissmann.de\/shop\/wp-json\/wp\/v2\/comments?post=9734"}],"wp:featuredmedia":[{"embeddable":true,"href":"https:\/\/www.ina-wissmann.de\/shop\/wp-json\/wp\/v2\/media\/18000"}],"wp:attachment":[{"href":"https:\/\/www.ina-wissmann.de\/shop\/wp-json\/wp\/v2\/media?parent=9734"}],"wp:term":[{"taxonomy":"product_brand","embeddable":true,"href":"https:\/\/www.ina-wissmann.de\/shop\/wp-json\/wp\/v2\/product_brand?post=9734"},{"taxonomy":"product_cat","embeddable":true,"href":"https:\/\/www.ina-wissmann.de\/shop\/wp-json\/wp\/v2\/product_cat?post=9734"},{"taxonomy":"product_tag","embeddable":true,"href":"https:\/\/www.ina-wissmann.de\/shop\/wp-json\/wp\/v2\/product_tag?post=9734"}],"curies":[{"name":"wp","href":"https:\/\/api.w.org\/{rel}","templated":true}]}}