{"id":9727,"date":"2024-11-21T15:54:41","date_gmt":"2024-11-21T14:54:41","guid":{"rendered":"https:\/\/www.ina-wissmann.de\/shop\/?post_type=product&#038;p=9727"},"modified":"2026-04-18T10:30:49","modified_gmt":"2026-04-18T08:30:49","slug":"lorbeer-pflanzenhelfer-raeucherwerk-in-30ml-pappdose","status":"publish","type":"product","link":"https:\/\/www.ina-wissmann.de\/shop\/produkt\/lorbeer-pflanzenhelfer-raeucherwerk-in-30ml-pappdose\/","title":{"rendered":"Lorbeer Pflanzenhelfer R\u00e4ucherwerk in 30ml Pappdose"},"content":{"rendered":"<h1>Lorbeer Pflanzenhelfer <small class=\"vc-product-subtitle\">R\u00e4ucherwerk in der 30ml Pappdose<\/small><\/h1>\n<p>100% naturreines, pflanzliches R\u00e4uchermaterial. Per Hand bearbeitet und mit Duftbotschaft und Pflanzenhelfer-Bild auf dem Etikett als besonderes energetisches Attribut.<\/p>\n<p>Lorbeerbl\u00e4tter &#8211; Laurus nobilis -Ausblick der Hoffnung- \/ Elementarkraft: LUFT \/ Schwerpunkt: GEIST Wille und Widerstandskraft werden durch das Vertrauen in den inneren Meister gest\u00e4rkt. Lorbeer ist eine Aromakraft, die den Menschen zu seinem ganz pers\u00f6nlichen Ausdruck f\u00fchrt. Dieser Duft signalisiert Selbstsicherheit und Geduld in seiner Botschaft. Damit hilft er uns, Verneinung zu \u00fcberwinden und die Pforten der Wahrnehmung am Tor der Zuversicht im rechten Augenblick zu \u00f6ffnen, um zu Reife und Vollendung zu gelangen.<\/p>\n<p>Aus -Die Pflanzenhelfer- \u00a9 Windpferd Verlag \/ Aitrang<\/p>\n","protected":false},"excerpt":{"rendered":"<p>Lorbeer Pflanzenhelfer 30ml R\u00e4ucherwerk in der Pappdose<\/p>\n","protected":false},"featured_media":17997,"comment_status":"open","ping_status":"closed","template":"","meta":[],"product_brand":[],"product_cat":[232],"product_tag":[],"class_list":{"0":"post-9727","1":"product","2":"type-product","3":"status-publish","4":"has-post-thumbnail","6":"product_cat-raeucherwerk","7":"product_shipping_class-paket","8":"post-wrapper","9":"thrv_wrapper","11":"first","12":"instock","13":"taxable","14":"shipping-taxable","15":"purchasable","16":"product-type-simple"},"jetpack_sharing_enabled":true,"_links":{"self":[{"href":"https:\/\/www.ina-wissmann.de\/shop\/wp-json\/wp\/v2\/product\/9727","targetHints":{"allow":["GET"]}}],"collection":[{"href":"https:\/\/www.ina-wissmann.de\/shop\/wp-json\/wp\/v2\/product"}],"about":[{"href":"https:\/\/www.ina-wissmann.de\/shop\/wp-json\/wp\/v2\/types\/product"}],"replies":[{"embeddable":true,"href":"https:\/\/www.ina-wissmann.de\/shop\/wp-json\/wp\/v2\/comments?post=9727"}],"wp:featuredmedia":[{"embeddable":true,"href":"https:\/\/www.ina-wissmann.de\/shop\/wp-json\/wp\/v2\/media\/17997"}],"wp:attachment":[{"href":"https:\/\/www.ina-wissmann.de\/shop\/wp-json\/wp\/v2\/media?parent=9727"}],"wp:term":[{"taxonomy":"product_brand","embeddable":true,"href":"https:\/\/www.ina-wissmann.de\/shop\/wp-json\/wp\/v2\/product_brand?post=9727"},{"taxonomy":"product_cat","embeddable":true,"href":"https:\/\/www.ina-wissmann.de\/shop\/wp-json\/wp\/v2\/product_cat?post=9727"},{"taxonomy":"product_tag","embeddable":true,"href":"https:\/\/www.ina-wissmann.de\/shop\/wp-json\/wp\/v2\/product_tag?post=9727"}],"curies":[{"name":"wp","href":"https:\/\/api.w.org\/{rel}","templated":true}]}}