{"id":9726,"date":"2024-11-21T15:51:18","date_gmt":"2024-11-21T14:51:18","guid":{"rendered":"https:\/\/www.ina-wissmann.de\/shop\/?post_type=product&#038;p=9726"},"modified":"2026-04-17T15:18:01","modified_gmt":"2026-04-17T13:18:01","slug":"angelika-pflanzenhelfer-raeucherwerk-in-30ml-pappdose","status":"publish","type":"product","link":"https:\/\/www.ina-wissmann.de\/shop\/produkt\/angelika-pflanzenhelfer-raeucherwerk-in-30ml-pappdose\/","title":{"rendered":"Angelika Pflanzenhelfer R\u00e4ucherwerk in 30ml Pappdose"},"content":{"rendered":"<h1>Angelika Pflanzenhelfer <small class=\"vc-product-subtitle\">30ml R\u00e4ucherwerk in Pappdose<\/small><\/h1>\n<p>100% naturreines, pflanzliches R\u00e4uchermaterial. Per Hand bearbeitet und mit Duftbotschaft und Pflanzenhelfer-Bild auf dem Etikett als besonderes energetisches Attribut.<\/p>\n<p>Angelika &#8211; Angelica archangelica -Den eigenen Weg gehen- \/ Elementarkraft: ERDE \/ Schwerpunkt: GEF\u00dcHL<\/p>\n<p>Dieses Duftwesen ist ein Mittler zwischen den h\u00f6chsten H\u00f6hen und den tiefsten Tiefen. Fest im Boden verankert die Himmelsbotschaft zu \u00fcberbringen. zeugt von gro\u00dfer St\u00e4rke. Das pr\u00e4gt auch diese Schutzkraft und macht sie zum Retter in der Not. Himmlisches Feuer wird den Schwachen und Mutlosen zur St\u00e4rkung angeboten, auf dass sie ihre innere Verbundenheit mit den Kr\u00e4ften der Erde sp\u00fcren und ihren geraden Weg finden m\u00f6gen.<\/p>\n<p>Aus -Die Pflanzenhelfer- \u00a9 Windpferd Verlag \/ Aitrang<\/p>\n","protected":false},"excerpt":{"rendered":"<p>Angelika Pflanzenhelfer 30ml R\u00e4ucherwerk in Pappdose<\/p>\n","protected":false},"featured_media":17947,"comment_status":"open","ping_status":"closed","template":"","meta":[],"product_brand":[],"product_cat":[232],"product_tag":[],"class_list":{"0":"post-9726","1":"product","2":"type-product","3":"status-publish","4":"has-post-thumbnail","6":"product_cat-raeucherwerk","7":"product_shipping_class-paket","8":"post-wrapper","9":"thrv_wrapper","11":"first","12":"instock","13":"taxable","14":"shipping-taxable","15":"purchasable","16":"product-type-simple"},"jetpack_sharing_enabled":true,"_links":{"self":[{"href":"https:\/\/www.ina-wissmann.de\/shop\/wp-json\/wp\/v2\/product\/9726","targetHints":{"allow":["GET"]}}],"collection":[{"href":"https:\/\/www.ina-wissmann.de\/shop\/wp-json\/wp\/v2\/product"}],"about":[{"href":"https:\/\/www.ina-wissmann.de\/shop\/wp-json\/wp\/v2\/types\/product"}],"replies":[{"embeddable":true,"href":"https:\/\/www.ina-wissmann.de\/shop\/wp-json\/wp\/v2\/comments?post=9726"}],"wp:featuredmedia":[{"embeddable":true,"href":"https:\/\/www.ina-wissmann.de\/shop\/wp-json\/wp\/v2\/media\/17947"}],"wp:attachment":[{"href":"https:\/\/www.ina-wissmann.de\/shop\/wp-json\/wp\/v2\/media?parent=9726"}],"wp:term":[{"taxonomy":"product_brand","embeddable":true,"href":"https:\/\/www.ina-wissmann.de\/shop\/wp-json\/wp\/v2\/product_brand?post=9726"},{"taxonomy":"product_cat","embeddable":true,"href":"https:\/\/www.ina-wissmann.de\/shop\/wp-json\/wp\/v2\/product_cat?post=9726"},{"taxonomy":"product_tag","embeddable":true,"href":"https:\/\/www.ina-wissmann.de\/shop\/wp-json\/wp\/v2\/product_tag?post=9726"}],"curies":[{"name":"wp","href":"https:\/\/api.w.org\/{rel}","templated":true}]}}