{"id":9725,"date":"2024-11-21T15:54:26","date_gmt":"2024-11-21T14:54:26","guid":{"rendered":"https:\/\/www.ina-wissmann.de\/shop\/?post_type=product&#038;p=9725"},"modified":"2026-04-18T10:17:53","modified_gmt":"2026-04-18T08:17:53","slug":"kiefer-pflanzenhelfer-raeucherwerk-im-30ml-pappdose","status":"publish","type":"product","link":"https:\/\/www.ina-wissmann.de\/shop\/produkt\/kiefer-pflanzenhelfer-raeucherwerk-im-30ml-pappdose\/","title":{"rendered":"Kiefer Pflanzenhelfer R\u00e4ucherwerk in 30ml Pappdose"},"content":{"rendered":"<h1>Kiefernharz Pflanzenhelfer <small class=\"vc-product-subtitle\">30ml R\u00e4ucherwerk in der Pappdose<\/small><\/h1>\n<p>100% naturreines, pflanzliches R\u00e4uchermaterial. Per Hand bearbeitet und mit Duftbotschaft und Pflanzenhelfer-Bild auf dem Etikett als besonderes energetisches Attribut.<\/p>\n<p>Kiefer &#8211; Pinus sylvestris. Pinus montana -Im Spiel bleiben- \/ Elementarkraft: LUFT \/ Schwerpunkt: GEIST<\/p>\n<p>Dies ist der Lichtsucher und Windt\u00e4nzer, der mit gr\u00f6\u00dfter Z\u00e4higkeit am Leben h\u00e4ngt. Kein Boden ist ihm zu karg und kein Klima zu rau, um ihm nicht doch noch etwas Vergn\u00fcgen abringen zu k\u00f6nnen. Den Reiz der Bewegung und Weiterentwicklung propagiert diese Aromakraft, in ihrer Botschaft von Flexibilit\u00e4t und Durchhalteverm\u00f6gen. Naivit\u00e4t und uralte Weisheit kommen in der holzig-harzigen Duftbotschaft der Kiefer zum Ausdruck.<\/p>\n<p>Aus -Die Pflanzenhelfer- \u00a9 Windpferd Verlag \/ Aitrang<\/p>\n","protected":false},"excerpt":{"rendered":"<p>Kiefernharz Pflanzenhelfer 30ml R\u00e4ucherwerk in der Pappdose<\/p>\n","protected":false},"featured_media":17988,"comment_status":"open","ping_status":"closed","template":"","meta":[],"product_brand":[],"product_cat":[232],"product_tag":[],"class_list":{"0":"post-9725","1":"product","2":"type-product","3":"status-publish","4":"has-post-thumbnail","6":"product_cat-raeucherwerk","7":"product_shipping_class-paket","8":"post-wrapper","9":"thrv_wrapper","11":"first","12":"instock","13":"taxable","14":"shipping-taxable","15":"purchasable","16":"product-type-simple"},"jetpack_sharing_enabled":true,"_links":{"self":[{"href":"https:\/\/www.ina-wissmann.de\/shop\/wp-json\/wp\/v2\/product\/9725","targetHints":{"allow":["GET"]}}],"collection":[{"href":"https:\/\/www.ina-wissmann.de\/shop\/wp-json\/wp\/v2\/product"}],"about":[{"href":"https:\/\/www.ina-wissmann.de\/shop\/wp-json\/wp\/v2\/types\/product"}],"replies":[{"embeddable":true,"href":"https:\/\/www.ina-wissmann.de\/shop\/wp-json\/wp\/v2\/comments?post=9725"}],"wp:featuredmedia":[{"embeddable":true,"href":"https:\/\/www.ina-wissmann.de\/shop\/wp-json\/wp\/v2\/media\/17988"}],"wp:attachment":[{"href":"https:\/\/www.ina-wissmann.de\/shop\/wp-json\/wp\/v2\/media?parent=9725"}],"wp:term":[{"taxonomy":"product_brand","embeddable":true,"href":"https:\/\/www.ina-wissmann.de\/shop\/wp-json\/wp\/v2\/product_brand?post=9725"},{"taxonomy":"product_cat","embeddable":true,"href":"https:\/\/www.ina-wissmann.de\/shop\/wp-json\/wp\/v2\/product_cat?post=9725"},{"taxonomy":"product_tag","embeddable":true,"href":"https:\/\/www.ina-wissmann.de\/shop\/wp-json\/wp\/v2\/product_tag?post=9725"}],"curies":[{"name":"wp","href":"https:\/\/api.w.org\/{rel}","templated":true}]}}