{"id":9720,"date":"2022-10-26T11:26:22","date_gmt":"2022-10-26T09:26:22","guid":{"rendered":"https:\/\/www.ina-wissmann.de\/shop\/?post_type=product&#038;p=9720"},"modified":"2026-04-17T15:26:47","modified_gmt":"2026-04-17T13:26:47","slug":"opoponax-pflanzenhelfer-raeucherwerk-im-30ml-glaeschen","status":"publish","type":"product","link":"https:\/\/www.ina-wissmann.de\/shop\/produkt\/opoponax-pflanzenhelfer-raeucherwerk-im-30ml-glaeschen\/","title":{"rendered":"Opoponax Pflanzenhelfer R\u00e4ucherwerk im 30ml Gl\u00e4schen"},"content":{"rendered":"<h1>Opoponax Pflanzenhelfer<br \/>\n<small class=\"vc-product-subtitle\">30ml R\u00e4ucherwerk im Gl\u00e4schen<\/small><\/h1>\n<p>100% naturreines, pflanzliches R\u00e4uchermaterial. Per Hand bearbeitet und mit Duftbotschaft und Pflanzenhelfer-Bild auf dem Etikett als besonderes energetisches Attribut.<\/p>\n<p>Opoponax &#8211; Commiphora erythraea<\/p>\n<p>-Ausgleich im Hier und Jetzt- \/ Elementarkraft: FEUER \/ Schwerpunkt: GEF\u00dcHL<\/p>\n<p>Wer an alten Belastungen festh\u00e4lt und dadurch die Gegenwart nicht zu w\u00fcrdigen wei\u00df, kann sich durch diese Duftbotschaft in das Hier und Jetzt bef\u00f6rdern lassen. Hypnotisch st\u00e4rkt Opoponax die Sinne und schafft eine Schutzh\u00fclle, die Unheil abwehrt. Der Duft erm\u00f6glicht Bewegung im Sinne der Lebensgesetze, indem er uns hilft, den Schmerzpunkt zu f\u00fchlen. Das Harz, der getrocknete Wundsaft, symbolisiert das, was die Verletzungen heilt.<\/p>\n<p>Aus -Die Pflanzenhelfer- \u00a9 Windpferd Verlag \/ Aitrang<\/p>\n","protected":false},"excerpt":{"rendered":"<p>Opoponax Pflanzenhelfer 30ml R\u00e4ucherwerk im Gl\u00e4schen<\/p>\n","protected":false},"featured_media":0,"comment_status":"open","ping_status":"closed","template":"","meta":[],"product_brand":[],"product_cat":[232],"product_tag":[],"class_list":{"0":"post-9720","1":"product","2":"type-product","3":"status-publish","5":"product_cat-raeucherwerk","6":"product_shipping_class-paket","7":"post-wrapper","8":"thrv_wrapper","10":"first","11":"instock","12":"taxable","13":"shipping-taxable","14":"purchasable","15":"product-type-simple"},"jetpack_sharing_enabled":true,"_links":{"self":[{"href":"https:\/\/www.ina-wissmann.de\/shop\/wp-json\/wp\/v2\/product\/9720","targetHints":{"allow":["GET"]}}],"collection":[{"href":"https:\/\/www.ina-wissmann.de\/shop\/wp-json\/wp\/v2\/product"}],"about":[{"href":"https:\/\/www.ina-wissmann.de\/shop\/wp-json\/wp\/v2\/types\/product"}],"replies":[{"embeddable":true,"href":"https:\/\/www.ina-wissmann.de\/shop\/wp-json\/wp\/v2\/comments?post=9720"}],"wp:attachment":[{"href":"https:\/\/www.ina-wissmann.de\/shop\/wp-json\/wp\/v2\/media?parent=9720"}],"wp:term":[{"taxonomy":"product_brand","embeddable":true,"href":"https:\/\/www.ina-wissmann.de\/shop\/wp-json\/wp\/v2\/product_brand?post=9720"},{"taxonomy":"product_cat","embeddable":true,"href":"https:\/\/www.ina-wissmann.de\/shop\/wp-json\/wp\/v2\/product_cat?post=9720"},{"taxonomy":"product_tag","embeddable":true,"href":"https:\/\/www.ina-wissmann.de\/shop\/wp-json\/wp\/v2\/product_tag?post=9720"}],"curies":[{"name":"wp","href":"https:\/\/api.w.org\/{rel}","templated":true}]}}