{"id":9714,"date":"2022-10-26T09:56:40","date_gmt":"2022-10-26T07:56:40","guid":{"rendered":"https:\/\/www.ina-wissmann.de\/shop\/?post_type=product&#038;p=9714"},"modified":"2026-04-17T15:26:52","modified_gmt":"2026-04-17T13:26:52","slug":"rhododendron-himalaya-pflanzenhelfer-raeucherwerk-im-30ml-glaeschen","status":"publish","type":"product","link":"https:\/\/www.ina-wissmann.de\/shop\/produkt\/rhododendron-himalaya-pflanzenhelfer-raeucherwerk-im-30ml-glaeschen\/","title":{"rendered":"Rhododendron Himalaya Pflanzenhelfer R\u00e4ucherwerk im 30ml Gl\u00e4schen"},"content":{"rendered":"<h1>Rhododendron Himalaya Pflanzenhelfer<br \/>\n<small class=\"vc-product-subtitle\">30ml R\u00e4ucherwerk im Gl\u00e4schen<\/small><\/h1>\n<p>100% naturreines, pflanzliches R\u00e4uchermaterial. Per Hand bearbeitet und mit Duftbotschaft und Pflanzenhelfer-Bild auf dem Etikett als besonderes energetisches Attribut.<\/p>\n<p>Rhododendron &#8211; Rhododendron anthopogon<\/p>\n<p>-Sich stark und f\u00e4hig f\u00fchlen- \/ Elementarkraft: FEUER \/ Schwerpunkt: K\u00d6RPER<\/p>\n<p>Geduld und Z\u00e4higkeit stehen im Zentrum dieser Duftbotschaft. Wer seelisch am Boden ist, dem wird hier ein Ausweg aus der Krise gezeigt. Wenn uns alles zu eng scheint, schafft dieser Duft Raum und \u00f6ffnet den Blick \u00fcber den Horizont hinaus. Er fordert Reinheit und Klarheit am Tor der Ideale. Wenn wir uns schwach und unterlegen f\u00fchlen, kann uns dieser Pflanzenhelfer Kraft und Selbstvertrauen schenken. Er regt den Geist an, eine klare Vision f\u00fcr den eigenen Weg zu finden.<\/p>\n<p>Aus -Die Pflanzenhelfer- \u00a9 Windpferd Verlag \/ Aitrang<\/p>\n","protected":false},"excerpt":{"rendered":"<h1>Rhododendron Himalaya<\/h1>\n<p>Pflanzenhelfer 30ml R\u00e4ucherwerk im Gl\u00e4schen<\/p>\n","protected":false},"featured_media":0,"comment_status":"open","ping_status":"closed","template":"","meta":[],"product_brand":[],"product_cat":[232],"product_tag":[],"class_list":{"0":"post-9714","1":"product","2":"type-product","3":"status-publish","5":"product_cat-raeucherwerk","6":"product_shipping_class-paket","7":"post-wrapper","8":"thrv_wrapper","10":"first","11":"instock","12":"taxable","13":"shipping-taxable","14":"purchasable","15":"product-type-simple"},"jetpack_sharing_enabled":true,"_links":{"self":[{"href":"https:\/\/www.ina-wissmann.de\/shop\/wp-json\/wp\/v2\/product\/9714","targetHints":{"allow":["GET"]}}],"collection":[{"href":"https:\/\/www.ina-wissmann.de\/shop\/wp-json\/wp\/v2\/product"}],"about":[{"href":"https:\/\/www.ina-wissmann.de\/shop\/wp-json\/wp\/v2\/types\/product"}],"replies":[{"embeddable":true,"href":"https:\/\/www.ina-wissmann.de\/shop\/wp-json\/wp\/v2\/comments?post=9714"}],"wp:attachment":[{"href":"https:\/\/www.ina-wissmann.de\/shop\/wp-json\/wp\/v2\/media?parent=9714"}],"wp:term":[{"taxonomy":"product_brand","embeddable":true,"href":"https:\/\/www.ina-wissmann.de\/shop\/wp-json\/wp\/v2\/product_brand?post=9714"},{"taxonomy":"product_cat","embeddable":true,"href":"https:\/\/www.ina-wissmann.de\/shop\/wp-json\/wp\/v2\/product_cat?post=9714"},{"taxonomy":"product_tag","embeddable":true,"href":"https:\/\/www.ina-wissmann.de\/shop\/wp-json\/wp\/v2\/product_tag?post=9714"}],"curies":[{"name":"wp","href":"https:\/\/api.w.org\/{rel}","templated":true}]}}