{"id":9713,"date":"2024-11-21T15:53:43","date_gmt":"2024-11-21T14:53:43","guid":{"rendered":"https:\/\/www.ina-wissmann.de\/shop\/?post_type=product&#038;p=9713"},"modified":"2026-04-17T16:09:33","modified_gmt":"2026-04-17T14:09:33","slug":"elemi-pflanzenhelfer-raeucherwerk-im-30ml-tuetchen","status":"publish","type":"product","link":"https:\/\/www.ina-wissmann.de\/shop\/produkt\/elemi-pflanzenhelfer-raeucherwerk-im-30ml-tuetchen\/","title":{"rendered":"Elemi Pflanzenhelfer R\u00e4ucherwerk im 30ml T\u00fctchen"},"content":{"rendered":"<h1>Elemi Pflanzenhelfer <small class=\"vc-product-subtitle\">30ml R\u00e4ucherwerk im T\u00fctchen<\/small><\/h1>\n<p>100% naturreines, pflanzliches R\u00e4uchermaterial. Per Hand bearbeitet und mit Duftbotschaft und Pflanzenhelfer-Bild auf dem Etikett als besonderes energetisches Attribut.<\/p>\n<p>Elemi &#8211; Canarium luzonicum -Aufbruch zu neuen Ufern- \/ Elementarkraft: FEUER \/ Schwerpunkt: GEIST<\/p>\n<p>Hier ist der Ruf nach Abenteuer und neuer Erfahrung zu vernehmen. Es gibt so vieles zu erforschen, dass keine Zeit zu verlieren ist! Der Aufbruch nach au\u00dfen ist zugleich Beginn der Reise nach innen, wo die wahren Geheimnisse darauf warten vom wachen Geist entdeckt zu werden. Der in sich ruhende Suchende l\u00e4sst die n\u00f6tige Achtsamkeit walten, um zu erkennen, dass innen und au\u00dfen die zwei Seiten einer Goldm\u00fcnze sind.<\/p>\n<p>Aus -Die Pflanzenhelfer- \u00a9 Windpferd Verlag \/ Aitrang<\/p>\n","protected":false},"excerpt":{"rendered":"<p>Elemi Pflanzenhelfer 30ml R\u00e4ucherwerk im T\u00fctchen<\/p>\n","protected":false},"featured_media":17961,"comment_status":"open","ping_status":"closed","template":"","meta":[],"product_brand":[],"product_cat":[232],"product_tag":[],"class_list":{"0":"post-9713","1":"product","2":"type-product","3":"status-publish","4":"has-post-thumbnail","6":"product_cat-raeucherwerk","7":"product_shipping_class-paket","8":"post-wrapper","9":"thrv_wrapper","11":"first","12":"instock","13":"taxable","14":"shipping-taxable","15":"purchasable","16":"product-type-simple"},"jetpack_sharing_enabled":true,"_links":{"self":[{"href":"https:\/\/www.ina-wissmann.de\/shop\/wp-json\/wp\/v2\/product\/9713","targetHints":{"allow":["GET"]}}],"collection":[{"href":"https:\/\/www.ina-wissmann.de\/shop\/wp-json\/wp\/v2\/product"}],"about":[{"href":"https:\/\/www.ina-wissmann.de\/shop\/wp-json\/wp\/v2\/types\/product"}],"replies":[{"embeddable":true,"href":"https:\/\/www.ina-wissmann.de\/shop\/wp-json\/wp\/v2\/comments?post=9713"}],"wp:featuredmedia":[{"embeddable":true,"href":"https:\/\/www.ina-wissmann.de\/shop\/wp-json\/wp\/v2\/media\/17961"}],"wp:attachment":[{"href":"https:\/\/www.ina-wissmann.de\/shop\/wp-json\/wp\/v2\/media?parent=9713"}],"wp:term":[{"taxonomy":"product_brand","embeddable":true,"href":"https:\/\/www.ina-wissmann.de\/shop\/wp-json\/wp\/v2\/product_brand?post=9713"},{"taxonomy":"product_cat","embeddable":true,"href":"https:\/\/www.ina-wissmann.de\/shop\/wp-json\/wp\/v2\/product_cat?post=9713"},{"taxonomy":"product_tag","embeddable":true,"href":"https:\/\/www.ina-wissmann.de\/shop\/wp-json\/wp\/v2\/product_tag?post=9713"}],"curies":[{"name":"wp","href":"https:\/\/api.w.org\/{rel}","templated":true}]}}