{"id":9711,"date":"2022-10-26T09:38:05","date_gmt":"2022-10-26T07:38:05","guid":{"rendered":"https:\/\/www.ina-wissmann.de\/shop\/?post_type=product&#038;p=9711"},"modified":"2026-04-18T12:32:23","modified_gmt":"2026-04-18T10:32:23","slug":"moschuskoerner-pflanzenhelfer-raeucherwerk-in-30ml-pappdose","status":"publish","type":"product","link":"https:\/\/www.ina-wissmann.de\/shop\/produkt\/moschuskoerner-pflanzenhelfer-raeucherwerk-in-30ml-pappdose\/","title":{"rendered":"Moschusk\u00f6rner Pflanzenhelfer R\u00e4ucherwerk in 30ml Pappdose"},"content":{"rendered":"<h1>Moschusk\u00f6rner Pflanzenhelfer<br \/>\n<small class=\"vc-product-subtitle\">30ml R\u00e4ucherwerk in der Pappdose<\/small><\/h1>\n<p>100% naturreines, pflanzliches R\u00e4uchermaterial. Per Hand bearbeitet und mit Duftbotschaft und Pflanzenhelfer-Bild auf dem Etikett als besonderes energetisches Attribut.<\/p>\n<p>Moschusk\u00f6rner &#8211; Hibiscus abelmoschus<\/p>\n<p>-Von Vollkommenheit tr\u00e4umen- \/ Elementarkraft: WASSER \/ Schwerpunkt: GEF\u00dcHL<\/p>\n<p>Sinnliche, triebhafte Empfindungen tropfen aus der Gef\u00fchlswelt in die K\u00f6rperlichkeit und nehmen dort ihren Raum ein. Ein aufregender Wechsel unterschiedlicher Gef\u00fchle l\u00e4sst unsere Phantasie erbl\u00fchen und innere Bilder tauchen wie von selbst auf, um unser Herz zu w\u00e4rmen. So w\u00e4chst unser Vertrauen, uns voll und ganz auf -hei\u00dfe- Situationen einzulassen und Extreme zu erleben.<\/p>\n<p>Aus -Die Pflanzenhelfer- \u00a9 Windpferd Verlag \/ Aitrang<\/p>\n","protected":false},"excerpt":{"rendered":"<p>Moschusk\u00f6rner Pflanzenhelfer 30ml R\u00e4ucherwerk in der Pappdose<\/p>\n","protected":false},"featured_media":18003,"comment_status":"open","ping_status":"closed","template":"","meta":[],"product_brand":[],"product_cat":[232],"product_tag":[],"class_list":{"0":"post-9711","1":"product","2":"type-product","3":"status-publish","4":"has-post-thumbnail","6":"product_cat-raeucherwerk","7":"product_shipping_class-paket","8":"post-wrapper","9":"thrv_wrapper","11":"first","12":"instock","13":"taxable","14":"shipping-taxable","15":"purchasable","16":"product-type-simple"},"jetpack_sharing_enabled":true,"_links":{"self":[{"href":"https:\/\/www.ina-wissmann.de\/shop\/wp-json\/wp\/v2\/product\/9711","targetHints":{"allow":["GET"]}}],"collection":[{"href":"https:\/\/www.ina-wissmann.de\/shop\/wp-json\/wp\/v2\/product"}],"about":[{"href":"https:\/\/www.ina-wissmann.de\/shop\/wp-json\/wp\/v2\/types\/product"}],"replies":[{"embeddable":true,"href":"https:\/\/www.ina-wissmann.de\/shop\/wp-json\/wp\/v2\/comments?post=9711"}],"wp:featuredmedia":[{"embeddable":true,"href":"https:\/\/www.ina-wissmann.de\/shop\/wp-json\/wp\/v2\/media\/18003"}],"wp:attachment":[{"href":"https:\/\/www.ina-wissmann.de\/shop\/wp-json\/wp\/v2\/media?parent=9711"}],"wp:term":[{"taxonomy":"product_brand","embeddable":true,"href":"https:\/\/www.ina-wissmann.de\/shop\/wp-json\/wp\/v2\/product_brand?post=9711"},{"taxonomy":"product_cat","embeddable":true,"href":"https:\/\/www.ina-wissmann.de\/shop\/wp-json\/wp\/v2\/product_cat?post=9711"},{"taxonomy":"product_tag","embeddable":true,"href":"https:\/\/www.ina-wissmann.de\/shop\/wp-json\/wp\/v2\/product_tag?post=9711"}],"curies":[{"name":"wp","href":"https:\/\/api.w.org\/{rel}","templated":true}]}}