{"id":9710,"date":"2022-10-26T09:37:53","date_gmt":"2022-10-26T07:37:53","guid":{"rendered":"https:\/\/www.ina-wissmann.de\/shop\/?post_type=product&#038;p=9710"},"modified":"2025-01-03T17:50:22","modified_gmt":"2025-01-03T16:50:22","slug":"rosmarin-pflanzenhelfer-raeucherwerk-im-30ml-glaeschen","status":"publish","type":"product","link":"https:\/\/www.ina-wissmann.de\/shop\/produkt\/rosmarin-pflanzenhelfer-raeucherwerk-im-30ml-glaeschen\/","title":{"rendered":"Rosmarin Pflanzenhelfer R\u00e4ucherwerk im 30ml Gl\u00e4schen"},"content":{"rendered":"<h1>Rosmarin Pflanzenhelfer<br \/>\n<small class=\"vc-product-subtitle\">30ml R\u00e4ucherwerk im Gl\u00e4schen<\/small><\/h1>\n<p>100% naturreines, pflanzliches R\u00e4uchermaterial. Per Hand bearbeitet und mit Duftbotschaft und Pflanzenhelfer-Bild auf dem Etikett als besonderes energetisches Attribut.<\/p>\n<p>Rosmarin &#8211; Rosmarinum officinalis<\/p>\n<p>-Unbeschwerte Tatkraft- \/ Elementarkraft: FEUER \/ Schwerpunkt: GEIST<\/p>\n<p>Ein starker Impuls, die Initiative in die Hand zu nehmen und sich auf eine kindlich-unb\u00e4ndige Weise dem Leben hinzugeben, geht von diesem Duft aus. Mit naivem Charme warten wir gespannt auf das s\u00fc\u00dfe Leben. Begeistert von der Vitalit\u00e4t der Vereinigung mit Felsen, Sonne und Meer schlagen wir lachend alle dunklen Aspekte in den Wind. Die helle, leichte Aura des Gesch\u00fctzten umgibt unter seinem Einfluss alles, wie ein Versprechen ewiger Jugend.<\/p>\n<p>Aus -Die Pflanzenhelfer- \u00a9 Windpferd Verlag \/ Aitrang<\/p>\n","protected":false},"excerpt":{"rendered":"<p>Rosmarin Pflanzenhelfer 30ml R\u00e4ucherwerk im Gl\u00e4schen<\/p>\n","protected":false},"featured_media":15848,"comment_status":"open","ping_status":"closed","template":"","meta":[],"product_brand":[],"product_cat":[764,232],"product_tag":[],"class_list":{"0":"post-9710","1":"product","2":"type-product","3":"status-publish","4":"has-post-thumbnail","6":"product_cat-gesundheit-vitalitaet","7":"product_cat-raeucherwerk","8":"product_shipping_class-paket","9":"post-wrapper","10":"thrv_wrapper","12":"first","13":"instock","14":"sale","15":"taxable","16":"shipping-taxable","17":"purchasable","18":"product-type-simple"},"jetpack_sharing_enabled":true,"_links":{"self":[{"href":"https:\/\/www.ina-wissmann.de\/shop\/wp-json\/wp\/v2\/product\/9710","targetHints":{"allow":["GET"]}}],"collection":[{"href":"https:\/\/www.ina-wissmann.de\/shop\/wp-json\/wp\/v2\/product"}],"about":[{"href":"https:\/\/www.ina-wissmann.de\/shop\/wp-json\/wp\/v2\/types\/product"}],"replies":[{"embeddable":true,"href":"https:\/\/www.ina-wissmann.de\/shop\/wp-json\/wp\/v2\/comments?post=9710"}],"wp:featuredmedia":[{"embeddable":true,"href":"https:\/\/www.ina-wissmann.de\/shop\/wp-json\/wp\/v2\/media\/15848"}],"wp:attachment":[{"href":"https:\/\/www.ina-wissmann.de\/shop\/wp-json\/wp\/v2\/media?parent=9710"}],"wp:term":[{"taxonomy":"product_brand","embeddable":true,"href":"https:\/\/www.ina-wissmann.de\/shop\/wp-json\/wp\/v2\/product_brand?post=9710"},{"taxonomy":"product_cat","embeddable":true,"href":"https:\/\/www.ina-wissmann.de\/shop\/wp-json\/wp\/v2\/product_cat?post=9710"},{"taxonomy":"product_tag","embeddable":true,"href":"https:\/\/www.ina-wissmann.de\/shop\/wp-json\/wp\/v2\/product_tag?post=9710"}],"curies":[{"name":"wp","href":"https:\/\/api.w.org\/{rel}","templated":true}]}}