{"id":9709,"date":"2024-11-21T15:55:55","date_gmt":"2024-11-21T14:55:55","guid":{"rendered":"https:\/\/www.ina-wissmann.de\/shop\/?post_type=product&#038;p=9709"},"modified":"2026-04-22T14:39:43","modified_gmt":"2026-04-22T12:39:43","slug":"pinon-pine-pflanzenhelfer-raeucherwerk-in-30ml-pappdose","status":"publish","type":"product","link":"https:\/\/www.ina-wissmann.de\/shop\/produkt\/pinon-pine-pflanzenhelfer-raeucherwerk-in-30ml-pappdose\/","title":{"rendered":"Pi\u00f1on Pine Pflanzenhelfer R\u00e4ucherwerk in 30ml Pappdose"},"content":{"rendered":"<h1>Pi\u00f1on Pine Pflanzenhelfer <small class=\"vc-product-subtitle\">30ml R\u00e4ucherwerk in der Pappdose<\/small><\/h1>\n<p>100% naturreines, pflanzliches R\u00e4uchermaterial. Per Hand bearbeitet und mit Duftbotschaft und Pflanzenhelfer-Bild auf dem Etikett als besonderes energetisches Attribut.<\/p>\n<p>Pi\u00f1on-Pine &#8211; Pinus pinaster<\/p>\n<p>-Kraft zum Durchhalten- \/ Elementarkraft: Luft \/ Schwerpunkt: GEF\u00dcHL<\/p>\n<p>In diesem Duft wohnen Standhaftigkeit und Durchhalteverm\u00f6gen, aber auch die Sehnsucht nach extremen Bedingungen, um die eigene Individualit\u00e4t in bizarrer Gestalt frei ausleben zu k\u00f6nnen.<\/p>\n<p>Ein zarts\u00fc\u00dfer Fingerzeig, wie Sie in schwierigen Situationen Halt finden und das existenzielle Drama durchstehen k\u00f6nnen. Der wundersch\u00f6ne sanfte Duft erscheint als gro\u00dfz\u00fcgiger Spender und Mittler der Sch\u00f6nheit irdischen Lebens.<\/p>\n<p>Aus -Die Pflanzenhelfer- \u00a9 Windpferd Verlag \/ Aitrang<\/p>\n","protected":false},"excerpt":{"rendered":"<p>Pi\u00f1on Pine Pflanzenhelfer 30ml R\u00e4ucherwerk in der Pappdose<\/p>\n","protected":false},"featured_media":18029,"comment_status":"open","ping_status":"closed","template":"","meta":[],"product_brand":[],"product_cat":[232],"product_tag":[],"class_list":{"0":"post-9709","1":"product","2":"type-product","3":"status-publish","4":"has-post-thumbnail","6":"product_cat-raeucherwerk","7":"product_shipping_class-paket","8":"post-wrapper","9":"thrv_wrapper","11":"first","12":"instock","13":"taxable","14":"shipping-taxable","15":"purchasable","16":"product-type-simple"},"jetpack_sharing_enabled":true,"_links":{"self":[{"href":"https:\/\/www.ina-wissmann.de\/shop\/wp-json\/wp\/v2\/product\/9709","targetHints":{"allow":["GET"]}}],"collection":[{"href":"https:\/\/www.ina-wissmann.de\/shop\/wp-json\/wp\/v2\/product"}],"about":[{"href":"https:\/\/www.ina-wissmann.de\/shop\/wp-json\/wp\/v2\/types\/product"}],"replies":[{"embeddable":true,"href":"https:\/\/www.ina-wissmann.de\/shop\/wp-json\/wp\/v2\/comments?post=9709"}],"wp:featuredmedia":[{"embeddable":true,"href":"https:\/\/www.ina-wissmann.de\/shop\/wp-json\/wp\/v2\/media\/18029"}],"wp:attachment":[{"href":"https:\/\/www.ina-wissmann.de\/shop\/wp-json\/wp\/v2\/media?parent=9709"}],"wp:term":[{"taxonomy":"product_brand","embeddable":true,"href":"https:\/\/www.ina-wissmann.de\/shop\/wp-json\/wp\/v2\/product_brand?post=9709"},{"taxonomy":"product_cat","embeddable":true,"href":"https:\/\/www.ina-wissmann.de\/shop\/wp-json\/wp\/v2\/product_cat?post=9709"},{"taxonomy":"product_tag","embeddable":true,"href":"https:\/\/www.ina-wissmann.de\/shop\/wp-json\/wp\/v2\/product_tag?post=9709"}],"curies":[{"name":"wp","href":"https:\/\/api.w.org\/{rel}","templated":true}]}}