{"id":9708,"date":"2024-11-21T15:55:36","date_gmt":"2024-11-21T14:55:36","guid":{"rendered":"https:\/\/www.ina-wissmann.de\/shop\/?post_type=product&#038;p=9708"},"modified":"2024-12-13T16:40:49","modified_gmt":"2024-12-13T15:40:49","slug":"muskatnuss-pflanzenhelfer-raeucherwerk-im-30ml-glaeschen","status":"publish","type":"product","link":"https:\/\/www.ina-wissmann.de\/shop\/produkt\/muskatnuss-pflanzenhelfer-raeucherwerk-im-30ml-glaeschen\/","title":{"rendered":"Muskatnuss Pflanzenhelfer R\u00e4ucherwerk im 30ml Gl\u00e4schen"},"content":{"rendered":"<h1>Muskatnuss Pflanzenhelfer <small class=\"vc-product-subtitle\">30ml R\u00e4ucherwerk im Gl\u00e4schen<\/small><\/h1>\n<p>100% naturreines, pflanzliches R\u00e4uchermaterial. Per Hand bearbeitet und mit Duftbotschaft und Pflanzenhelfer-Bild auf dem Etikett als besonderes energetisches Attribut.<\/p>\n<p>Muskatnuss &#8211; Myristica fragrans -Alles ist m\u00f6glich- \/ Elementarkraft: FEUER \/ Schwerpunkt: K\u00d6RPER<\/p>\n<p>Dieser aromatische Impuls ist ausgerichtet auf die F\u00e4higkeit, die eigenen inneren Kr\u00e4fte zu sp\u00fcren. Dieses psychische Potential k\u00f6nnen Sie nutzen, um Bewegung zu erzeugen. Entscheidungen werden Ihnen leichter fallen, wenn sinnliche Lust eine Initiative attraktiv erscheinen l\u00e4sst. Es ist spannend, wie die urt\u00fcmliche Botschaft im geheimnisvollen Duft dieser Aromapflanze den Suchenden oft ganz nebenbei die Motivation finden l\u00e4sst, die er f\u00fcr sein Handeln braucht.<\/p>\n<p>Aus -Die Pflanzenhelfer- \u00a9 Windpferd Verlag \/ Aitrang<\/p>\n","protected":false},"excerpt":{"rendered":"<p>Muskatnuss Pflanzenhelfer 30ml R\u00e4ucherwerk im Gl\u00e4schen<\/p>\n","protected":false},"featured_media":15833,"comment_status":"open","ping_status":"closed","template":"","meta":[],"product_brand":[],"product_cat":[232],"product_tag":[],"class_list":{"0":"post-9708","1":"product","2":"type-product","3":"status-publish","4":"has-post-thumbnail","6":"product_cat-raeucherwerk","7":"product_shipping_class-paket","8":"post-wrapper","9":"thrv_wrapper","11":"first","12":"instock","13":"sale","14":"taxable","15":"shipping-taxable","16":"purchasable","17":"product-type-simple"},"jetpack_sharing_enabled":true,"_links":{"self":[{"href":"https:\/\/www.ina-wissmann.de\/shop\/wp-json\/wp\/v2\/product\/9708","targetHints":{"allow":["GET"]}}],"collection":[{"href":"https:\/\/www.ina-wissmann.de\/shop\/wp-json\/wp\/v2\/product"}],"about":[{"href":"https:\/\/www.ina-wissmann.de\/shop\/wp-json\/wp\/v2\/types\/product"}],"replies":[{"embeddable":true,"href":"https:\/\/www.ina-wissmann.de\/shop\/wp-json\/wp\/v2\/comments?post=9708"}],"wp:featuredmedia":[{"embeddable":true,"href":"https:\/\/www.ina-wissmann.de\/shop\/wp-json\/wp\/v2\/media\/15833"}],"wp:attachment":[{"href":"https:\/\/www.ina-wissmann.de\/shop\/wp-json\/wp\/v2\/media?parent=9708"}],"wp:term":[{"taxonomy":"product_brand","embeddable":true,"href":"https:\/\/www.ina-wissmann.de\/shop\/wp-json\/wp\/v2\/product_brand?post=9708"},{"taxonomy":"product_cat","embeddable":true,"href":"https:\/\/www.ina-wissmann.de\/shop\/wp-json\/wp\/v2\/product_cat?post=9708"},{"taxonomy":"product_tag","embeddable":true,"href":"https:\/\/www.ina-wissmann.de\/shop\/wp-json\/wp\/v2\/product_tag?post=9708"}],"curies":[{"name":"wp","href":"https:\/\/api.w.org\/{rel}","templated":true}]}}