{"id":9707,"date":"2024-11-21T15:55:55","date_gmt":"2024-11-21T14:55:55","guid":{"rendered":"https:\/\/www.ina-wissmann.de\/shop\/?post_type=product&#038;p=9707"},"modified":"2024-12-13T16:40:54","modified_gmt":"2024-12-13T15:40:54","slug":"pfefferminze-pflanzenhelfer-raeucherwerk-im-30ml-glaeschen","status":"publish","type":"product","link":"https:\/\/www.ina-wissmann.de\/shop\/produkt\/pfefferminze-pflanzenhelfer-raeucherwerk-im-30ml-glaeschen\/","title":{"rendered":"Pfefferminze Pflanzenhelfer R\u00e4ucherwerk im 30ml Gl\u00e4schen"},"content":{"rendered":"<h1>Pfefferminze Pflanzenhelfer <small class=\"vc-product-subtitle\">30ml R\u00e4ucherwerk im Gl\u00e4schen<\/small><\/h1>\n<p>100% naturreines, pflanzliches R\u00e4uchermaterial. Per Hand bearbeitet und mit Duftbotschaft und Pflanzenhelfer-Bild auf dem Etikett als besonderes energetisches Attribut.<\/p>\n<p>Pfefferminze &#8211; Mentha piperita -Ansto\u00df zum Handeln- \/ Elementarkraft: LUFT \/ Schwerpunkt: K\u00d6RPER<\/p>\n<p>Bewahren Sie einen klaren Kopf und ruhig Blut, w\u00e4hrend Sie die Kraft im K\u00f6rper deutlich flie\u00dfen sp\u00fcren. Was eben noch diffus in Ihnen herumgeschwirrt ist, wird pl\u00f6tzlich zu konzentrierter Energie und kann die Z\u00fcndung eines neuen Prozesses bewirken. Die inneren Fenster werden aufgerissen. Bewegung und Ver\u00e4nderung schafft Pfefferminzduft am Tor der Kraft.<\/p>\n<p>Aus -Die Pflanzenhelfer- \u00a9 Windpferd Verlag \/ Aitrang<\/p>\n","protected":false},"excerpt":{"rendered":"<p>Pfefferminze Pflanzenhelfer 30ml R\u00e4ucherwerk im Gl\u00e4schen<\/p>\n","protected":false},"featured_media":15837,"comment_status":"open","ping_status":"closed","template":"","meta":[],"product_brand":[],"product_cat":[232],"product_tag":[],"class_list":{"0":"post-9707","1":"product","2":"type-product","3":"status-publish","4":"has-post-thumbnail","6":"product_cat-raeucherwerk","7":"product_shipping_class-paket","8":"post-wrapper","9":"thrv_wrapper","11":"first","12":"instock","13":"sale","14":"taxable","15":"shipping-taxable","16":"purchasable","17":"product-type-simple"},"jetpack_sharing_enabled":true,"_links":{"self":[{"href":"https:\/\/www.ina-wissmann.de\/shop\/wp-json\/wp\/v2\/product\/9707","targetHints":{"allow":["GET"]}}],"collection":[{"href":"https:\/\/www.ina-wissmann.de\/shop\/wp-json\/wp\/v2\/product"}],"about":[{"href":"https:\/\/www.ina-wissmann.de\/shop\/wp-json\/wp\/v2\/types\/product"}],"replies":[{"embeddable":true,"href":"https:\/\/www.ina-wissmann.de\/shop\/wp-json\/wp\/v2\/comments?post=9707"}],"wp:featuredmedia":[{"embeddable":true,"href":"https:\/\/www.ina-wissmann.de\/shop\/wp-json\/wp\/v2\/media\/15837"}],"wp:attachment":[{"href":"https:\/\/www.ina-wissmann.de\/shop\/wp-json\/wp\/v2\/media?parent=9707"}],"wp:term":[{"taxonomy":"product_brand","embeddable":true,"href":"https:\/\/www.ina-wissmann.de\/shop\/wp-json\/wp\/v2\/product_brand?post=9707"},{"taxonomy":"product_cat","embeddable":true,"href":"https:\/\/www.ina-wissmann.de\/shop\/wp-json\/wp\/v2\/product_cat?post=9707"},{"taxonomy":"product_tag","embeddable":true,"href":"https:\/\/www.ina-wissmann.de\/shop\/wp-json\/wp\/v2\/product_tag?post=9707"}],"curies":[{"name":"wp","href":"https:\/\/api.w.org\/{rel}","templated":true}]}}