{"id":9555,"date":"2022-07-25T22:49:05","date_gmt":"2022-07-25T20:49:05","guid":{"rendered":"https:\/\/www.ina-wissmann.de\/shop\/?post_type=product&#038;p=9555"},"modified":"2026-03-04T17:55:33","modified_gmt":"2026-03-04T16:55:33","slug":"lebenslagensteine-onlinekurs","status":"publish","type":"product","link":"https:\/\/www.ina-wissmann.de\/shop\/produkt\/lebenslagensteine-onlinekurs\/","title":{"rendered":"Heilsteine f\u00fcr alle Lebenslagen &#8211; Onlinekurs"},"content":{"rendered":"<h2><strong>Heilsteine f\u00fcr alle Lebenslagen \u2013 dein pers\u00f6nliches Heilstein-Training<\/strong><\/h2>\n<p>In diesem Selbstlernkurs lernst du, wie Heilsteine dich in unterschiedlichen Lebenssituationen begleiten und unterst\u00fctzen k\u00f6nnen.<br \/>\nViele Themen im Leben bringen Fragen, Zweifel oder emotionale Belastungen mit sich. Heilsteine k\u00f6nnen dir helfen, wieder mehr Klarheit, Vertrauen und innere Stabilit\u00e4t zu finden.<\/p>\n<p>In diesem Kurs stelle ich dir sechs verschiedene Heilsteine-Sets vor, die dich in wichtigen Lebensbereichen unterst\u00fctzen k\u00f6nnen:<\/p>\n<ul>\n<li>Selbstf\u00fcrsorge<\/li>\n<li>Partnerschaft &amp; Beziehungen<\/li>\n<li>Trauer &amp; Loslassen<\/li>\n<li>Wertsch\u00e4tzung &amp; Wohlstand<\/li>\n<li>Gesundheit &amp; Genesung<\/li>\n<li>Lebensfreude<\/li>\n<\/ul>\n<p>Zu jedem dieser Themen lernst du passende Heilsteine kennen und erf\u00e4hrst, wie du sie gezielt f\u00fcr deine pers\u00f6nliche Entwicklung einsetzen kannst.<\/p>\n<p>Dabei geht es nicht nur um einzelne Steine, sondern um ein ganzheitliches Anwendungskonzept. Du lernst, wie Heilsteine dich dabei unterst\u00fctzen k\u00f6nnen, hinderliche Glaubenss\u00e4tze, Selbstzweifel oder innere Blockaden zu erkennen und Schritt f\u00fcr Schritt zu ver\u00e4ndern.<\/p>\n<p>Die vorgestellten Sets sind Beispiele. Du kannst entweder mit diesen Steinen arbeiten oder das Gelernte auf deine eigenen Heilsteine \u00fcbertragen.<\/p>\n<p>Ein besonderer Schwerpunkt liegt darauf, deine Intuition mit in die Arbeit einzubeziehen. So lernst du, Heilsteine nicht nur als sch\u00f6ne Begleiter, sondern als bewusst eingesetztes Werkzeug f\u00fcr dein pers\u00f6nliches Wachstum zu nutzen.<\/p>\n<p>Das von mir entwickelte Konzept ist leicht verst\u00e4ndlich und einfach umzusetzen \u2013 auch dann, wenn du noch wenig Erfahrung mit Heilsteinen hast.<\/p>\n<h3>Das bekommst du im Kurs:<\/h3>\n<ul>\n<li>einen ausf\u00fchrlichen Videokurs mit Schritt-f\u00fcr-Schritt-Anleitung<\/li>\n<li>praktische Beispiele aus meiner Arbeit mit Klientinnen und Klienten<\/li>\n<li>konkrete Anleitungen, wie du die Steine f\u00fcr deine eigenen Themen einsetzen kannst<\/li>\n<\/ul>\n<h3>Nach der Buchung<\/h3>\n<p>Nach deiner Anmeldung erh\u00e4ltst du per E-Mail deine Zugangsdaten zum Mitgliederbereich. Dort kannst du sofort starten und den Kurs in deinem eigenen Tempo durcharbeiten.<\/p>\n<p>Dieser Kurs zeigt dir einen einfachen und gleichzeitig tiefgehenden Weg, Heilsteine bewusst f\u00fcr dein Leben zu nutzen \u2013 f\u00fcr mehr Klarheit, Vertrauen und innere Balance.<\/p>\n<p><strong>Heilsteine f\u00fcr alle Lebenslagen &#8211; dein pers\u00f6nliches Heilstein-Training!<\/strong><\/p>\n","protected":false},"excerpt":{"rendered":"<h2>Was ist drin f\u00fcr dich im Onlinekurs &#8220;Heilsteine f\u00fcr alle Lebenslagen&#8221;?<\/h2>\n<p>Dein Videokurs rund um die Anwendung von Heilsteinen als Aufstellungarbeit. Welche Steine du wof\u00fcr einsetzen kannst, l\u00e4sst sich \u00fcberall nachlesen. Aber wie wendest du sie an und worauf musst du achten? Das lernst du hier im Heilstein-Onlinekurs.<\/p>\n<p>Der Kurs ist ab 01. September 22\u00a0 online. Du kannst ihn zum Fr\u00fchbucherrabatt bereits jetzt bestellen und mit dem Kurs im August starten!<\/p>\n<p>&nbsp;<\/p>\n<p>&nbsp;<\/p>\n","protected":false},"featured_media":9750,"comment_status":"open","ping_status":"closed","template":"","meta":[],"product_brand":[],"product_cat":[527],"product_tag":[],"class_list":{"0":"post-9555","1":"product","2":"type-product","3":"status-publish","4":"has-post-thumbnail","6":"product_cat-heilsteine-wissen","7":"post-wrapper","8":"thrv_wrapper","10":"first","11":"instock","12":"virtual","13":"taxable","14":"purchasable","15":"product-type-simple"},"jetpack_sharing_enabled":true,"_links":{"self":[{"href":"https:\/\/www.ina-wissmann.de\/shop\/wp-json\/wp\/v2\/product\/9555","targetHints":{"allow":["GET"]}}],"collection":[{"href":"https:\/\/www.ina-wissmann.de\/shop\/wp-json\/wp\/v2\/product"}],"about":[{"href":"https:\/\/www.ina-wissmann.de\/shop\/wp-json\/wp\/v2\/types\/product"}],"replies":[{"embeddable":true,"href":"https:\/\/www.ina-wissmann.de\/shop\/wp-json\/wp\/v2\/comments?post=9555"}],"wp:featuredmedia":[{"embeddable":true,"href":"https:\/\/www.ina-wissmann.de\/shop\/wp-json\/wp\/v2\/media\/9750"}],"wp:attachment":[{"href":"https:\/\/www.ina-wissmann.de\/shop\/wp-json\/wp\/v2\/media?parent=9555"}],"wp:term":[{"taxonomy":"product_brand","embeddable":true,"href":"https:\/\/www.ina-wissmann.de\/shop\/wp-json\/wp\/v2\/product_brand?post=9555"},{"taxonomy":"product_cat","embeddable":true,"href":"https:\/\/www.ina-wissmann.de\/shop\/wp-json\/wp\/v2\/product_cat?post=9555"},{"taxonomy":"product_tag","embeddable":true,"href":"https:\/\/www.ina-wissmann.de\/shop\/wp-json\/wp\/v2\/product_tag?post=9555"}],"curies":[{"name":"wp","href":"https:\/\/api.w.org\/{rel}","templated":true}]}}