{"id":9275,"date":"2022-05-02T17:53:46","date_gmt":"2022-05-02T15:53:46","guid":{"rendered":"https:\/\/www.ina-wissmann.de\/shop\/?post_type=product&#038;p=9275"},"modified":"2025-08-29T11:00:40","modified_gmt":"2025-08-29T09:00:40","slug":"tuerkis-anhaenger-sleeping-beauty","status":"publish","type":"product","link":"https:\/\/www.ina-wissmann.de\/shop\/produkt\/tuerkis-anhaenger-sleeping-beauty\/","title":{"rendered":"T\u00fcrkis Anh\u00e4nger &#8220;Sleeping Beauty&#8221;"},"content":{"rendered":"<p>Traumhafte T\u00fcrkisanh\u00e4nger &#8220;Sleeping Beauty&#8221; gebohrt mit 4mm Lochbohrung, ca. 10-12g schwer und etwa 4cm gro\u00df<\/p>\n","protected":false},"excerpt":{"rendered":"<p>Wundersch\u00f6ne gebohrte Anh\u00e4nger aus Naturt\u00fcrkis der Sleeping Beauty Mine. T\u00fcrkis ist aufmunternd und ausgleichend<\/p>\n","protected":false},"featured_media":9276,"comment_status":"open","ping_status":"closed","template":"","meta":[],"product_brand":[],"product_cat":[262,185,179,318,263,636,275,271,272,697,305,317,377,765,652],"product_tag":[],"class_list":{"0":"post-9275","1":"product","2":"type-product","3":"status-publish","4":"has-post-thumbnail","6":"product_cat-edelsteine","7":"product_cat-anhaenger-blau","8":"product_cat-blau","9":"product_cat-blaue-heilsteine","10":"product_cat-edelsteine-a-z","11":"product_cat-edelsteine-nach-farben","12":"product_cat-fische-20-02-20-03","13":"product_cat-geburtssteine","14":"product_cat-geburtssteine-nach-sternzeichen","15":"product_cat-halschakra","16":"product_cat-heilsteine","17":"product_cat-heilsteine-nach-farben","18":"product_cat-neu-im-shop","19":"product_cat-spiritualitaet-wachstum","20":"product_cat-steine-mit-t","21":"product_shipping_class-paket","22":"post-wrapper","23":"thrv_wrapper","25":"first","26":"instock","27":"taxable","28":"shipping-taxable","29":"purchasable","30":"product-type-simple"},"jetpack_sharing_enabled":true,"_links":{"self":[{"href":"https:\/\/www.ina-wissmann.de\/shop\/wp-json\/wp\/v2\/product\/9275","targetHints":{"allow":["GET"]}}],"collection":[{"href":"https:\/\/www.ina-wissmann.de\/shop\/wp-json\/wp\/v2\/product"}],"about":[{"href":"https:\/\/www.ina-wissmann.de\/shop\/wp-json\/wp\/v2\/types\/product"}],"replies":[{"embeddable":true,"href":"https:\/\/www.ina-wissmann.de\/shop\/wp-json\/wp\/v2\/comments?post=9275"}],"wp:featuredmedia":[{"embeddable":true,"href":"https:\/\/www.ina-wissmann.de\/shop\/wp-json\/wp\/v2\/media\/9276"}],"wp:attachment":[{"href":"https:\/\/www.ina-wissmann.de\/shop\/wp-json\/wp\/v2\/media?parent=9275"}],"wp:term":[{"taxonomy":"product_brand","embeddable":true,"href":"https:\/\/www.ina-wissmann.de\/shop\/wp-json\/wp\/v2\/product_brand?post=9275"},{"taxonomy":"product_cat","embeddable":true,"href":"https:\/\/www.ina-wissmann.de\/shop\/wp-json\/wp\/v2\/product_cat?post=9275"},{"taxonomy":"product_tag","embeddable":true,"href":"https:\/\/www.ina-wissmann.de\/shop\/wp-json\/wp\/v2\/product_tag?post=9275"}],"curies":[{"name":"wp","href":"https:\/\/api.w.org\/{rel}","templated":true}]}}