{"id":9265,"date":"2022-05-01T20:18:37","date_gmt":"2022-05-01T18:18:37","guid":{"rendered":"https:\/\/www.ina-wissmann.de\/shop\/?post_type=product&#038;p=9265"},"modified":"2024-11-21T19:04:23","modified_gmt":"2024-11-21T18:04:23","slug":"crystal-grid-steineset","status":"publish","type":"product","link":"https:\/\/www.ina-wissmann.de\/shop\/produkt\/crystal-grid-steineset\/","title":{"rendered":"&#8220;Crystal Grid&#8221; Steineset"},"content":{"rendered":"<h4>Lieferumfang:<\/h4>\n<p>Das Set besteht aus einer gro\u00dfen Selenitplatte mit eingravierter Blume des Lebens (10cm), 14 kleinen Steinen verschiedener Sorten und einem Kristall zum energetisieren. Beim Kauf erh\u00e4ltst du eine Beschreibung, wie du das Set anwenden kannst.<\/p>\n<p>&nbsp;<\/p>\n<p><img decoding=\"async\" class=\"alignnone size-full wp-image-7437\" src=\"https:\/\/www.ina-wissmann.de\/shop\/wp-content\/uploads\/2020\/09\/Produkt-Tipp-Bild.png\" alt=\"Anwender Tipp f\u00fcr Produkte\" width=\"200\" height=\"200\" srcset=\"https:\/\/www.ina-wissmann.de\/shop\/wp-content\/uploads\/2020\/09\/Produkt-Tipp-Bild.png 200w, https:\/\/www.ina-wissmann.de\/shop\/wp-content\/uploads\/2020\/09\/Produkt-Tipp-Bild-150x150.png 150w, https:\/\/www.ina-wissmann.de\/shop\/wp-content\/uploads\/2020\/09\/Produkt-Tipp-Bild-100x100.png 100w\" sizes=\"(max-width: 200px) 100vw, 200px\" \/>Mein pers\u00f6nlicher Tipp f\u00fcr dich: Mit Crystal Grids kannst du energetisch arbeiten, um Blockaden zu l\u00f6sen oder Dinge energetisch in die Welt zu bringen.<\/p>\n","protected":false},"excerpt":{"rendered":"<p>Wundersch\u00f6n auch als Geschenk oder f\u00fcr deine pers\u00f6nliche Orakelarbeit.<\/p>\n<p>Mit dem Steineset bekommst du eine Beschreibung zur Anwendung der Steine mitgeliefert.<\/p>\n<p>&nbsp;<\/p>\n","protected":false},"featured_media":9262,"comment_status":"open","ping_status":"closed","template":"","meta":[],"product_brand":[],"product_cat":[310,768,383,377,765],"product_tag":[],"class_list":{"0":"post-9265","1":"product","2":"type-product","3":"status-publish","4":"has-post-thumbnail","6":"product_cat-edelsteine-sets","7":"product_cat-erfolg-neuanfang","8":"product_cat-lichtvolles-deko","9":"product_cat-neu-im-shop","10":"product_cat-spiritualitaet-wachstum","11":"post-wrapper","12":"thrv_wrapper","14":"first","15":"instock","16":"taxable","17":"shipping-taxable","18":"purchasable","19":"product-type-simple"},"jetpack_sharing_enabled":true,"_links":{"self":[{"href":"https:\/\/www.ina-wissmann.de\/shop\/wp-json\/wp\/v2\/product\/9265","targetHints":{"allow":["GET"]}}],"collection":[{"href":"https:\/\/www.ina-wissmann.de\/shop\/wp-json\/wp\/v2\/product"}],"about":[{"href":"https:\/\/www.ina-wissmann.de\/shop\/wp-json\/wp\/v2\/types\/product"}],"replies":[{"embeddable":true,"href":"https:\/\/www.ina-wissmann.de\/shop\/wp-json\/wp\/v2\/comments?post=9265"}],"wp:featuredmedia":[{"embeddable":true,"href":"https:\/\/www.ina-wissmann.de\/shop\/wp-json\/wp\/v2\/media\/9262"}],"wp:attachment":[{"href":"https:\/\/www.ina-wissmann.de\/shop\/wp-json\/wp\/v2\/media?parent=9265"}],"wp:term":[{"taxonomy":"product_brand","embeddable":true,"href":"https:\/\/www.ina-wissmann.de\/shop\/wp-json\/wp\/v2\/product_brand?post=9265"},{"taxonomy":"product_cat","embeddable":true,"href":"https:\/\/www.ina-wissmann.de\/shop\/wp-json\/wp\/v2\/product_cat?post=9265"},{"taxonomy":"product_tag","embeddable":true,"href":"https:\/\/www.ina-wissmann.de\/shop\/wp-json\/wp\/v2\/product_tag?post=9265"}],"curies":[{"name":"wp","href":"https:\/\/api.w.org\/{rel}","templated":true}]}}