{"id":9199,"date":"2024-11-21T15:55:36","date_gmt":"2024-11-21T14:55:36","guid":{"rendered":"https:\/\/www.ina-wissmann.de\/shop\/?post_type=product&#038;p=9199"},"modified":"2026-02-28T19:16:17","modified_gmt":"2026-02-28T18:16:17","slug":"notfall-steineset-mit-gaengigen-erste-hilfe-steinen","status":"publish","type":"product","link":"https:\/\/www.ina-wissmann.de\/shop\/produkt\/notfall-steineset-mit-gaengigen-erste-hilfe-steinen\/","title":{"rendered":"Notfall-Steineset mit g\u00e4ngigen Erste-Hilfe-Steinen"},"content":{"rendered":"<h4>Lieferumfang:<\/h4>\n<p> Das Set besteht aus je einem Trommelstein Rhodonit und Aventurin, einem Auflagestein schwarzer Turmalin (Sch\u00f6rl), einem gebohrten flachen Achat und Bergkristall, jeweils zum Auflegen oder Umh\u00e4ngen und einerm gebohrten Heliotrop zum anh\u00e4nger oder auch zur Wasserbereitung.<\/p>\n","protected":false},"excerpt":{"rendered":"<h3><\/h3>\n<p> &nbsp;<\/p>\n","protected":false},"featured_media":9204,"comment_status":"open","ping_status":"open","template":"","meta":[],"product_brand":[],"product_cat":[178,280,640,244],"product_tag":[],"class_list":{"0":"post-9199","1":"product","2":"type-product","3":"status-publish","4":"has-post-thumbnail","6":"product_cat-gruen","7":"product_cat-jungfrau-24-08-23-09","8":"product_cat-steine-mit-h","9":"product_cat-unkategorisiert","10":"product_shipping_class-paket","11":"post-wrapper","12":"thrv_wrapper","14":"first","15":"outofstock","16":"taxable","17":"shipping-taxable","18":"purchasable","19":"product-type-simple"},"jetpack_sharing_enabled":true,"_links":{"self":[{"href":"https:\/\/www.ina-wissmann.de\/shop\/wp-json\/wp\/v2\/product\/9199","targetHints":{"allow":["GET"]}}],"collection":[{"href":"https:\/\/www.ina-wissmann.de\/shop\/wp-json\/wp\/v2\/product"}],"about":[{"href":"https:\/\/www.ina-wissmann.de\/shop\/wp-json\/wp\/v2\/types\/product"}],"replies":[{"embeddable":true,"href":"https:\/\/www.ina-wissmann.de\/shop\/wp-json\/wp\/v2\/comments?post=9199"}],"wp:featuredmedia":[{"embeddable":true,"href":"https:\/\/www.ina-wissmann.de\/shop\/wp-json\/wp\/v2\/media\/9204"}],"wp:attachment":[{"href":"https:\/\/www.ina-wissmann.de\/shop\/wp-json\/wp\/v2\/media?parent=9199"}],"wp:term":[{"taxonomy":"product_brand","embeddable":true,"href":"https:\/\/www.ina-wissmann.de\/shop\/wp-json\/wp\/v2\/product_brand?post=9199"},{"taxonomy":"product_cat","embeddable":true,"href":"https:\/\/www.ina-wissmann.de\/shop\/wp-json\/wp\/v2\/product_cat?post=9199"},{"taxonomy":"product_tag","embeddable":true,"href":"https:\/\/www.ina-wissmann.de\/shop\/wp-json\/wp\/v2\/product_tag?post=9199"}],"curies":[{"name":"wp","href":"https:\/\/api.w.org\/{rel}","templated":true}]}}