{"id":9016,"date":"2021-12-15T21:17:04","date_gmt":"2021-12-15T20:17:04","guid":{"rendered":"https:\/\/www.ina-wissmann.de\/shop\/?post_type=product&#038;p=9016"},"modified":"2024-11-21T18:28:23","modified_gmt":"2024-11-21T17:28:23","slug":"rauhnachtmagie-steineset","status":"publish","type":"product","link":"https:\/\/www.ina-wissmann.de\/shop\/produkt\/rauhnachtmagie-steineset\/","title":{"rendered":"Rauhnachtmagie Steineset f\u00fcr die 12 heiligen N\u00e4chte"},"content":{"rendered":"<p>Sie unterst\u00fctzen dich bei allen t\u00e4glichen Rauhnacht-Themen.<\/p>\n<p>Wie du die Steine genau bei welchen Themen einsetzt, bekommst du als Info im Kurs.<\/p>\n<p>Diese Steine kannst du einsetzen, um deine Schattenseiten zu integrieren, mehr Disziplin f\u00fcr t\u00e4gliche Routinen aufzubauen oder auch einfach Dinge los zu lassen, die dir nicht f\u00f6rderlich sind.<\/p>\n<p>Ein <a href=\"https:\/\/www.ina-wissmann.de\/shop\/produkt\/raeucherset-rauhnachtmagie\/\">Rauhnachtmagie R\u00e4ucherset<\/a> ist ebenfalls inklusive.<\/p>\n<p>Bei Set-Kauf sparst du 20% gegen\u00fcber dem Einzelkauf. Alle Steine sind in unterschiedlichen Gr\u00f6\u00dfen auch einzeln erh\u00e4ltlich.<br \/>\nDie hier angebotenen Steine sind unterschiedlich gro\u00df und auch teilweise als Rohkristalle im Set enthalten. Im Schnitt sind sie 2,5 &#8211; 3 cm gro\u00df.<\/p>\n<p>(Die Steine sind \u00e4hnlich der Abbildung)<\/p>\n<p><strong>Dieses Set gilt in Verbindung mit dem <a href=\"https:\/\/www.ina-wissmann.de\/shop\/produkt\/rauhnachtmagie-onlinekurs\/\">RAUHNACHTMAGIE<\/a> Onlinekurs, da du dort t\u00e4glich die Erkl\u00e4rungen zur Wirkung, Bedeutung und Anwendung der Steine bekommst. Auch die Zusammenfassung am Ende bekommst du im Kurs!<\/strong><\/p>\n<p><strong>Lieferumfang:<\/strong><\/p>\n<p>Steineset f\u00fcr die Rauhn\u00e4chte bestehend aus 17 Steinen &amp; ein Rauhnachtmagie R\u00e4ucherset (Art.Nr. 8925) inklusive.<br \/>\nDie Erkl\u00e4rung zu den Steinen findest du im Kurs &#8220;Rauhnachtmagie&#8221;<\/p>\n<h4>Gr\u00f6\u00dfe:<\/h4>\n<p>Die Steine sind im Schnitt ca. 2,5 &#8211; 3 cm gro\u00df<\/p>\n<p>&nbsp;<\/p>\n","protected":false},"excerpt":{"rendered":"<h3>Beschreibung:<\/h3>\n<p>Jetzt sind sie wieder da, die magische Zeit der Rauhn\u00e4chte, in der die Schleier zur Anderswelt d\u00fcnner werden und du die Gelegenheit hast in der Zeit zwischen den Jahren deine Zukunft aktiv zu gestalten.<\/p>\n<p>Dieses Angebot steht in Verbindung zum <a href=\"https:\/\/www.ina-wissmann.de\/rauhnachtmagie\/\">Rauchnachtmagie Onlinekurs<\/a>, in dem ich dich durch diese intensive Zeit begleite.<\/p>\n<p>Um dich bei den Themen, die dir das Leben schwer machen, aus dem Steinreich unterst\u00fctzen zu lassen, kannst du dir dieses Set holen.<\/p>\n<p>Diese Steine k\u00f6nnen dich in den Themen der Rauhn\u00e4chte in meinem <a href=\"https:\/\/www.ina-wissmann.de\/shop\/produkt\/rauhnachtmagie-onlinekurs\/\">Onlinekurs Rauhnachtmagie<\/a> begleiten.<br \/>\nIm Kurs bekommst du t\u00e4gliche Impulse, welcher Stein dich wo unterst\u00fctzt. Zum Ende der Rauhn\u00e4chte bekommst du dann eine Zusammenfassung aller Steine und Themen<\/p>\n","protected":false},"featured_media":9024,"comment_status":"open","ping_status":"closed","template":"","meta":[],"product_brand":[],"product_cat":[310,262,768,377,387,766],"product_tag":[],"class_list":{"0":"post-9016","1":"product","2":"type-product","3":"status-publish","4":"has-post-thumbnail","6":"product_cat-edelsteine-sets","7":"product_cat-edelsteine","8":"product_cat-erfolg-neuanfang","9":"product_cat-neu-im-shop","10":"product_cat-rauhnaechte","11":"product_cat-wohlstand-fuelle","12":"product_shipping_class-paket","13":"post-wrapper","14":"thrv_wrapper","16":"first","17":"instock","18":"downloadable","19":"taxable","20":"shipping-taxable","21":"purchasable","22":"product-type-simple"},"jetpack_sharing_enabled":true,"_links":{"self":[{"href":"https:\/\/www.ina-wissmann.de\/shop\/wp-json\/wp\/v2\/product\/9016","targetHints":{"allow":["GET"]}}],"collection":[{"href":"https:\/\/www.ina-wissmann.de\/shop\/wp-json\/wp\/v2\/product"}],"about":[{"href":"https:\/\/www.ina-wissmann.de\/shop\/wp-json\/wp\/v2\/types\/product"}],"replies":[{"embeddable":true,"href":"https:\/\/www.ina-wissmann.de\/shop\/wp-json\/wp\/v2\/comments?post=9016"}],"wp:featuredmedia":[{"embeddable":true,"href":"https:\/\/www.ina-wissmann.de\/shop\/wp-json\/wp\/v2\/media\/9024"}],"wp:attachment":[{"href":"https:\/\/www.ina-wissmann.de\/shop\/wp-json\/wp\/v2\/media?parent=9016"}],"wp:term":[{"taxonomy":"product_brand","embeddable":true,"href":"https:\/\/www.ina-wissmann.de\/shop\/wp-json\/wp\/v2\/product_brand?post=9016"},{"taxonomy":"product_cat","embeddable":true,"href":"https:\/\/www.ina-wissmann.de\/shop\/wp-json\/wp\/v2\/product_cat?post=9016"},{"taxonomy":"product_tag","embeddable":true,"href":"https:\/\/www.ina-wissmann.de\/shop\/wp-json\/wp\/v2\/product_tag?post=9016"}],"curies":[{"name":"wp","href":"https:\/\/api.w.org\/{rel}","templated":true}]}}