{"id":8941,"date":"2024-11-21T15:57:17","date_gmt":"2024-11-21T14:57:17","guid":{"rendered":"https:\/\/www.ina-wissmann.de\/shop\/?post_type=product&#038;p=8941"},"modified":"2024-12-13T16:41:19","modified_gmt":"2024-12-13T15:41:19","slug":"segenreich-raeuchermischung-zur-segnung-30ml-glaeschen","status":"publish","type":"product","link":"https:\/\/www.ina-wissmann.de\/shop\/produkt\/segenreich-raeuchermischung-zur-segnung-30ml-glaeschen\/","title":{"rendered":"SegenReich &#8211; R\u00e4uchermischung zur Segnung 30ml Gl\u00e4schen"},"content":{"rendered":"<p>Zarte Mischung zur Segnung von R\u00e4umen und Dingen nach der Reinigung 30ml Glas mit Korken (ohne abgebildete Dekoschale)<\/p>\n","protected":false},"excerpt":{"rendered":"<p>Wundervoll samtige und herzige R\u00e4uchermischung, verf\u00fchrerisch mit Styrax, sanft mit Rosenbl\u00e4ttern und k\u00f6stichem, hellem Dammar Harz, dass seinen Lichtrahl wegweisend voraussendet. Diese R\u00e4uchermischung eignet sich hervorragend, R\u00e4ume nach der energetischen Reinigung zu segnen und einfach Danke zu sagen.<\/p>\n","protected":false},"featured_media":8972,"comment_status":"open","ping_status":"open","template":"","meta":[],"product_brand":[],"product_cat":[377,387,771,765],"product_tag":[],"class_list":{"0":"post-8941","1":"product","2":"type-product","3":"status-publish","4":"has-post-thumbnail","6":"product_cat-neu-im-shop","7":"product_cat-rauhnaechte","8":"product_cat-reinigung-klaerung","9":"product_cat-spiritualitaet-wachstum","10":"product_shipping_class-paket","11":"post-wrapper","12":"thrv_wrapper","14":"first","15":"instock","16":"taxable","17":"shipping-taxable","18":"purchasable","19":"product-type-simple"},"jetpack_sharing_enabled":true,"_links":{"self":[{"href":"https:\/\/www.ina-wissmann.de\/shop\/wp-json\/wp\/v2\/product\/8941","targetHints":{"allow":["GET"]}}],"collection":[{"href":"https:\/\/www.ina-wissmann.de\/shop\/wp-json\/wp\/v2\/product"}],"about":[{"href":"https:\/\/www.ina-wissmann.de\/shop\/wp-json\/wp\/v2\/types\/product"}],"replies":[{"embeddable":true,"href":"https:\/\/www.ina-wissmann.de\/shop\/wp-json\/wp\/v2\/comments?post=8941"}],"wp:featuredmedia":[{"embeddable":true,"href":"https:\/\/www.ina-wissmann.de\/shop\/wp-json\/wp\/v2\/media\/8972"}],"wp:attachment":[{"href":"https:\/\/www.ina-wissmann.de\/shop\/wp-json\/wp\/v2\/media?parent=8941"}],"wp:term":[{"taxonomy":"product_brand","embeddable":true,"href":"https:\/\/www.ina-wissmann.de\/shop\/wp-json\/wp\/v2\/product_brand?post=8941"},{"taxonomy":"product_cat","embeddable":true,"href":"https:\/\/www.ina-wissmann.de\/shop\/wp-json\/wp\/v2\/product_cat?post=8941"},{"taxonomy":"product_tag","embeddable":true,"href":"https:\/\/www.ina-wissmann.de\/shop\/wp-json\/wp\/v2\/product_tag?post=8941"}],"curies":[{"name":"wp","href":"https:\/\/api.w.org\/{rel}","templated":true}]}}