{"id":8926,"date":"2024-11-21T15:26:48","date_gmt":"2024-11-21T14:26:48","guid":{"rendered":"https:\/\/www.ina-wissmann.de\/shop\/?post_type=product&#038;p=8926"},"modified":"2024-11-21T18:30:00","modified_gmt":"2024-11-21T17:30:00","slug":"altarset-mit-heilsteinen-raeucherset-vollmondritual-2","status":"publish","type":"product","link":"https:\/\/www.ina-wissmann.de\/shop\/produkt\/altarset-mit-heilsteinen-raeucherset-vollmondritual-2\/","title":{"rendered":"Altarset mit Heilsteinen, R\u00e4ucherset &#038; Vollmondritual"},"content":{"rendered":"<h4>Lieferumfang:<\/h4>\n<p> Das Set besteht aus einer Muschel, Quarzsand, einem Salbeismudge, einem Gl\u00fcckskiesel, einem Traumf\u00e4nger, einem Lederbeutel mit 4 Steinen (Rosenquarz, Bergkristall, schwarzer Turmalin, Amethyst) sowie einem Vollmondritual bestehend aus einer Kerze mit integriertem Mondstein und einer Ritualbeschreibung.  &nbsp;  &nbsp;  <img class=size-full wp-image-8591 alignleft src=https:\/\/www.ina-wissmann.de\/shop\/wp-content\/uploads\/2021\/11\/Rauhnacht-Bild-rund.jpg alt= width=250 height=250 \/>Mein pers\u00f6nlicher Tipp f\u00fcr dich: Verteile die Steine auf deinem Kraftplatz, den du dir f\u00fcr deine Ritualarbeit hergerichtet hast in die Himmelsrichtungen. Nutze dir Kerze mit dem beschriebenen Ritual beim n\u00e4chsten Vollmond. Danach kannst du sie f\u00fcr deinen Kraftplatz oder Altar weiterverweden, vielleicht mit einem Teelicht.<\/p>\n","protected":false},"excerpt":{"rendered":"<h3>Beschreibung:<\/h3>\n<p> Das Set besteht aus einer Muschel, Quarzsand, einem Salbeismudge, einem Gl\u00fcckskiesel, einem Traumf\u00e4nger, einem Lederbeutel mit 4 Steinen (Rosenquarz, Bergkristall, schwarzer Turmalin, Amethyst) sowie einem Vollmondritual bestehend aus einer Kerze mit integriertem Mondstein und einer Ritualbeschreibung.  Rosenquarz ist der Stein der Gef\u00fchle, bringt dich an deine eigene Empfindsamkeit, und hilft Gef\u00fchle zu verarbeiten. Bergkristall steht f\u00fcr Klarheit und Neutralit\u00e4t und bringt neue Energie. Schwarzer Turmalin zum Schutz vor fremder Energie. Amethyst sorgt f\u00fcr inneren Frieden, Harmonie und Gelassenheit.  Die Muschel ist ein besonders sch\u00f6nes R\u00e4uchergef\u00e4\u00df. Durch sie f\u00fcgst du deinem R\u00e4ucherritual das Element Wasser hinzu \u2013 so vereinst Du den Wind mit dem Gl\u00fchen des Feuers und dem Rauschen des Wassers. Mehrfach gut geeignet f\u00fcr deine t\u00e4gliche R\u00e4ucherung auch w\u00e4hrend der Rauhn\u00e4chte.  Du kannst die Kr\u00e4uter direkt auf dem Quarzsand entz\u00fcnden, die Muschel liegt dabei gut in der Hand und wird nicht sehr hei\u00df. So kannst du dich oder deine R\u00e4ume abr\u00e4uchern und die aromatischen D\u00fcfte der R\u00e4ucherung genie\u00dfen, ohne dass Glut auf den Boden f\u00e4llt.  Das Vollmondritual ist einzigartig, die Kerze mit Mondstein wundersch\u00f6n gefertigt und die Ritualbeschreibung unterst\u00fctzt dich in deinem Vollmondritual.  Wundersch\u00f6n auch als Geschenk oder f\u00fcr deine pers\u00f6nliche R\u00e4ucherung.  &nbsp;<\/p>\n","protected":false},"featured_media":8924,"comment_status":"open","ping_status":"open","template":"","meta":[],"product_brand":[],"product_cat":[337,232,387,771],"product_tag":[],"class_list":{"0":"post-8926","1":"product","2":"type-product","3":"status-publish","4":"has-post-thumbnail","6":"product_cat-energie-intuition","7":"product_cat-raeucherwerk","8":"product_cat-rauhnaechte","9":"product_cat-reinigung-klaerung","10":"product_shipping_class-paket","11":"post-wrapper","12":"thrv_wrapper","14":"first","15":"instock","16":"taxable","17":"shipping-taxable","18":"purchasable","19":"product-type-simple"},"jetpack_sharing_enabled":true,"_links":{"self":[{"href":"https:\/\/www.ina-wissmann.de\/shop\/wp-json\/wp\/v2\/product\/8926","targetHints":{"allow":["GET"]}}],"collection":[{"href":"https:\/\/www.ina-wissmann.de\/shop\/wp-json\/wp\/v2\/product"}],"about":[{"href":"https:\/\/www.ina-wissmann.de\/shop\/wp-json\/wp\/v2\/types\/product"}],"replies":[{"embeddable":true,"href":"https:\/\/www.ina-wissmann.de\/shop\/wp-json\/wp\/v2\/comments?post=8926"}],"wp:featuredmedia":[{"embeddable":true,"href":"https:\/\/www.ina-wissmann.de\/shop\/wp-json\/wp\/v2\/media\/8924"}],"wp:attachment":[{"href":"https:\/\/www.ina-wissmann.de\/shop\/wp-json\/wp\/v2\/media?parent=8926"}],"wp:term":[{"taxonomy":"product_brand","embeddable":true,"href":"https:\/\/www.ina-wissmann.de\/shop\/wp-json\/wp\/v2\/product_brand?post=8926"},{"taxonomy":"product_cat","embeddable":true,"href":"https:\/\/www.ina-wissmann.de\/shop\/wp-json\/wp\/v2\/product_cat?post=8926"},{"taxonomy":"product_tag","embeddable":true,"href":"https:\/\/www.ina-wissmann.de\/shop\/wp-json\/wp\/v2\/product_tag?post=8926"}],"curies":[{"name":"wp","href":"https:\/\/api.w.org\/{rel}","templated":true}]}}