{"id":8904,"date":"2021-11-27T22:23:53","date_gmt":"2021-11-27T21:23:53","guid":{"rendered":"https:\/\/www.ina-wissmann.de\/shop\/?post_type=product&#038;p=8904"},"modified":"2022-12-27T11:31:14","modified_gmt":"2022-12-27T10:31:14","slug":"raeucherkohle","status":"publish","type":"product","link":"https:\/\/www.ina-wissmann.de\/shop\/produkt\/raeucherkohle\/","title":{"rendered":"R\u00e4ucherkohle"},"content":{"rendered":"<h4>Lieferumfang:<\/h4>\n<p>1 Rolle Kohletabs mit 10 St\u00fcck Schnellanz\u00fcnderkohle<\/p>\n<p>&nbsp;<\/p>\n<p style=\"text-align: left;\"><em><img decoding=\"async\" class=\"size-full wp-image-8591 alignleft\" src=\"https:\/\/www.ina-wissmann.de\/shop\/wp-content\/uploads\/2021\/11\/Rauhnacht-Bild-rund.jpg\" alt=\"\" width=\"250\" height=\"250\" srcset=\"https:\/\/www.ina-wissmann.de\/shop\/wp-content\/uploads\/2021\/11\/Rauhnacht-Bild-rund.jpg 250w, https:\/\/www.ina-wissmann.de\/shop\/wp-content\/uploads\/2021\/11\/Rauhnacht-Bild-rund-150x150.jpg 150w, https:\/\/www.ina-wissmann.de\/shop\/wp-content\/uploads\/2021\/11\/Rauhnacht-Bild-rund-100x100.jpg 100w\" sizes=\"(max-width: 250px) 100vw, 250px\" \/><\/em>Tipp: Am besten l\u00e4sst du sie mit der Zange \u00fcber der Kerze durchgl\u00fchen<\/p>\n","protected":false},"excerpt":{"rendered":"<h3>Beschreibung:<\/h3>\n<p>Die Schnellz\u00fcnderkohle in Tablettenform, mit einer Mulde in der Mitte, wird mit der Zange gehalten, \u00fcber z.B. einer Kerze entz\u00fcndet und in das R\u00e4uchergef\u00e4\u00df gesetzt. Nach 5-10 Minuten ist sie durchgegl\u00fcht (wei\u00dflich) und kann ca. 40 Minuten mit R\u00e4ucherstoffen zum Verglimmen belegt werden.<\/p>\n<p>&nbsp;<\/p>\n","protected":false},"featured_media":8892,"comment_status":"open","ping_status":"closed","template":"","meta":[],"product_brand":[],"product_cat":[232],"product_tag":[],"class_list":{"0":"post-8904","1":"product","2":"type-product","3":"status-publish","4":"has-post-thumbnail","6":"product_cat-raeucherwerk","7":"product_shipping_class-paket","8":"post-wrapper","9":"thrv_wrapper","11":"first","12":"instock","13":"taxable","14":"shipping-taxable","15":"purchasable","16":"product-type-simple"},"jetpack_sharing_enabled":true,"_links":{"self":[{"href":"https:\/\/www.ina-wissmann.de\/shop\/wp-json\/wp\/v2\/product\/8904","targetHints":{"allow":["GET"]}}],"collection":[{"href":"https:\/\/www.ina-wissmann.de\/shop\/wp-json\/wp\/v2\/product"}],"about":[{"href":"https:\/\/www.ina-wissmann.de\/shop\/wp-json\/wp\/v2\/types\/product"}],"replies":[{"embeddable":true,"href":"https:\/\/www.ina-wissmann.de\/shop\/wp-json\/wp\/v2\/comments?post=8904"}],"wp:featuredmedia":[{"embeddable":true,"href":"https:\/\/www.ina-wissmann.de\/shop\/wp-json\/wp\/v2\/media\/8892"}],"wp:attachment":[{"href":"https:\/\/www.ina-wissmann.de\/shop\/wp-json\/wp\/v2\/media?parent=8904"}],"wp:term":[{"taxonomy":"product_brand","embeddable":true,"href":"https:\/\/www.ina-wissmann.de\/shop\/wp-json\/wp\/v2\/product_brand?post=8904"},{"taxonomy":"product_cat","embeddable":true,"href":"https:\/\/www.ina-wissmann.de\/shop\/wp-json\/wp\/v2\/product_cat?post=8904"},{"taxonomy":"product_tag","embeddable":true,"href":"https:\/\/www.ina-wissmann.de\/shop\/wp-json\/wp\/v2\/product_tag?post=8904"}],"curies":[{"name":"wp","href":"https:\/\/api.w.org\/{rel}","templated":true}]}}