{"id":8852,"date":"2024-11-21T15:54:12","date_gmt":"2024-11-21T14:54:12","guid":{"rendered":"https:\/\/www.ina-wissmann.de\/shop\/?post_type=product&#038;p=8852"},"modified":"2024-12-13T16:40:23","modified_gmt":"2024-12-13T15:40:23","slug":"hypersthen-anhaenger-tropfenform-gebohrt-gr-l","status":"publish","type":"product","link":"https:\/\/www.ina-wissmann.de\/shop\/produkt\/hypersthen-anhaenger-tropfenform-gebohrt-gr-l\/","title":{"rendered":"Hypersthen Anh\u00e4nger Tropfenform gebohrt Gr.L"},"content":{"rendered":"<p>Hypersthen Anh\u00e4nger in Tropfenform gebohrt , ca. 3cm gro\u00df<\/p>\n","protected":false},"excerpt":{"rendered":"<p>Wundersch\u00f6nen tropfenf\u00f6rmige Anh\u00e4nger aus Hypersthen f\u00fcrs Lederband  Hypersthen steht f\u00fcr Augewogenheit. Er gibt dir Energie f\u00fcr mehr Dymamik und auch Ausgeglichenheit. So findest du das richtiger Ma\u00df an Ausgeglichenheit und Ruhe.<\/p>\n","protected":false},"featured_media":8849,"comment_status":"open","ping_status":"open","template":"","meta":[],"product_brand":[],"product_cat":[262,263,305,317,184],"product_tag":[],"class_list":{"0":"post-8852","1":"product","2":"type-product","3":"status-publish","4":"has-post-thumbnail","6":"product_cat-edelsteine","7":"product_cat-edelsteine-a-z","8":"product_cat-heilsteine","9":"product_cat-heilsteine-nach-farben","10":"product_cat-schwarz","11":"product_shipping_class-paket","12":"post-wrapper","13":"thrv_wrapper","15":"first","16":"instock","17":"taxable","18":"shipping-taxable","19":"purchasable","20":"product-type-simple"},"jetpack_sharing_enabled":true,"_links":{"self":[{"href":"https:\/\/www.ina-wissmann.de\/shop\/wp-json\/wp\/v2\/product\/8852","targetHints":{"allow":["GET"]}}],"collection":[{"href":"https:\/\/www.ina-wissmann.de\/shop\/wp-json\/wp\/v2\/product"}],"about":[{"href":"https:\/\/www.ina-wissmann.de\/shop\/wp-json\/wp\/v2\/types\/product"}],"replies":[{"embeddable":true,"href":"https:\/\/www.ina-wissmann.de\/shop\/wp-json\/wp\/v2\/comments?post=8852"}],"wp:featuredmedia":[{"embeddable":true,"href":"https:\/\/www.ina-wissmann.de\/shop\/wp-json\/wp\/v2\/media\/8849"}],"wp:attachment":[{"href":"https:\/\/www.ina-wissmann.de\/shop\/wp-json\/wp\/v2\/media?parent=8852"}],"wp:term":[{"taxonomy":"product_brand","embeddable":true,"href":"https:\/\/www.ina-wissmann.de\/shop\/wp-json\/wp\/v2\/product_brand?post=8852"},{"taxonomy":"product_cat","embeddable":true,"href":"https:\/\/www.ina-wissmann.de\/shop\/wp-json\/wp\/v2\/product_cat?post=8852"},{"taxonomy":"product_tag","embeddable":true,"href":"https:\/\/www.ina-wissmann.de\/shop\/wp-json\/wp\/v2\/product_tag?post=8852"}],"curies":[{"name":"wp","href":"https:\/\/api.w.org\/{rel}","templated":true}]}}