{"id":8648,"date":"2024-11-21T15:56:10","date_gmt":"2024-11-21T14:56:10","guid":{"rendered":"https:\/\/www.ina-wissmann.de\/shop\/?post_type=product&#038;p=8648"},"modified":"2024-12-13T16:41:01","modified_gmt":"2024-12-13T15:41:01","slug":"raeucherset-salbei-mit-muschel-quarzsand-und-salbeismudge-klein","status":"publish","type":"product","link":"https:\/\/www.ina-wissmann.de\/shop\/produkt\/raeucherset-salbei-mit-muschel-quarzsand-und-salbeismudge-klein\/","title":{"rendered":"R\u00e4ucherset Salbei mit Muschel, Quarzsand und Salbeismudge klein"},"content":{"rendered":"<h4>Lieferumfang:<\/h4>\n<p> Das Set besteht aus einer Muschel, Quarzsand und einem kleinen Salbei Smudge. <\/p>\n<h4>Gr\u00f6\u00dfe &amp; Gewicht:<\/h4>\n<p> Ca. 400 g inkl. Muschel und Sand  &nbsp;  &nbsp;  <img class=alignnone size-full wp-image-8591 src=https:\/\/www.ina-wissmann.de\/shop\/wp-content\/uploads\/2021\/11\/Rauhnacht-Bild-rund.jpg alt= width=250 height=250 \/><\/p>\n","protected":false},"excerpt":{"rendered":"<h3>Beschreibung:<\/h3>\n<p> R\u00e4ucherset Salbei mit Muschel, Quarzsand und Salbeismudge klein.  Mehrfach gut geeignet f\u00fcr deine t\u00e4gliche R\u00e4ucherung und w\u00e4hrend der Rauhn\u00e4chte.  Die Muschel ist ein besonders sch\u00f6nes R\u00e4uchergef\u00e4\u00df. Durch sie f\u00fcgst du deinem R\u00e4ucherritual das Element Wasser hinzu \u2013 so vereinst Du den Wind mit dem Gl\u00fchen des Feuers und dem Rauschen des Wassers.  Du kannst die Kr\u00e4uter direkt auf dem Quarzsand entz\u00fcnden oder den Smudge direkt entz\u00fcnden. Die Muschel liegt dabei gut in der Hand und wird nicht sehr hei\u00df. So kannst du dich oder deine R\u00e4ume abr\u00e4uchern und die aromatischen D\u00fcfte der R\u00e4ucherung genie\u00dfen, ohne dass Glut auf den Boden f\u00e4llt.  St\u00e4rke mit Hilfe des Salbeirauchs deine Konzentration, deine Energie und Wachheit und erfrische deinen Geist. Salbei wirkt des Weiteren reinigend, desinfizierend, erk\u00e4ltungshemmend und luftreinigend. Genie\u00dfe seinen herben, w\u00fcrzig-frischen Duft. nWenn du es zu deinem t\u00e4glichen Ritual machen m\u00f6chtest, empfehle ich, eine Stange R\u00e4ucherkohle dazuzukaufen. Du findest Sie hier: https:\/\/www.ina-wissmann.de\/shop\/produkt\/raeucherkohle\/ Wundersch\u00f6n auch als Geschenk oder f\u00fcr deine pers\u00f6nliche R\u00e4ucherung.  &nbsp;<\/p>\n","protected":false},"featured_media":8827,"comment_status":"open","ping_status":"open","template":"","meta":[],"product_brand":[],"product_cat":[337,232,387,771,765],"product_tag":[],"class_list":{"0":"post-8648","1":"product","2":"type-product","3":"status-publish","4":"has-post-thumbnail","6":"product_cat-energie-intuition","7":"product_cat-raeucherwerk","8":"product_cat-rauhnaechte","9":"product_cat-reinigung-klaerung","10":"product_cat-spiritualitaet-wachstum","11":"product_shipping_class-paket","12":"post-wrapper","13":"thrv_wrapper","15":"first","16":"instock","17":"taxable","18":"shipping-taxable","19":"purchasable","20":"product-type-simple"},"jetpack_sharing_enabled":true,"_links":{"self":[{"href":"https:\/\/www.ina-wissmann.de\/shop\/wp-json\/wp\/v2\/product\/8648","targetHints":{"allow":["GET"]}}],"collection":[{"href":"https:\/\/www.ina-wissmann.de\/shop\/wp-json\/wp\/v2\/product"}],"about":[{"href":"https:\/\/www.ina-wissmann.de\/shop\/wp-json\/wp\/v2\/types\/product"}],"replies":[{"embeddable":true,"href":"https:\/\/www.ina-wissmann.de\/shop\/wp-json\/wp\/v2\/comments?post=8648"}],"wp:featuredmedia":[{"embeddable":true,"href":"https:\/\/www.ina-wissmann.de\/shop\/wp-json\/wp\/v2\/media\/8827"}],"wp:attachment":[{"href":"https:\/\/www.ina-wissmann.de\/shop\/wp-json\/wp\/v2\/media?parent=8648"}],"wp:term":[{"taxonomy":"product_brand","embeddable":true,"href":"https:\/\/www.ina-wissmann.de\/shop\/wp-json\/wp\/v2\/product_brand?post=8648"},{"taxonomy":"product_cat","embeddable":true,"href":"https:\/\/www.ina-wissmann.de\/shop\/wp-json\/wp\/v2\/product_cat?post=8648"},{"taxonomy":"product_tag","embeddable":true,"href":"https:\/\/www.ina-wissmann.de\/shop\/wp-json\/wp\/v2\/product_tag?post=8648"}],"curies":[{"name":"wp","href":"https:\/\/api.w.org\/{rel}","templated":true}]}}