{"id":8547,"date":"2024-11-21T15:55:55","date_gmt":"2024-11-21T14:55:55","guid":{"rendered":"https:\/\/www.ina-wissmann.de\/shop\/?post_type=product&#038;p=8547"},"modified":"2024-12-13T16:40:55","modified_gmt":"2024-12-13T15:40:55","slug":"pinolith-trommelstein-gr-l","status":"publish","type":"product","link":"https:\/\/www.ina-wissmann.de\/shop\/produkt\/pinolith-trommelstein-gr-l\/","title":{"rendered":"Pinolith Trommelstein Gr.L"},"content":{"rendered":"<h4>Herkunft:<\/h4>\n<p> \u00d6sterreich <\/p>\n<h4>Lieferumfang:<\/h4>\n<p> Bei Bestellung bekommst du einen der abgebildeten Steine. <\/p>\n<h4>Gr\u00f6\u00dfe &amp; Gewicht:<\/h4>\n<p> Ca. 2,5-3 cm an der breitesten Stelle  Edelsteine sind ein Naturprodukt und k\u00f6nnen Farbabweichungen und nat\u00fcrliche Risse an der Oberfl\u00e4che haben. Dies ist unvermeidlich, da nat\u00fcrlich entstanden. Trotz sorgf\u00e4ltiger Schleifarbeit kommt es zu unterschiedlichen Oberfl\u00e4chen und Polituren. Bitte ber\u00fccksichtige das bei deinem Einkauf. Du erwirbst ein Naturprodukt, wo keines so ist, wie das andere!  Mineralogisch ist der Pinolith eine Mischung aus Magnesit, Dolomit und Graphit.  &nbsp;<\/p>\n","protected":false},"excerpt":{"rendered":"<h3>Beschreibung:<\/h3>\n<p> Pinoliht Trommelstein poliert <\/p>\n<h3>Bedeutung:<\/h3>\n<p> Pinolith ist der ideale Stein, um den Sinn des Lebens zu entdecken, in die Ruhe zu finden und in dir und deinem Inneren f\u00fcr Ruhe und Klarheit zu sorgen.<\/p>\n","protected":false},"featured_media":8494,"comment_status":"open","ping_status":"open","template":"","meta":[],"product_brand":[],"product_cat":[262,263,759,305,317,174],"product_tag":[],"class_list":{"0":"post-8547","1":"product","2":"type-product","3":"status-publish","4":"has-post-thumbnail","6":"product_cat-edelsteine","7":"product_cat-edelsteine-a-z","8":"product_cat-l","9":"product_cat-heilsteine","10":"product_cat-heilsteine-nach-farben","11":"product_cat-weiss","12":"product_shipping_class-paket","13":"post-wrapper","14":"thrv_wrapper","16":"first","17":"instock","18":"taxable","19":"shipping-taxable","20":"purchasable","21":"product-type-simple"},"jetpack_sharing_enabled":true,"_links":{"self":[{"href":"https:\/\/www.ina-wissmann.de\/shop\/wp-json\/wp\/v2\/product\/8547","targetHints":{"allow":["GET"]}}],"collection":[{"href":"https:\/\/www.ina-wissmann.de\/shop\/wp-json\/wp\/v2\/product"}],"about":[{"href":"https:\/\/www.ina-wissmann.de\/shop\/wp-json\/wp\/v2\/types\/product"}],"replies":[{"embeddable":true,"href":"https:\/\/www.ina-wissmann.de\/shop\/wp-json\/wp\/v2\/comments?post=8547"}],"wp:featuredmedia":[{"embeddable":true,"href":"https:\/\/www.ina-wissmann.de\/shop\/wp-json\/wp\/v2\/media\/8494"}],"wp:attachment":[{"href":"https:\/\/www.ina-wissmann.de\/shop\/wp-json\/wp\/v2\/media?parent=8547"}],"wp:term":[{"taxonomy":"product_brand","embeddable":true,"href":"https:\/\/www.ina-wissmann.de\/shop\/wp-json\/wp\/v2\/product_brand?post=8547"},{"taxonomy":"product_cat","embeddable":true,"href":"https:\/\/www.ina-wissmann.de\/shop\/wp-json\/wp\/v2\/product_cat?post=8547"},{"taxonomy":"product_tag","embeddable":true,"href":"https:\/\/www.ina-wissmann.de\/shop\/wp-json\/wp\/v2\/product_tag?post=8547"}],"curies":[{"name":"wp","href":"https:\/\/api.w.org\/{rel}","templated":true}]}}