{"id":8469,"date":"2024-11-21T15:58:55","date_gmt":"2024-11-21T14:58:55","guid":{"rendered":"https:\/\/www.ina-wissmann.de\/shop\/?post_type=product&#038;p=8469"},"modified":"2025-05-03T17:40:58","modified_gmt":"2025-05-03T15:40:58","slug":"versteinetes-holz-kleine-astscheiben-poliert-gr-m-l","status":"publish","type":"product","link":"https:\/\/www.ina-wissmann.de\/shop\/produkt\/versteinetes-holz-kleine-astscheiben-poliert-gr-m-l\/","title":{"rendered":"Versteinetes Holz &#8211; kleine Astscheiben poliert Gr.M-L"},"content":{"rendered":"<h4>Herkunft:<\/h4>\n<p> Indonesien <\/p>\n<h4>Lieferumfang:<\/h4>\n<p> Bei Bestellung bekommst du einen der abgebildeten Steine. <\/p>\n<h4>Gr\u00f6\u00dfe &amp; Gewicht:<\/h4>\n<p> Ca. 2-3 cm im gr\u00f6\u00dften Durchmesser, ca. 7-12 g  Edelsteine sind ein Naturprodukt und k\u00f6nnen Farbabweichungen und nat\u00fcrliche Risse an der Oberfl\u00e4che haben. Dies ist unvermeidlich, da nat\u00fcrlich entstanden. Trotz sorgf\u00e4ltiger Schleifarbeit kommt es zu unterschiedlichen Oberfl\u00e4chen und Polituren. Bitte ber\u00fccksichtige das bei deinem Einkauf. Du erwirbst ein Naturprodukt, wo keines so ist, wie das andere!  <em><img class=size-full wp-image-7409 alignleft src=https:\/\/www.ina-wissmann.de\/shop\/wp-content\/uploads\/2021\/06\/SHop-Produkt-Anwender-Tipp-Bild.jpg alt= width=200 height=200 \/><\/em>  &nbsp;  &nbsp;  Versteinertes Holz kannst du dir unter die F\u00fc\u00dfe legen, wenn du dich schlecht geerdet f\u00fchlst! Das geht wunderbar, wenn du gerade entspannst z.B. mit einer Holzscheibe in der Socke \ud83d\ude42<\/p>\n","protected":false},"excerpt":{"rendered":"<h2>Beschreibung:<\/h2>\n<p> Versteinertes Holz kleine Astscheibe, roh, einseitig anpoliert  Versteinerte H\u00f6lzer verleihen mehr Bodenhaftung, lassen dich mit beiden Beinen fest auf dem Boden der Realit\u00e4t ankommen und helfen dir, dich zu verwurzeln.  &nbsp;<\/p>\n","protected":false},"featured_media":8153,"comment_status":"open","ping_status":"open","template":"","meta":[],"product_brand":[],"product_cat":[181,262,263,305,317],"product_tag":[],"class_list":{"0":"post-8469","1":"product","2":"type-product","3":"status-publish","4":"has-post-thumbnail","6":"product_cat-bunt","7":"product_cat-edelsteine","8":"product_cat-edelsteine-a-z","9":"product_cat-heilsteine","10":"product_cat-heilsteine-nach-farben","11":"product_shipping_class-paket","12":"post-wrapper","13":"thrv_wrapper","15":"first","16":"instock","17":"taxable","18":"shipping-taxable","19":"purchasable","20":"product-type-simple"},"jetpack_sharing_enabled":true,"_links":{"self":[{"href":"https:\/\/www.ina-wissmann.de\/shop\/wp-json\/wp\/v2\/product\/8469","targetHints":{"allow":["GET"]}}],"collection":[{"href":"https:\/\/www.ina-wissmann.de\/shop\/wp-json\/wp\/v2\/product"}],"about":[{"href":"https:\/\/www.ina-wissmann.de\/shop\/wp-json\/wp\/v2\/types\/product"}],"replies":[{"embeddable":true,"href":"https:\/\/www.ina-wissmann.de\/shop\/wp-json\/wp\/v2\/comments?post=8469"}],"wp:featuredmedia":[{"embeddable":true,"href":"https:\/\/www.ina-wissmann.de\/shop\/wp-json\/wp\/v2\/media\/8153"}],"wp:attachment":[{"href":"https:\/\/www.ina-wissmann.de\/shop\/wp-json\/wp\/v2\/media?parent=8469"}],"wp:term":[{"taxonomy":"product_brand","embeddable":true,"href":"https:\/\/www.ina-wissmann.de\/shop\/wp-json\/wp\/v2\/product_brand?post=8469"},{"taxonomy":"product_cat","embeddable":true,"href":"https:\/\/www.ina-wissmann.de\/shop\/wp-json\/wp\/v2\/product_cat?post=8469"},{"taxonomy":"product_tag","embeddable":true,"href":"https:\/\/www.ina-wissmann.de\/shop\/wp-json\/wp\/v2\/product_tag?post=8469"}],"curies":[{"name":"wp","href":"https:\/\/api.w.org\/{rel}","templated":true}]}}