{"id":8225,"date":"2024-11-21T15:55:19","date_gmt":"2024-11-21T14:55:19","guid":{"rendered":"https:\/\/www.ina-wissmann.de\/shop\/?post_type=product&#038;p=8225"},"modified":"2024-12-13T16:40:45","modified_gmt":"2024-12-13T15:40:45","slug":"mookait-anhaenger-gebohrt","status":"publish","type":"product","link":"https:\/\/www.ina-wissmann.de\/shop\/produkt\/mookait-anhaenger-gebohrt\/","title":{"rendered":"Mookait Anh\u00e4nger gebohrt"},"content":{"rendered":"<h4>Herkunft:<\/h4>\n<p> Australien <\/p>\n<h4> Lieferumfang:<\/h4>\n<p> Unikat &#8211; Bei Bestellung bekommst du genau diesen abgebildeten Stein. <\/p>\n<h4>Gr\u00f6\u00dfe &amp; Gewicht:<\/h4>\n<p> Ca. 3,2 cm an der l\u00e4ngsten Stelle; Mookait ist oft mehrfarbig rot, gelb, beige &#8211; hier bekommst du eine rote Farbvariante  Mookait Trommelstein gebohrt  Edelsteine sind ein Naturprodukt und k\u00f6nnen Farbabweichungen und nat\u00fcrliche Risse an der Oberfl\u00e4che haben. Dies ist unvermeidlich, da nat\u00fcrlich entstanden. Trotz sorgf\u00e4ltiger Schleifarbeit kommt es zu unterschiedlichen Oberfl\u00e4chen und Polituren. Bitte ber\u00fccksichtige das bei deinem Einkauf. Du erwirbst ein Naturprodukt, wo keines so ist, wie das andere!  Mineralogisch ist der Mookait ein Jaspis-Opal-Gemenge und hat eine gro\u00dfe Farbvielfalt.<\/p>\n","protected":false},"excerpt":{"rendered":"<h3>Beschreibung:<\/h3>\n<p> Mookait Trommelstein poliert und gebohrt. Mit Lederband als Anh\u00e4nger zu tragen  Mookait regt an, Erfahrung zu beleben und zu vertiefen. Er bringt Abwechslung und mehr Flexibilit\u00e4t ins Leben.<\/p>\n","protected":false},"featured_media":8176,"comment_status":"open","ping_status":"open","template":"","meta":[],"product_brand":[],"product_cat":[262,263,305,317,177],"product_tag":[],"class_list":{"0":"post-8225","1":"product","2":"type-product","3":"status-publish","4":"has-post-thumbnail","6":"product_cat-edelsteine","7":"product_cat-edelsteine-a-z","8":"product_cat-heilsteine","9":"product_cat-heilsteine-nach-farben","10":"product_cat-rot","11":"product_shipping_class-paket","12":"post-wrapper","13":"thrv_wrapper","15":"first","16":"instock","17":"taxable","18":"shipping-taxable","19":"purchasable","20":"product-type-simple"},"jetpack_sharing_enabled":true,"_links":{"self":[{"href":"https:\/\/www.ina-wissmann.de\/shop\/wp-json\/wp\/v2\/product\/8225","targetHints":{"allow":["GET"]}}],"collection":[{"href":"https:\/\/www.ina-wissmann.de\/shop\/wp-json\/wp\/v2\/product"}],"about":[{"href":"https:\/\/www.ina-wissmann.de\/shop\/wp-json\/wp\/v2\/types\/product"}],"replies":[{"embeddable":true,"href":"https:\/\/www.ina-wissmann.de\/shop\/wp-json\/wp\/v2\/comments?post=8225"}],"wp:featuredmedia":[{"embeddable":true,"href":"https:\/\/www.ina-wissmann.de\/shop\/wp-json\/wp\/v2\/media\/8176"}],"wp:attachment":[{"href":"https:\/\/www.ina-wissmann.de\/shop\/wp-json\/wp\/v2\/media?parent=8225"}],"wp:term":[{"taxonomy":"product_brand","embeddable":true,"href":"https:\/\/www.ina-wissmann.de\/shop\/wp-json\/wp\/v2\/product_brand?post=8225"},{"taxonomy":"product_cat","embeddable":true,"href":"https:\/\/www.ina-wissmann.de\/shop\/wp-json\/wp\/v2\/product_cat?post=8225"},{"taxonomy":"product_tag","embeddable":true,"href":"https:\/\/www.ina-wissmann.de\/shop\/wp-json\/wp\/v2\/product_tag?post=8225"}],"curies":[{"name":"wp","href":"https:\/\/api.w.org\/{rel}","templated":true}]}}