{"id":8224,"date":"2024-11-21T15:55:19","date_gmt":"2024-11-21T14:55:19","guid":{"rendered":"https:\/\/www.ina-wissmann.de\/shop\/?post_type=product&#038;p=8224"},"modified":"2024-12-13T16:40:46","modified_gmt":"2024-12-13T15:40:46","slug":"mookait-gebohrt-oval-gr-xl","status":"publish","type":"product","link":"https:\/\/www.ina-wissmann.de\/shop\/produkt\/mookait-gebohrt-oval-gr-xl\/","title":{"rendered":"Mookait gebohrt oval Gr.XL"},"content":{"rendered":"<h4>Herkunft:<\/h4>\n<p> Australien <\/p>\n<h4> Lieferumfang:<\/h4>\n<p> Bei Bestellung bekommst du einen dieser abgebildeten Steine. <\/p>\n<h4>Gr\u00f6\u00dfe &amp; Gewicht:<\/h4>\n<p> Ca. 4 cm an der l\u00e4ngsten Stelle; Mookait ist oft mehrfarbig rot, gelb, beige &#8211; hier bekommst du eine recht r\u00f6tlich bunte Farbvariante, wie abgebildet.  Mookait Oval geschliffen, gebohrt  Edelsteine sind ein Naturprodukt und k\u00f6nnen Farbabweichungen und nat\u00fcrliche Risse an der Oberfl\u00e4che haben. Dies ist unvermeidlich, da nat\u00fcrlich entstanden. Trotz sorgf\u00e4ltiger Schleifarbeit kommt es zu unterschiedlichen Oberfl\u00e4chen und Polituren. Bitte ber\u00fccksichtige das bei deinem Einkauf. Du erwirbst ein Naturprodukt, wo keines so ist, wie das andere!  Mineralogisch ist der Mookait ein Jaspis-Opal-Gemenge und hat eine gro\u00dfe Farbvielfalt.<\/p>\n","protected":false},"excerpt":{"rendered":"<h3>Beschreibung:<\/h3>\n<p> Mookait Anh\u00e4nger flach, oval, poliert und gelocht f\u00fcr Lederband oder Silberkette  <span style=display: inline !important; float: none; background-color: #ffffff; color: #333333; cursor: text; font-family: Georgia,'Times New Roman','Bitstream Charter',Times,serif; font-size: 16px; font-style: normal; font-variant: normal; font-weight: 400; letter-spacing: normal; orphans: 2; text-align: left; text-decoration: none; text-indent: 0px; text-transform: none; -webkit-text-stroke-width: 0px; white-space: normal; word-spacing: 0px;>Unterst\u00fctzt die Vielfalt der Erfahrungen und intensiviert sie. Er bringt Abwechslung und mehr Flexibilit\u00e4t ins Leben.<\/span><\/p>\n","protected":false},"featured_media":8178,"comment_status":"open","ping_status":"open","template":"","meta":[],"product_brand":[],"product_cat":[181,262,263,305,317,177],"product_tag":[],"class_list":{"0":"post-8224","1":"product","2":"type-product","3":"status-publish","4":"has-post-thumbnail","6":"product_cat-bunt","7":"product_cat-edelsteine","8":"product_cat-edelsteine-a-z","9":"product_cat-heilsteine","10":"product_cat-heilsteine-nach-farben","11":"product_cat-rot","12":"product_shipping_class-paket","13":"post-wrapper","14":"thrv_wrapper","16":"first","17":"instock","18":"taxable","19":"shipping-taxable","20":"purchasable","21":"product-type-simple"},"jetpack_sharing_enabled":true,"_links":{"self":[{"href":"https:\/\/www.ina-wissmann.de\/shop\/wp-json\/wp\/v2\/product\/8224","targetHints":{"allow":["GET"]}}],"collection":[{"href":"https:\/\/www.ina-wissmann.de\/shop\/wp-json\/wp\/v2\/product"}],"about":[{"href":"https:\/\/www.ina-wissmann.de\/shop\/wp-json\/wp\/v2\/types\/product"}],"replies":[{"embeddable":true,"href":"https:\/\/www.ina-wissmann.de\/shop\/wp-json\/wp\/v2\/comments?post=8224"}],"wp:featuredmedia":[{"embeddable":true,"href":"https:\/\/www.ina-wissmann.de\/shop\/wp-json\/wp\/v2\/media\/8178"}],"wp:attachment":[{"href":"https:\/\/www.ina-wissmann.de\/shop\/wp-json\/wp\/v2\/media?parent=8224"}],"wp:term":[{"taxonomy":"product_brand","embeddable":true,"href":"https:\/\/www.ina-wissmann.de\/shop\/wp-json\/wp\/v2\/product_brand?post=8224"},{"taxonomy":"product_cat","embeddable":true,"href":"https:\/\/www.ina-wissmann.de\/shop\/wp-json\/wp\/v2\/product_cat?post=8224"},{"taxonomy":"product_tag","embeddable":true,"href":"https:\/\/www.ina-wissmann.de\/shop\/wp-json\/wp\/v2\/product_tag?post=8224"}],"curies":[{"name":"wp","href":"https:\/\/api.w.org\/{rel}","templated":true}]}}