{"id":8220,"date":"2021-10-27T11:40:15","date_gmt":"2021-10-27T09:40:15","guid":{"rendered":"https:\/\/www.ina-wissmann.de\/shop\/?post_type=product&#038;p=8220"},"modified":"2024-10-16T07:47:28","modified_gmt":"2024-10-16T05:47:28","slug":"stilbit-trommelstein","status":"publish","type":"product","link":"https:\/\/www.ina-wissmann.de\/shop\/produkt\/stilbit-trommelstein\/","title":{"rendered":"Stilbit Trommelstein"},"content":{"rendered":"<h4>Herkunft:<\/h4>\n<p>Indien<\/p>\n<h4>Lieferumfang:<\/h4>\n<p>Bei Bestellung bekommst du einen der abgebildeten Steine.<\/p>\n<h4>Gr\u00f6\u00dfe &amp; Gewicht:<\/h4>\n<p>Ca. 3cm die Form ist recht kugelig, Stilbit geh\u00f6rt zur Familie der Zeolith-Mineralien<\/p>\n<p>Edelsteine sind ein Naturprodukt und k\u00f6nnen Farbabweichungen und nat\u00fcrliche Risse an der Oberfl\u00e4che haben. Dies ist unvermeidlich, da nat\u00fcrlich entstanden. Trotz sorgf\u00e4ltiger Schleifarbeit kommt es zu unterschiedlichen Oberfl\u00e4chen und Polituren. Bitte ber\u00fccksichtige das bei deinem Einkauf. Du erwirbst ein Naturprodukt, wo keines so ist, wie das andere!<\/p>\n","protected":false},"excerpt":{"rendered":"<h3>Beschreibung:<\/h3>\n<p>Stilbit Trommelstein poliert<\/p>\n<p>Dieser seltene Stein hilft dir, sanfter mit dir selbst und anderen umzugehen und deinen Visionen zu folgen<\/p>\n<p>&nbsp;<\/p>\n","protected":false},"featured_media":8060,"comment_status":"open","ping_status":"closed","template":"","meta":[],"product_brand":[],"product_cat":[262,263,636,207,305,317,176,328,651],"product_tag":[],"class_list":{"0":"post-8220","1":"product","2":"type-product","3":"status-publish","4":"has-post-thumbnail","6":"product_cat-edelsteine","7":"product_cat-edelsteine-a-z","8":"product_cat-edelsteine-nach-farben","9":"product_cat-handschmeichler-orange","10":"product_cat-heilsteine","11":"product_cat-heilsteine-nach-farben","12":"product_cat-orange-heilsteine-kaufen-hebt-die-stimmung-und-macht-froehlich","13":"product_cat-orange-heilsteine","14":"product_cat-steine-mit-s","15":"product_shipping_class-paket","16":"post-wrapper","17":"thrv_wrapper","19":"first","20":"instock","21":"taxable","22":"shipping-taxable","23":"purchasable","24":"product-type-simple"},"jetpack_sharing_enabled":true,"_links":{"self":[{"href":"https:\/\/www.ina-wissmann.de\/shop\/wp-json\/wp\/v2\/product\/8220","targetHints":{"allow":["GET"]}}],"collection":[{"href":"https:\/\/www.ina-wissmann.de\/shop\/wp-json\/wp\/v2\/product"}],"about":[{"href":"https:\/\/www.ina-wissmann.de\/shop\/wp-json\/wp\/v2\/types\/product"}],"replies":[{"embeddable":true,"href":"https:\/\/www.ina-wissmann.de\/shop\/wp-json\/wp\/v2\/comments?post=8220"}],"wp:featuredmedia":[{"embeddable":true,"href":"https:\/\/www.ina-wissmann.de\/shop\/wp-json\/wp\/v2\/media\/8060"}],"wp:attachment":[{"href":"https:\/\/www.ina-wissmann.de\/shop\/wp-json\/wp\/v2\/media?parent=8220"}],"wp:term":[{"taxonomy":"product_brand","embeddable":true,"href":"https:\/\/www.ina-wissmann.de\/shop\/wp-json\/wp\/v2\/product_brand?post=8220"},{"taxonomy":"product_cat","embeddable":true,"href":"https:\/\/www.ina-wissmann.de\/shop\/wp-json\/wp\/v2\/product_cat?post=8220"},{"taxonomy":"product_tag","embeddable":true,"href":"https:\/\/www.ina-wissmann.de\/shop\/wp-json\/wp\/v2\/product_tag?post=8220"}],"curies":[{"name":"wp","href":"https:\/\/api.w.org\/{rel}","templated":true}]}}