{"id":8218,"date":"2024-11-21T15:58:21","date_gmt":"2024-11-21T14:58:21","guid":{"rendered":"https:\/\/www.ina-wissmann.de\/shop\/?post_type=product&#038;p=8218"},"modified":"2024-12-13T16:41:51","modified_gmt":"2024-12-13T15:41:51","slug":"turitella-jaspis-trommelstein-gr-l","status":"publish","type":"product","link":"https:\/\/www.ina-wissmann.de\/shop\/produkt\/turitella-jaspis-trommelstein-gr-l\/","title":{"rendered":"Turitella-Jaspis Trommelstein Gr.L"},"content":{"rendered":"<h4>Herkunft:<\/h4>\n<p> Wyoming \/ USA <\/p>\n<h4>Lieferumfang:<\/h4>\n<p> Bei Bestellung bekommst du einen der abgebildeten Steine. <\/p>\n<h3>Gr\u00f6\u00dfe &amp; Gewicht:<\/h3>\n<p> Ca. 3-4cm an der l\u00e4ngsten Stelle  Edelstein sind ein Naturprodukt und k\u00f6nnen Farbabweichungen und nat\u00fcrliche Risse an der Oberfl\u00e4che haben. Dies ist unvermeidlich, da nat\u00fcrlich entstanden. Trotz sorgf\u00e4ltiger Schleifarbeit kommt es zu unterschiedlichen Oberfl\u00e4chen und Polituren. Bitte ber\u00fccksichtige das bei deinem Einkauf. Du erwirbst ein Naturprodukt, wo keines so ist, wie das andere!  Mineralogisch ist der Turitella-Jaspis ein Jaspis aus fossilen abgestorbenen Schneckenh\u00e4usern, der aus braunem Tongestein entstanden ist.  <em><img class=size-full wp-image-7409 alignleft src=https:\/\/www.ina-wissmann.de\/shop\/wp-content\/uploads\/2021\/06\/SHop-Produkt-Anwender-Tipp-Bild.jpg alt= width=200 height=200 \/><\/em>  &nbsp;  &nbsp;  Der Turitella-Jaspis l\u00e4sst dich deine Ziele nach vorn bringen &#8211; hab ihn bei deiner t\u00e4glichen Meditation bei dir!<\/p>\n","protected":false},"excerpt":{"rendered":"<h3>Beschreibung:<\/h3>\n<p> Turitella Jaspis Trommelsteine poliert; jeder Stein ist besonders und ein Unikat. An der Oberfl\u00e4che kannst du die fossilen Schneckenh\u00e4user gut erkennen.  Dieser besondere Jaspis hilft dir, Schuldgef\u00fchle zu \u00dcberwinden. Er l\u00e4sst dich deine Ziele im Auge behalten und dich darauf besinnen. Ein sch\u00f6ner Stein f\u00fcr den inneren R\u00fcckzug, um kraftvoll wieder aufzutauchen.<\/p>\n","protected":false},"featured_media":8162,"comment_status":"open","ping_status":"open","template":"","meta":[],"product_brand":[],"product_cat":[182,329,262,263,189,652],"product_tag":[],"class_list":{"0":"post-8218","1":"product","2":"type-product","3":"status-publish","4":"has-post-thumbnail","6":"product_cat-braun","7":"product_cat-braune-heilsteine","8":"product_cat-edelsteine","9":"product_cat-edelsteine-a-z","10":"product_cat-handschmeichler-braun","11":"product_cat-steine-mit-t","12":"product_shipping_class-paket","13":"post-wrapper","14":"thrv_wrapper","16":"first","17":"instock","18":"taxable","19":"shipping-taxable","20":"purchasable","21":"product-type-simple"},"jetpack_sharing_enabled":true,"_links":{"self":[{"href":"https:\/\/www.ina-wissmann.de\/shop\/wp-json\/wp\/v2\/product\/8218","targetHints":{"allow":["GET"]}}],"collection":[{"href":"https:\/\/www.ina-wissmann.de\/shop\/wp-json\/wp\/v2\/product"}],"about":[{"href":"https:\/\/www.ina-wissmann.de\/shop\/wp-json\/wp\/v2\/types\/product"}],"replies":[{"embeddable":true,"href":"https:\/\/www.ina-wissmann.de\/shop\/wp-json\/wp\/v2\/comments?post=8218"}],"wp:featuredmedia":[{"embeddable":true,"href":"https:\/\/www.ina-wissmann.de\/shop\/wp-json\/wp\/v2\/media\/8162"}],"wp:attachment":[{"href":"https:\/\/www.ina-wissmann.de\/shop\/wp-json\/wp\/v2\/media?parent=8218"}],"wp:term":[{"taxonomy":"product_brand","embeddable":true,"href":"https:\/\/www.ina-wissmann.de\/shop\/wp-json\/wp\/v2\/product_brand?post=8218"},{"taxonomy":"product_cat","embeddable":true,"href":"https:\/\/www.ina-wissmann.de\/shop\/wp-json\/wp\/v2\/product_cat?post=8218"},{"taxonomy":"product_tag","embeddable":true,"href":"https:\/\/www.ina-wissmann.de\/shop\/wp-json\/wp\/v2\/product_tag?post=8218"}],"curies":[{"name":"wp","href":"https:\/\/api.w.org\/{rel}","templated":true}]}}