{"id":8211,"date":"2024-11-21T15:26:48","date_gmt":"2024-11-21T14:26:48","guid":{"rendered":"https:\/\/www.ina-wissmann.de\/shop\/?post_type=product&#038;p=8211"},"modified":"2024-11-21T15:26:50","modified_gmt":"2024-11-21T14:26:50","slug":"achat-jumbo-trommelstein-2","status":"publish","type":"product","link":"https:\/\/www.ina-wissmann.de\/shop\/produkt\/achat-jumbo-trommelstein-2\/","title":{"rendered":"Achat Jumbo Trommelstein"},"content":{"rendered":"<h4>Lieferumfang:<\/h4>\n<p> Bei Bestellung bekommst du einen der abgebildeten Steine. <\/p>\n<h4>Gr\u00f6\u00dfe &amp; Gewicht:<\/h4>\n<p> Ca. 35-50gm, etwa 3-5 cm gro\u00df  Edelsteine sind ein Naturprodukt und k\u00f6nnen Farbabweichungen und nat\u00fcrliche Risse an der Oberfl\u00e4che haben. Dies ist unvermeidlich, da nat\u00fcrlich entstanden. Trotz sorgf\u00e4ltiger Schleifarbeit kommt es zu unterschiedlichen Oberfl\u00e4chen und Polituren. Bitte ber\u00fccksichtige das bei deinem Einkauf. Du erwirbst ein Naturprodukt, wo keines so ist, wie das andere.<\/p>\n","protected":false},"excerpt":{"rendered":"<h3>Beschreibung:<\/h3>\n<p> Achat Trommelsteine poliert <\/p>\n<h3>Bedeutung:<\/h3>\n<p> Achat steht f\u00fcr Stabilit\u00e4t und Schutz und Sicherheit. Dieser gro\u00dfen Trommelsteine haben einen gro\u00dfen Chalcedonanteil und sind ganz zart geb\u00e4ndert. Jeder scheint seinen eigenen Charakter zu haben. Sie sind teilweise braun und auch grau geb\u00e4ndert.<\/p>\n","protected":false},"featured_media":8140,"comment_status":"open","ping_status":"open","template":"","meta":[],"product_brand":[],"product_cat":[262,263,271,305,317,174],"product_tag":[],"class_list":{"0":"post-8211","1":"product","2":"type-product","3":"status-publish","4":"has-post-thumbnail","6":"product_cat-edelsteine","7":"product_cat-edelsteine-a-z","8":"product_cat-geburtssteine","9":"product_cat-heilsteine","10":"product_cat-heilsteine-nach-farben","11":"product_cat-weiss","12":"product_shipping_class-paket","13":"post-wrapper","14":"thrv_wrapper","16":"first","17":"instock","18":"taxable","19":"shipping-taxable","20":"purchasable","21":"product-type-simple"},"jetpack_sharing_enabled":true,"_links":{"self":[{"href":"https:\/\/www.ina-wissmann.de\/shop\/wp-json\/wp\/v2\/product\/8211","targetHints":{"allow":["GET"]}}],"collection":[{"href":"https:\/\/www.ina-wissmann.de\/shop\/wp-json\/wp\/v2\/product"}],"about":[{"href":"https:\/\/www.ina-wissmann.de\/shop\/wp-json\/wp\/v2\/types\/product"}],"replies":[{"embeddable":true,"href":"https:\/\/www.ina-wissmann.de\/shop\/wp-json\/wp\/v2\/comments?post=8211"}],"wp:featuredmedia":[{"embeddable":true,"href":"https:\/\/www.ina-wissmann.de\/shop\/wp-json\/wp\/v2\/media\/8140"}],"wp:attachment":[{"href":"https:\/\/www.ina-wissmann.de\/shop\/wp-json\/wp\/v2\/media?parent=8211"}],"wp:term":[{"taxonomy":"product_brand","embeddable":true,"href":"https:\/\/www.ina-wissmann.de\/shop\/wp-json\/wp\/v2\/product_brand?post=8211"},{"taxonomy":"product_cat","embeddable":true,"href":"https:\/\/www.ina-wissmann.de\/shop\/wp-json\/wp\/v2\/product_cat?post=8211"},{"taxonomy":"product_tag","embeddable":true,"href":"https:\/\/www.ina-wissmann.de\/shop\/wp-json\/wp\/v2\/product_tag?post=8211"}],"curies":[{"name":"wp","href":"https:\/\/api.w.org\/{rel}","templated":true}]}}