{"id":8103,"date":"2024-11-21T15:54:55","date_gmt":"2024-11-21T14:54:55","guid":{"rendered":"https:\/\/www.ina-wissmann.de\/shop\/?post_type=product&#038;p=8103"},"modified":"2025-05-24T08:00:48","modified_gmt":"2025-05-24T06:00:48","slug":"malachit-trommelstein-gr-xxl","status":"publish","type":"product","link":"https:\/\/www.ina-wissmann.de\/shop\/produkt\/malachit-trommelstein-gr-xxl\/","title":{"rendered":"Malachit Trommelstein Gr.XXL"},"content":{"rendered":"<p>Malachit Trommelsteine, ca. 3,5-4cm Gr.XXL Tolle Zeichnungen, super Farbe<\/p>\n","protected":false},"excerpt":{"rendered":"<p>Malachit Trommelsteine, ca. 3,5-4cm gro\u00dfe Ausf\u00fchrung , sch\u00f6ne Signatur Ein Stein mit Tiefgang, der dich an die Tiefe deiner Gef\u00fchle heranbringt und dir das Visualisieren erleichtert. Er f\u00f6rdert die Entschlusskraft und wird gern als Geburtshelferstein genommen, auch im \u00fcbertragenen Sinne. Malachit unterst\u00fctzt bei Entgiftung und Ents\u00e4uerung. Kann bei Frauenproblemen und Kr\u00e4mpfen mildernd eingesetzt werden. Beim Kauf bekommst du eine \u00e4hnlichen Stein wie abgebildet! Bild folgt in K\u00fcrze Gr\u00f6\u00dfe ca. 2,5-3cm, Herkunft: Kongo<\/p>\n","protected":false},"featured_media":16793,"comment_status":"open","ping_status":"open","template":"","meta":[],"product_brand":[],"product_cat":[262,263,271,178,305,317,755,274,646,279,283],"product_tag":[],"class_list":{"0":"post-8103","1":"product","2":"type-product","3":"status-publish","4":"has-post-thumbnail","6":"product_cat-edelsteine","7":"product_cat-edelsteine-a-z","8":"product_cat-geburtssteine","9":"product_cat-gruen","10":"product_cat-heilsteine","11":"product_cat-heilsteine-nach-farben","12":"product_cat-herzchakra","13":"product_cat-skorpion-24-10-22-11","14":"product_cat-steine-mit-m","15":"product_cat-stier-21-04-20-05","16":"product_cat-waage-24-09-23-10","17":"product_shipping_class-paket","18":"post-wrapper","19":"thrv_wrapper","21":"first","22":"instock","23":"taxable","24":"shipping-taxable","25":"purchasable","26":"product-type-simple"},"jetpack_sharing_enabled":true,"_links":{"self":[{"href":"https:\/\/www.ina-wissmann.de\/shop\/wp-json\/wp\/v2\/product\/8103","targetHints":{"allow":["GET"]}}],"collection":[{"href":"https:\/\/www.ina-wissmann.de\/shop\/wp-json\/wp\/v2\/product"}],"about":[{"href":"https:\/\/www.ina-wissmann.de\/shop\/wp-json\/wp\/v2\/types\/product"}],"replies":[{"embeddable":true,"href":"https:\/\/www.ina-wissmann.de\/shop\/wp-json\/wp\/v2\/comments?post=8103"}],"wp:featuredmedia":[{"embeddable":true,"href":"https:\/\/www.ina-wissmann.de\/shop\/wp-json\/wp\/v2\/media\/16793"}],"wp:attachment":[{"href":"https:\/\/www.ina-wissmann.de\/shop\/wp-json\/wp\/v2\/media?parent=8103"}],"wp:term":[{"taxonomy":"product_brand","embeddable":true,"href":"https:\/\/www.ina-wissmann.de\/shop\/wp-json\/wp\/v2\/product_brand?post=8103"},{"taxonomy":"product_cat","embeddable":true,"href":"https:\/\/www.ina-wissmann.de\/shop\/wp-json\/wp\/v2\/product_cat?post=8103"},{"taxonomy":"product_tag","embeddable":true,"href":"https:\/\/www.ina-wissmann.de\/shop\/wp-json\/wp\/v2\/product_tag?post=8103"}],"curies":[{"name":"wp","href":"https:\/\/api.w.org\/{rel}","templated":true}]}}