{"id":8085,"date":"2024-11-21T15:54:12","date_gmt":"2024-11-21T14:54:12","guid":{"rendered":"https:\/\/www.ina-wissmann.de\/shop\/?post_type=product&#038;p=8085"},"modified":"2026-03-22T13:06:36","modified_gmt":"2026-03-22T12:06:36","slug":"heliotrop-ohroliven","status":"publish","type":"product","link":"https:\/\/www.ina-wissmann.de\/shop\/produkt\/heliotrop-ohroliven\/","title":{"rendered":"Heliotrop Ohroliven"},"content":{"rendered":"<p>Heliotrop Ohroliven St\u00e4rkt den Immunschutz<\/p>\n","protected":false},"excerpt":{"rendered":"<p>Heliotrop Ohroliven werden so oft wie m\u00f6glich, am besten \u00fcber Nacht, jeweils in 1 Ohr gesteckt. Heliotrop lindert Entz\u00fcndungen und st\u00e4rkt das Immunsystem. Er soll angew\u00e4rmt (in der Hand halten und kr\u00e4ftig anhauchen) in die Ohrmuschel gelegt werden, nicht in den Geh\u00f6rgang einstecken!! Der kleine Faden dient dazu, den Stein wieder aus dem Ohr zu entfernen. Bei Bestellung \u00fcber den Shop bekommst du ein entsprechendes Paar.<\/p>\n","protected":false},"featured_media":16137,"comment_status":"open","ping_status":"closed","template":"","meta":[],"product_brand":[],"product_cat":[262,263,275,271,178,305,317,280,640],"product_tag":[],"class_list":{"0":"post-8085","1":"product","2":"type-product","3":"status-publish","4":"has-post-thumbnail","6":"product_cat-edelsteine","7":"product_cat-edelsteine-a-z","8":"product_cat-fische-20-02-20-03","9":"product_cat-geburtssteine","10":"product_cat-gruen","11":"product_cat-heilsteine","12":"product_cat-heilsteine-nach-farben","13":"product_cat-jungfrau-24-08-23-09","14":"product_cat-steine-mit-h","15":"product_shipping_class-paket","16":"post-wrapper","17":"thrv_wrapper","19":"first","20":"instock","21":"taxable","22":"shipping-taxable","23":"purchasable","24":"product-type-simple"},"jetpack_sharing_enabled":true,"_links":{"self":[{"href":"https:\/\/www.ina-wissmann.de\/shop\/wp-json\/wp\/v2\/product\/8085","targetHints":{"allow":["GET"]}}],"collection":[{"href":"https:\/\/www.ina-wissmann.de\/shop\/wp-json\/wp\/v2\/product"}],"about":[{"href":"https:\/\/www.ina-wissmann.de\/shop\/wp-json\/wp\/v2\/types\/product"}],"replies":[{"embeddable":true,"href":"https:\/\/www.ina-wissmann.de\/shop\/wp-json\/wp\/v2\/comments?post=8085"}],"wp:featuredmedia":[{"embeddable":true,"href":"https:\/\/www.ina-wissmann.de\/shop\/wp-json\/wp\/v2\/media\/16137"}],"wp:attachment":[{"href":"https:\/\/www.ina-wissmann.de\/shop\/wp-json\/wp\/v2\/media?parent=8085"}],"wp:term":[{"taxonomy":"product_brand","embeddable":true,"href":"https:\/\/www.ina-wissmann.de\/shop\/wp-json\/wp\/v2\/product_brand?post=8085"},{"taxonomy":"product_cat","embeddable":true,"href":"https:\/\/www.ina-wissmann.de\/shop\/wp-json\/wp\/v2\/product_cat?post=8085"},{"taxonomy":"product_tag","embeddable":true,"href":"https:\/\/www.ina-wissmann.de\/shop\/wp-json\/wp\/v2\/product_tag?post=8085"}],"curies":[{"name":"wp","href":"https:\/\/api.w.org\/{rel}","templated":true}]}}