{"id":8047,"date":"2024-11-21T15:56:46","date_gmt":"2024-11-21T14:56:46","guid":{"rendered":"https:\/\/www.ina-wissmann.de\/shop\/?post_type=product&#038;p=8047"},"modified":"2026-03-22T13:06:35","modified_gmt":"2026-03-22T12:06:35","slug":"sardonyx-ohroliven","status":"publish","type":"product","link":"https:\/\/www.ina-wissmann.de\/shop\/produkt\/sardonyx-ohroliven\/","title":{"rendered":"Sardonyx Ohroliven"},"content":{"rendered":"<p>Sardonyx Ohroliven Unterst\u00fctzen aufrichtig zu sein und helfen, den Charakter zu st\u00e4rken.<\/p>\n","protected":false},"excerpt":{"rendered":"<p>Sardonyx Ohroliven werden so oft wie m\u00f6glich, am besten \u00fcber Nacht, jeweils in 1 Ohr gesteckt. Sardonyx sch\u00e4rft die Sinneswahrnehmung und unterst\u00fctzt alle Sinne. Schon Hildegard von Bingen hat ihn als Stein bei Ohrger\u00e4uschen und Ohrenschmerzen empfohlen. Er soll angew\u00e4rmt (in der Hand halten und kr\u00e4ftig anhauchen) in die Ohrmuschel gelegt werden &#8211; nicht in den Geh\u00f6rgang einstecken!! Der kleine Faden dient dazu, den Stein wieder aus dem Ohr zu entfernen. Bei Bestellung \u00fcber den Shop bekommst du ein entsprechendes Paar.<\/p>\n","protected":false},"featured_media":8037,"comment_status":"open","ping_status":"closed","template":"","meta":[],"product_brand":[],"product_cat":[262,263,305,317,174],"product_tag":[],"class_list":{"0":"post-8047","1":"product","2":"type-product","3":"status-publish","4":"has-post-thumbnail","6":"product_cat-edelsteine","7":"product_cat-edelsteine-a-z","8":"product_cat-heilsteine","9":"product_cat-heilsteine-nach-farben","10":"product_cat-weiss","11":"product_shipping_class-paket","12":"post-wrapper","13":"thrv_wrapper","15":"first","16":"instock","17":"taxable","18":"shipping-taxable","19":"purchasable","20":"product-type-simple"},"jetpack_sharing_enabled":true,"_links":{"self":[{"href":"https:\/\/www.ina-wissmann.de\/shop\/wp-json\/wp\/v2\/product\/8047","targetHints":{"allow":["GET"]}}],"collection":[{"href":"https:\/\/www.ina-wissmann.de\/shop\/wp-json\/wp\/v2\/product"}],"about":[{"href":"https:\/\/www.ina-wissmann.de\/shop\/wp-json\/wp\/v2\/types\/product"}],"replies":[{"embeddable":true,"href":"https:\/\/www.ina-wissmann.de\/shop\/wp-json\/wp\/v2\/comments?post=8047"}],"wp:featuredmedia":[{"embeddable":true,"href":"https:\/\/www.ina-wissmann.de\/shop\/wp-json\/wp\/v2\/media\/8037"}],"wp:attachment":[{"href":"https:\/\/www.ina-wissmann.de\/shop\/wp-json\/wp\/v2\/media?parent=8047"}],"wp:term":[{"taxonomy":"product_brand","embeddable":true,"href":"https:\/\/www.ina-wissmann.de\/shop\/wp-json\/wp\/v2\/product_brand?post=8047"},{"taxonomy":"product_cat","embeddable":true,"href":"https:\/\/www.ina-wissmann.de\/shop\/wp-json\/wp\/v2\/product_cat?post=8047"},{"taxonomy":"product_tag","embeddable":true,"href":"https:\/\/www.ina-wissmann.de\/shop\/wp-json\/wp\/v2\/product_tag?post=8047"}],"curies":[{"name":"wp","href":"https:\/\/api.w.org\/{rel}","templated":true}]}}