{"id":8044,"date":"2024-11-21T15:56:46","date_gmt":"2024-11-21T14:56:46","guid":{"rendered":"https:\/\/www.ina-wissmann.de\/shop\/?post_type=product&#038;p=8044"},"modified":"2025-12-14T19:52:06","modified_gmt":"2025-12-14T18:52:06","slug":"sardonyx-trommelsteine-gebohrt-tropfenform","status":"publish","type":"product","link":"https:\/\/www.ina-wissmann.de\/shop\/produkt\/sardonyx-trommelsteine-gebohrt-tropfenform\/","title":{"rendered":"Sardonyx Trommelsteine gebohrt Tropfenform"},"content":{"rendered":"<p>Sardonyx Trommelstein gebohrt  Unterst\u00fctzt aufrichtig zu sein und hilft den Charakter zu st\u00e4rken.<\/p>\n","protected":false},"excerpt":{"rendered":"<p>Gebohrter Sardonyx Trommelstein f\u00fcrs Lederband in Tropfenform. Sardonyx sch\u00e4rft die Sinne und sorgt f\u00fcr Charakterst\u00e4rke.<\/p>\n","protected":false},"featured_media":8035,"comment_status":"open","ping_status":"open","template":"","meta":[],"product_brand":[],"product_cat":[262,263,305,317,174],"product_tag":[525,535,534],"class_list":{"0":"post-8044","1":"product","2":"type-product","3":"status-publish","4":"has-post-thumbnail","6":"product_cat-edelsteine","7":"product_cat-edelsteine-a-z","8":"product_cat-heilsteine","9":"product_cat-heilsteine-nach-farben","10":"product_cat-weiss","11":"product_tag-heilsteine","12":"product_tag-ohrenschmerzen","13":"product_tag-tinnitus","14":"product_shipping_class-paket","15":"post-wrapper","16":"thrv_wrapper","18":"first","19":"instock","20":"taxable","21":"shipping-taxable","22":"purchasable","23":"product-type-simple"},"jetpack_sharing_enabled":true,"_links":{"self":[{"href":"https:\/\/www.ina-wissmann.de\/shop\/wp-json\/wp\/v2\/product\/8044","targetHints":{"allow":["GET"]}}],"collection":[{"href":"https:\/\/www.ina-wissmann.de\/shop\/wp-json\/wp\/v2\/product"}],"about":[{"href":"https:\/\/www.ina-wissmann.de\/shop\/wp-json\/wp\/v2\/types\/product"}],"replies":[{"embeddable":true,"href":"https:\/\/www.ina-wissmann.de\/shop\/wp-json\/wp\/v2\/comments?post=8044"}],"wp:featuredmedia":[{"embeddable":true,"href":"https:\/\/www.ina-wissmann.de\/shop\/wp-json\/wp\/v2\/media\/8035"}],"wp:attachment":[{"href":"https:\/\/www.ina-wissmann.de\/shop\/wp-json\/wp\/v2\/media?parent=8044"}],"wp:term":[{"taxonomy":"product_brand","embeddable":true,"href":"https:\/\/www.ina-wissmann.de\/shop\/wp-json\/wp\/v2\/product_brand?post=8044"},{"taxonomy":"product_cat","embeddable":true,"href":"https:\/\/www.ina-wissmann.de\/shop\/wp-json\/wp\/v2\/product_cat?post=8044"},{"taxonomy":"product_tag","embeddable":true,"href":"https:\/\/www.ina-wissmann.de\/shop\/wp-json\/wp\/v2\/product_tag?post=8044"}],"curies":[{"name":"wp","href":"https:\/\/api.w.org\/{rel}","templated":true}]}}