{"id":7972,"date":"2024-11-21T15:56:46","date_gmt":"2024-11-21T14:56:46","guid":{"rendered":"https:\/\/www.ina-wissmann.de\/shop\/?post_type=product&#038;p=7972"},"modified":"2026-02-13T13:40:56","modified_gmt":"2026-02-13T12:40:56","slug":"roter-jaspis-trommelstein-anhaenger-gebohrt-gr-l","status":"publish","type":"product","link":"https:\/\/www.ina-wissmann.de\/shop\/produkt\/roter-jaspis-trommelstein-anhaenger-gebohrt-gr-l\/","title":{"rendered":"Roter Jaspis Trommelstein Anh\u00e4nger gebohrt Gr.L"},"content":{"rendered":"<p>Jaspis rot Anh\u00e4nger f\u00fcrs Lederband<\/p>\n","protected":false},"excerpt":{"rendered":"<p>Roter Jaspis Trommelstein gebohrt als Anh\u00e4nger f\u00fcr Silberkette oder Lederband ca. 3cm gro\u00df ohne Lederband und Deko Der rote Jaspis steht f\u00fcr Tatkraft und Mut Er ist anregend und weckt die Kriegerin\/den Krieger in dir f\u00fcllt deine Batterien mit Energie auf<\/p>\n","protected":false},"featured_media":7969,"comment_status":"open","ping_status":"closed","template":"","meta":[],"product_brand":[],"product_cat":[262,263,271,305,317,177,642,650,283,276],"product_tag":[],"class_list":{"0":"post-7972","1":"product","2":"type-product","3":"status-publish","4":"has-post-thumbnail","6":"product_cat-edelsteine","7":"product_cat-edelsteine-a-z","8":"product_cat-geburtssteine","9":"product_cat-heilsteine","10":"product_cat-heilsteine-nach-farben","11":"product_cat-rot","12":"product_cat-steine-mit-j","13":"product_cat-steine-mit-r","14":"product_cat-waage-24-09-23-10","15":"product_cat-widder-21-03-20-04","16":"product_shipping_class-paket","17":"post-wrapper","18":"thrv_wrapper","20":"first","21":"instock","22":"taxable","23":"shipping-taxable","24":"purchasable","25":"product-type-simple"},"jetpack_sharing_enabled":true,"_links":{"self":[{"href":"https:\/\/www.ina-wissmann.de\/shop\/wp-json\/wp\/v2\/product\/7972","targetHints":{"allow":["GET"]}}],"collection":[{"href":"https:\/\/www.ina-wissmann.de\/shop\/wp-json\/wp\/v2\/product"}],"about":[{"href":"https:\/\/www.ina-wissmann.de\/shop\/wp-json\/wp\/v2\/types\/product"}],"replies":[{"embeddable":true,"href":"https:\/\/www.ina-wissmann.de\/shop\/wp-json\/wp\/v2\/comments?post=7972"}],"wp:featuredmedia":[{"embeddable":true,"href":"https:\/\/www.ina-wissmann.de\/shop\/wp-json\/wp\/v2\/media\/7969"}],"wp:attachment":[{"href":"https:\/\/www.ina-wissmann.de\/shop\/wp-json\/wp\/v2\/media?parent=7972"}],"wp:term":[{"taxonomy":"product_brand","embeddable":true,"href":"https:\/\/www.ina-wissmann.de\/shop\/wp-json\/wp\/v2\/product_brand?post=7972"},{"taxonomy":"product_cat","embeddable":true,"href":"https:\/\/www.ina-wissmann.de\/shop\/wp-json\/wp\/v2\/product_cat?post=7972"},{"taxonomy":"product_tag","embeddable":true,"href":"https:\/\/www.ina-wissmann.de\/shop\/wp-json\/wp\/v2\/product_tag?post=7972"}],"curies":[{"name":"wp","href":"https:\/\/api.w.org\/{rel}","templated":true}]}}