{"id":7866,"date":"2024-11-21T15:55:19","date_gmt":"2024-11-21T14:55:19","guid":{"rendered":"https:\/\/www.ina-wissmann.de\/shop\/?post_type=product&#038;p=7866"},"modified":"2025-03-02T15:57:26","modified_gmt":"2025-03-02T14:57:26","slug":"massagematte-aus-rosenquarz","status":"publish","type":"product","link":"https:\/\/www.ina-wissmann.de\/shop\/produkt\/massagematte-aus-rosenquarz\/","title":{"rendered":"Massagematte aus Rosenquarz"},"content":{"rendered":"<p>Rosenquarz Massagepad<\/p>\n","protected":false},"excerpt":{"rendered":"<p>Handliches Massagepad aus Rosenquarz  Mit Rosenquarz lassen sich K\u00f6rperpartien gut und k\u00fchlend massieren. Die Gef\u00fchls\u00e4u\u00dferungen reichen von angenehm entspannend bis G\u00e4nsehautfeeling. Ob am R\u00fccken oder einfach Arme und Beine angenehm massiert, mit dieser Massagematte ist es eine reine Wohltat.  Das Pad besteht aus in deutschland handgekn\u00fcpften Edelsteinkugeln mit 8mm Durchmesser. Die Gesamtgr\u00f6\u00dfe betr\u00e4gt 10x10cm, eine gute Gr\u00f6\u00dfe, die direkt sicher zur Massage in der Hand liegt.  Sie eignet sich auch zur Selbstmassage f\u00fcr Arme und Beine. Ein Ganzk\u00f6rper-G\u00e4nsehautfeeling ist vorprogrammiert.<\/p>\n","protected":false},"featured_media":7867,"comment_status":"open","ping_status":"open","template":"","meta":[],"product_brand":[],"product_cat":[262,263,305,317,770,273,302,221,276],"product_tag":[],"class_list":{"0":"post-7866","1":"product","2":"type-product","3":"status-publish","4":"has-post-thumbnail","6":"product_cat-edelsteine","7":"product_cat-edelsteine-a-z","8":"product_cat-heilsteine","9":"product_cat-heilsteine-nach-farben","10":"product_cat-kreativitaet-inspiration","11":"product_cat-krebs-22-06-22-07","12":"product_cat-massagepads","13":"product_cat-rosa","14":"product_cat-widder-21-03-20-04","15":"product_shipping_class-paket","16":"post-wrapper","17":"thrv_wrapper","19":"first","20":"instock","21":"taxable","22":"shipping-taxable","23":"purchasable","24":"product-type-simple"},"jetpack_sharing_enabled":true,"_links":{"self":[{"href":"https:\/\/www.ina-wissmann.de\/shop\/wp-json\/wp\/v2\/product\/7866","targetHints":{"allow":["GET"]}}],"collection":[{"href":"https:\/\/www.ina-wissmann.de\/shop\/wp-json\/wp\/v2\/product"}],"about":[{"href":"https:\/\/www.ina-wissmann.de\/shop\/wp-json\/wp\/v2\/types\/product"}],"replies":[{"embeddable":true,"href":"https:\/\/www.ina-wissmann.de\/shop\/wp-json\/wp\/v2\/comments?post=7866"}],"wp:featuredmedia":[{"embeddable":true,"href":"https:\/\/www.ina-wissmann.de\/shop\/wp-json\/wp\/v2\/media\/7867"}],"wp:attachment":[{"href":"https:\/\/www.ina-wissmann.de\/shop\/wp-json\/wp\/v2\/media?parent=7866"}],"wp:term":[{"taxonomy":"product_brand","embeddable":true,"href":"https:\/\/www.ina-wissmann.de\/shop\/wp-json\/wp\/v2\/product_brand?post=7866"},{"taxonomy":"product_cat","embeddable":true,"href":"https:\/\/www.ina-wissmann.de\/shop\/wp-json\/wp\/v2\/product_cat?post=7866"},{"taxonomy":"product_tag","embeddable":true,"href":"https:\/\/www.ina-wissmann.de\/shop\/wp-json\/wp\/v2\/product_tag?post=7866"}],"curies":[{"name":"wp","href":"https:\/\/api.w.org\/{rel}","templated":true}]}}