{"id":7820,"date":"2024-11-21T15:55:19","date_gmt":"2024-11-21T14:55:19","guid":{"rendered":"https:\/\/www.ina-wissmann.de\/shop\/?post_type=product&#038;p=7820"},"modified":"2024-12-13T16:40:43","modified_gmt":"2024-12-13T15:40:43","slug":"massagematte-aus-basalt","status":"publish","type":"product","link":"https:\/\/www.ina-wissmann.de\/shop\/produkt\/massagematte-aus-basalt\/","title":{"rendered":"Massagematte aus Basalt"},"content":{"rendered":"<p>Basalt Massagepad<\/p>\n","protected":false},"excerpt":{"rendered":"<p>Handliches Massagepad aus Basalt  Basalt l\u00e4sst sich einfach erw\u00e4rmen und h\u00e4lt die W\u00e4rme eine ganze Weile, so da\u00df die R\u00fcckenmassage mit der Massagematte eine reine Wohltat ist. Sie eignet sich auch zur Selbstmassage f\u00fcr Arme und Beine. Ein Ganzk\u00f6rper-G\u00e4nsehautfeeling ist vorprogrammiert.<\/p>\n","protected":false},"featured_media":7762,"comment_status":"open","ping_status":"open","template":"","meta":[],"product_brand":[],"product_cat":[262,263,305,317,770,302,184],"product_tag":[],"class_list":{"0":"post-7820","1":"product","2":"type-product","3":"status-publish","4":"has-post-thumbnail","6":"product_cat-edelsteine","7":"product_cat-edelsteine-a-z","8":"product_cat-heilsteine","9":"product_cat-heilsteine-nach-farben","10":"product_cat-kreativitaet-inspiration","11":"product_cat-massagepads","12":"product_cat-schwarz","13":"product_shipping_class-paket","14":"post-wrapper","15":"thrv_wrapper","17":"first","18":"instock","19":"taxable","20":"shipping-taxable","21":"purchasable","22":"product-type-simple"},"jetpack_sharing_enabled":true,"_links":{"self":[{"href":"https:\/\/www.ina-wissmann.de\/shop\/wp-json\/wp\/v2\/product\/7820","targetHints":{"allow":["GET"]}}],"collection":[{"href":"https:\/\/www.ina-wissmann.de\/shop\/wp-json\/wp\/v2\/product"}],"about":[{"href":"https:\/\/www.ina-wissmann.de\/shop\/wp-json\/wp\/v2\/types\/product"}],"replies":[{"embeddable":true,"href":"https:\/\/www.ina-wissmann.de\/shop\/wp-json\/wp\/v2\/comments?post=7820"}],"wp:featuredmedia":[{"embeddable":true,"href":"https:\/\/www.ina-wissmann.de\/shop\/wp-json\/wp\/v2\/media\/7762"}],"wp:attachment":[{"href":"https:\/\/www.ina-wissmann.de\/shop\/wp-json\/wp\/v2\/media?parent=7820"}],"wp:term":[{"taxonomy":"product_brand","embeddable":true,"href":"https:\/\/www.ina-wissmann.de\/shop\/wp-json\/wp\/v2\/product_brand?post=7820"},{"taxonomy":"product_cat","embeddable":true,"href":"https:\/\/www.ina-wissmann.de\/shop\/wp-json\/wp\/v2\/product_cat?post=7820"},{"taxonomy":"product_tag","embeddable":true,"href":"https:\/\/www.ina-wissmann.de\/shop\/wp-json\/wp\/v2\/product_tag?post=7820"}],"curies":[{"name":"wp","href":"https:\/\/api.w.org\/{rel}","templated":true}]}}