{"id":7717,"date":"2021-09-15T21:12:42","date_gmt":"2021-09-15T19:12:42","guid":{"rendered":"https:\/\/www.ina-wissmann.de\/shop\/?post_type=product&#038;p=7717"},"modified":"2024-11-20T19:12:58","modified_gmt":"2024-11-20T18:12:58","slug":"basiskurs-steinheilkunde-leicht-gemacht-online","status":"publish","type":"product","link":"https:\/\/www.ina-wissmann.de\/shop\/produkt\/basiskurs-steinheilkunde-leicht-gemacht-online\/","title":{"rendered":"Basiskurs Steinheilkunde leicht gemacht &#8211; Online"},"content":{"rendered":"<p>Der &#8220;Basiskurs &#8211; Steinheilkunde leicht gemacht&#8221; ist ein Grundlagenkurs, der dir das Basiswissen \u00fcber Heilsteine n\u00e4herbringt. Du lernst mit den Steinen umzugehen, sie auseinanderzuhalten und wie du sie f\u00fcr dein Wohlergehen am besten einsetzen kannst. Dieser Kurs schafft f\u00fcr dich eine fundierte Grundlage, die dir Sicherheit im Umgang mit den Steinen gibt, die die Heilwirkung n\u00e4her bringt und dir ein gro\u00dfes Repertoir an Anwendungsm\u00f6glichkeiten an die Hand gibt, soda\u00df du nicht nur ein Bild davon hast, was du mit Steinen f\u00fcr dich und andere tun kannst, sondern auch in der Lage sein wirst, es wirklich anzuwenden.<\/p>\n<p class=\"tve-droppable\"><strong>MODUL 1:<\/strong><\/p>\n<p class=\"tve-droppable\">Du lernst die Grundlagen von Schwingung und Resonanz kennen, um dich selbst im Ganzheits- und Heilungsprozess besser unterst\u00fctzen zu k\u00f6nnen.<\/p>\n<p class=\"tve-droppable\">Du lernst dir und deiner Intuition zu vertrauen und verstehst, wie du die Steine f\u00fcr dein Leben nutzen kannst, um nicht auf andere angewiesen zu sein.<br \/>\nDamit du deine Probleme m\u00fchelos mit den steinigen Helfern bew\u00e4ltigst, gebe ich dir erprobtes Wissen an die Hand.<\/p>\n<p class=\"tve-droppable\"><strong>MODUL 2:<\/strong><\/p>\n<p class=\"tve-droppable\">Du lernst, wie du Steine reinigst, aufbewahrst und pflegst, damit du lange Freude daran hast.<\/p>\n<p class=\"tve-droppable\">Ich zeige dir, welche Steine besonders sind und wie du sie benutzt, damit sie dir immer f\u00f6rderlich sind und dich unterst\u00fctzen.<\/p>\n<p class=\"tve-droppable\">Du erf\u00e4hrst, worauf beim Steinekauf zu achten ist, welche Qualit\u00e4ten es gibt und wie du sicher gehst, keine F\u00e4lschungen zu erwerben. Damit du immer die beste Qualit\u00e4t und Zusammensetzung zur Anwendung bringen kannst.<\/p>\n<p class=\"tve-droppable\"><strong>MODUL 3:<\/strong><\/p>\n<p class=\"tve-droppable\">Du bekommst einen Einblick, welche M\u00f6glichkeiten du mit Steinen &amp; Kristallen hast sind und wie du die verschiedenen Anwendungen praktizierst, damit du sie dann f\u00fcr dich einsetzen kannst.<\/p>\n<p class=\"tve-droppable\">Ich zeige dir, wie du dir ein Edelsteinwasser ansetzt, um energetisch immer mit lebendigem Wasser versorgt zu sein.<\/p>\n<p class=\"tve-droppable\">Du lernst die erfolgreichsten Einsatzm\u00f6glichkeiten mit Steinen kennen, um sie f\u00fcr deine Gesundheitspflege anzuwenden.<\/p>\n<p><strong>MODUL 4:<\/strong><\/p>\n<p class=\"tve-droppable\">Zum Durchstarten vermittle ich dir, wie du mit wenig Steinen viele M\u00f6glichkeiten abdeckst, damit du sofort loslegen kannst.<br \/>\nIch gebe dir Einblicke, wie du Steine auseinander halten kannst, damit du sie nicht verwechselst.<\/p>\n<p class=\"tve-droppable\">Du bekommst ausf\u00fchrliche Skripte und hilfreiche Informationen \u00fcber empfehlenswerte Literatur an die Hand, damit du eine sichere Quelle zum Nachlernen und -lesen hast.<\/p>\n","protected":false},"excerpt":{"rendered":"<p>Basiskurs &#8211; Steinheilkunde leicht gemacht &#8211; Onlinekurs<\/p>\n","protected":false},"featured_media":4023,"comment_status":"open","ping_status":"closed","template":"","meta":[],"product_brand":[],"product_cat":[527,701],"product_tag":[],"class_list":{"0":"post-7717","1":"product","2":"type-product","3":"status-publish","4":"has-post-thumbnail","6":"product_cat-heilsteine-wissen","7":"product_cat-bestseller","8":"post-wrapper","9":"thrv_wrapper","11":"first","12":"instock","13":"virtual","14":"taxable","15":"purchasable","16":"product-type-simple"},"jetpack_sharing_enabled":true,"_links":{"self":[{"href":"https:\/\/www.ina-wissmann.de\/shop\/wp-json\/wp\/v2\/product\/7717","targetHints":{"allow":["GET"]}}],"collection":[{"href":"https:\/\/www.ina-wissmann.de\/shop\/wp-json\/wp\/v2\/product"}],"about":[{"href":"https:\/\/www.ina-wissmann.de\/shop\/wp-json\/wp\/v2\/types\/product"}],"replies":[{"embeddable":true,"href":"https:\/\/www.ina-wissmann.de\/shop\/wp-json\/wp\/v2\/comments?post=7717"}],"wp:featuredmedia":[{"embeddable":true,"href":"https:\/\/www.ina-wissmann.de\/shop\/wp-json\/wp\/v2\/media\/4023"}],"wp:attachment":[{"href":"https:\/\/www.ina-wissmann.de\/shop\/wp-json\/wp\/v2\/media?parent=7717"}],"wp:term":[{"taxonomy":"product_brand","embeddable":true,"href":"https:\/\/www.ina-wissmann.de\/shop\/wp-json\/wp\/v2\/product_brand?post=7717"},{"taxonomy":"product_cat","embeddable":true,"href":"https:\/\/www.ina-wissmann.de\/shop\/wp-json\/wp\/v2\/product_cat?post=7717"},{"taxonomy":"product_tag","embeddable":true,"href":"https:\/\/www.ina-wissmann.de\/shop\/wp-json\/wp\/v2\/product_tag?post=7717"}],"curies":[{"name":"wp","href":"https:\/\/api.w.org\/{rel}","templated":true}]}}