{"id":7504,"date":"2024-11-21T15:56:46","date_gmt":"2024-11-21T14:56:46","guid":{"rendered":"https:\/\/www.ina-wissmann.de\/shop\/?post_type=product&#038;p=7504"},"modified":"2025-03-02T16:47:32","modified_gmt":"2025-03-02T15:47:32","slug":"rutilquarz-gelb-trommelstein-gr-l","status":"publish","type":"product","link":"https:\/\/www.ina-wissmann.de\/shop\/produkt\/rutilquarz-gelb-trommelstein-gr-l\/","title":{"rendered":"Rutilquarz gelb Trommelstein Gr.L"},"content":{"rendered":"<p>Rutilquarz Trommelstein<\/p>\n","protected":false},"excerpt":{"rendered":"<p>Rutilquarz Trommelsteine Handschmeichler mit gelben oder roten Rutilnadeln Gr. L  Rutilquarz unterst\u00fctzt dich darin, gro\u00df zu denken, deine Visionen zu leben  Er unterst\u00fctzt die Atmungsorgane und l\u00e4sst dich frei Durchatmen und ist stimmungsaufhellend Mit gelbem Rutilquarz kannst du dich leichter aus alten Verstrickungen l\u00f6sen  Ma\u00dfe: 3cm, ca. 15g schwer Beim Kauf bekommst du einen dieser abgebildeten Steine!<\/p>\n","protected":false},"featured_media":7460,"comment_status":"open","ping_status":"open","template":"","meta":[],"product_brand":[],"product_cat":[262,263,271,175,305,317,280,274],"product_tag":[],"class_list":{"0":"post-7504","1":"product","2":"type-product","3":"status-publish","4":"has-post-thumbnail","6":"product_cat-edelsteine","7":"product_cat-edelsteine-a-z","8":"product_cat-geburtssteine","9":"product_cat-gelbe-heilsteine-kaufen","10":"product_cat-heilsteine","11":"product_cat-heilsteine-nach-farben","12":"product_cat-jungfrau-24-08-23-09","13":"product_cat-skorpion-24-10-22-11","14":"product_shipping_class-paket","15":"post-wrapper","16":"thrv_wrapper","18":"first","19":"instock","20":"taxable","21":"shipping-taxable","22":"purchasable","23":"product-type-simple"},"jetpack_sharing_enabled":true,"_links":{"self":[{"href":"https:\/\/www.ina-wissmann.de\/shop\/wp-json\/wp\/v2\/product\/7504","targetHints":{"allow":["GET"]}}],"collection":[{"href":"https:\/\/www.ina-wissmann.de\/shop\/wp-json\/wp\/v2\/product"}],"about":[{"href":"https:\/\/www.ina-wissmann.de\/shop\/wp-json\/wp\/v2\/types\/product"}],"replies":[{"embeddable":true,"href":"https:\/\/www.ina-wissmann.de\/shop\/wp-json\/wp\/v2\/comments?post=7504"}],"wp:featuredmedia":[{"embeddable":true,"href":"https:\/\/www.ina-wissmann.de\/shop\/wp-json\/wp\/v2\/media\/7460"}],"wp:attachment":[{"href":"https:\/\/www.ina-wissmann.de\/shop\/wp-json\/wp\/v2\/media?parent=7504"}],"wp:term":[{"taxonomy":"product_brand","embeddable":true,"href":"https:\/\/www.ina-wissmann.de\/shop\/wp-json\/wp\/v2\/product_brand?post=7504"},{"taxonomy":"product_cat","embeddable":true,"href":"https:\/\/www.ina-wissmann.de\/shop\/wp-json\/wp\/v2\/product_cat?post=7504"},{"taxonomy":"product_tag","embeddable":true,"href":"https:\/\/www.ina-wissmann.de\/shop\/wp-json\/wp\/v2\/product_tag?post=7504"}],"curies":[{"name":"wp","href":"https:\/\/api.w.org\/{rel}","templated":true}]}}