{"id":7312,"date":"2021-05-24T13:16:02","date_gmt":"2021-05-24T11:16:02","guid":{"rendered":"https:\/\/www.ina-wissmann.de\/shop\/produkt\/clone-of-aventurinquarz-trommelsteine\/"},"modified":"2025-03-02T15:16:09","modified_gmt":"2025-03-02T14:16:09","slug":"gruenquarz-trommelsteine","status":"publish","type":"product","link":"https:\/\/www.ina-wissmann.de\/shop\/produkt\/gruenquarz-trommelsteine\/","title":{"rendered":"Gr\u00fcnquarz Trommelsteine"},"content":{"rendered":"<p>Aventurin Gr\u00fcnquarz\u00a0 Handschmeichler<\/p>\n","protected":false},"excerpt":{"rendered":"<p>Gr\u00fcnquarz (Aventurin ohne Glimmer) Handschmeichler, Trommelsteine<br \/>\nAventurin steht f\u00fcr Unbeschwertheit und f\u00f6rdert guten und erholsamen Schlaf, bei Sonnbrand und Hautentz\u00fcndungen kann er hilfreich sein.<br \/>\nMa\u00dfe: 3-3,5cm gro\u00df ca. 23-28g schwer<\/p>\n","protected":false},"featured_media":7294,"comment_status":"open","ping_status":"closed","template":"","meta":[],"product_brand":[],"product_cat":[262,263,636,178,321,201,305,317,755,645,279],"product_tag":[],"class_list":{"0":"post-7312","1":"product","2":"type-product","3":"status-publish","4":"has-post-thumbnail","6":"product_cat-edelsteine","7":"product_cat-edelsteine-a-z","8":"product_cat-edelsteine-nach-farben","9":"product_cat-gruen","10":"product_cat-gruene-heilsteine","11":"product_cat-handschmeichler-gruen","12":"product_cat-heilsteine","13":"product_cat-heilsteine-nach-farben","14":"product_cat-herzchakra","15":"product_cat-steine-mit-g","16":"product_cat-stier-21-04-20-05","17":"product_shipping_class-paket","18":"post-wrapper","19":"thrv_wrapper","21":"first","22":"instock","23":"taxable","24":"shipping-taxable","25":"purchasable","26":"product-type-simple"},"jetpack_sharing_enabled":true,"_links":{"self":[{"href":"https:\/\/www.ina-wissmann.de\/shop\/wp-json\/wp\/v2\/product\/7312","targetHints":{"allow":["GET"]}}],"collection":[{"href":"https:\/\/www.ina-wissmann.de\/shop\/wp-json\/wp\/v2\/product"}],"about":[{"href":"https:\/\/www.ina-wissmann.de\/shop\/wp-json\/wp\/v2\/types\/product"}],"replies":[{"embeddable":true,"href":"https:\/\/www.ina-wissmann.de\/shop\/wp-json\/wp\/v2\/comments?post=7312"}],"wp:featuredmedia":[{"embeddable":true,"href":"https:\/\/www.ina-wissmann.de\/shop\/wp-json\/wp\/v2\/media\/7294"}],"wp:attachment":[{"href":"https:\/\/www.ina-wissmann.de\/shop\/wp-json\/wp\/v2\/media?parent=7312"}],"wp:term":[{"taxonomy":"product_brand","embeddable":true,"href":"https:\/\/www.ina-wissmann.de\/shop\/wp-json\/wp\/v2\/product_brand?post=7312"},{"taxonomy":"product_cat","embeddable":true,"href":"https:\/\/www.ina-wissmann.de\/shop\/wp-json\/wp\/v2\/product_cat?post=7312"},{"taxonomy":"product_tag","embeddable":true,"href":"https:\/\/www.ina-wissmann.de\/shop\/wp-json\/wp\/v2\/product_tag?post=7312"}],"curies":[{"name":"wp","href":"https:\/\/api.w.org\/{rel}","templated":true}]}}