{"id":7146,"date":"2021-05-15T13:49:28","date_gmt":"2021-05-15T11:49:28","guid":{"rendered":"https:\/\/www.ina-wissmann.de\/shop\/?post_type=product&#038;p=7146"},"modified":"2025-03-02T15:57:32","modified_gmt":"2025-03-02T14:57:32","slug":"rosenquarz-pendel","status":"publish","type":"product","link":"https:\/\/www.ina-wissmann.de\/shop\/produkt\/rosenquarz-pendel\/","title":{"rendered":"Rosenquarz Pendel"},"content":{"rendered":"<p>Rosenquarzpendel<\/p>\n","protected":false},"excerpt":{"rendered":"<p>Rosenquarzpendel an h\u00fcbscher, abnehmbarer Metallkette mit chakrenfarbenen Edelsteinen verziert.<br \/>\nRosenquarz f\u00f6rdert die Empfindsamkeit des Herzens und l\u00e4sst dich deine Emotionen sanft verarbeiten. Rosenquarz macht dir deine eigenen Bed\u00fcrfnisse klar.<br \/>\nMa\u00dfe: ca. 18g, ca. 24cm lang inklusive Kette<\/p>\n","protected":false},"featured_media":6642,"comment_status":"open","ping_status":"closed","template":"","meta":[],"product_brand":[],"product_cat":[262,263,636,271,272,305,317,273,221,323,650,276],"product_tag":[],"class_list":{"0":"post-7146","1":"product","2":"type-product","3":"status-publish","4":"has-post-thumbnail","6":"product_cat-edelsteine","7":"product_cat-edelsteine-a-z","8":"product_cat-edelsteine-nach-farben","9":"product_cat-geburtssteine","10":"product_cat-geburtssteine-nach-sternzeichen","11":"product_cat-heilsteine","12":"product_cat-heilsteine-nach-farben","13":"product_cat-krebs-22-06-22-07","14":"product_cat-rosa","15":"product_cat-rosa-heilsteine","16":"product_cat-steine-mit-r","17":"product_cat-widder-21-03-20-04","18":"product_shipping_class-paket","19":"post-wrapper","20":"thrv_wrapper","22":"first","23":"instock","24":"taxable","25":"shipping-taxable","26":"purchasable","27":"product-type-simple"},"jetpack_sharing_enabled":true,"_links":{"self":[{"href":"https:\/\/www.ina-wissmann.de\/shop\/wp-json\/wp\/v2\/product\/7146","targetHints":{"allow":["GET"]}}],"collection":[{"href":"https:\/\/www.ina-wissmann.de\/shop\/wp-json\/wp\/v2\/product"}],"about":[{"href":"https:\/\/www.ina-wissmann.de\/shop\/wp-json\/wp\/v2\/types\/product"}],"replies":[{"embeddable":true,"href":"https:\/\/www.ina-wissmann.de\/shop\/wp-json\/wp\/v2\/comments?post=7146"}],"wp:featuredmedia":[{"embeddable":true,"href":"https:\/\/www.ina-wissmann.de\/shop\/wp-json\/wp\/v2\/media\/6642"}],"wp:attachment":[{"href":"https:\/\/www.ina-wissmann.de\/shop\/wp-json\/wp\/v2\/media?parent=7146"}],"wp:term":[{"taxonomy":"product_brand","embeddable":true,"href":"https:\/\/www.ina-wissmann.de\/shop\/wp-json\/wp\/v2\/product_brand?post=7146"},{"taxonomy":"product_cat","embeddable":true,"href":"https:\/\/www.ina-wissmann.de\/shop\/wp-json\/wp\/v2\/product_cat?post=7146"},{"taxonomy":"product_tag","embeddable":true,"href":"https:\/\/www.ina-wissmann.de\/shop\/wp-json\/wp\/v2\/product_tag?post=7146"}],"curies":[{"name":"wp","href":"https:\/\/api.w.org\/{rel}","templated":true}]}}