{"id":7100,"date":"2024-11-21T15:51:50","date_gmt":"2024-11-21T14:51:50","guid":{"rendered":"https:\/\/www.ina-wissmann.de\/shop\/?post_type=product&#038;p=7100"},"modified":"2025-03-02T15:28:50","modified_gmt":"2025-03-02T14:28:50","slug":"bergkristall-aromaanhaenger","status":"publish","type":"product","link":"https:\/\/www.ina-wissmann.de\/shop\/produkt\/bergkristall-aromaanhaenger\/","title":{"rendered":"Bergkristall Aromaanh\u00e4nger"},"content":{"rendered":"<p>Bergkristallanh\u00e4nger mit Duftkammer, Aromajuwel<\/p>\n","protected":false},"excerpt":{"rendered":"<p>H\u00fcbscher, kleiner Bergkristall-Anh\u00e4nger mit einer Duftkammer f\u00fcr individuelle D\u00fcfte und \u00e4therische \u00d6le. Die Duftkammer dieses tropfenf\u00f6rmigen Edelsteins wird mit deiner gew\u00fcnschten Duftfl\u00fcssigkeit bef\u00fcllt und mit dem por\u00f6sen Duftdocht verschlossen. So verstr\u00f6mt er in dezenter Dosierung deinen gew\u00fcnschten Wohlgeruch und begleitet dich in deinem Alltag. In der Aromatherapie werden gezielt D\u00fcfte und \u00e4therische \u00d6le zur Beeinflussung von Gesundheit und Wohlbefinden eingesetzt. Bergkristall steht f\u00fcr Klarheit und Neutralit\u00e4t und bringt neue Energie.<\/p>\n","protected":false},"featured_media":6571,"comment_status":"open","ping_status":"open","template":"","meta":[],"product_brand":[],"product_cat":[262,263,271,305,317,281,172],"product_tag":[],"class_list":{"0":"post-7100","1":"product","2":"type-product","3":"status-publish","4":"has-post-thumbnail","6":"product_cat-edelsteine","7":"product_cat-edelsteine-a-z","8":"product_cat-geburtssteine","9":"product_cat-heilsteine","10":"product_cat-heilsteine-nach-farben","11":"product_cat-steinbock-22-12-20-01","12":"product_cat-transparent","13":"product_shipping_class-paket","14":"post-wrapper","15":"thrv_wrapper","17":"first","18":"instock","19":"taxable","20":"shipping-taxable","21":"purchasable","22":"product-type-simple"},"jetpack_sharing_enabled":true,"_links":{"self":[{"href":"https:\/\/www.ina-wissmann.de\/shop\/wp-json\/wp\/v2\/product\/7100","targetHints":{"allow":["GET"]}}],"collection":[{"href":"https:\/\/www.ina-wissmann.de\/shop\/wp-json\/wp\/v2\/product"}],"about":[{"href":"https:\/\/www.ina-wissmann.de\/shop\/wp-json\/wp\/v2\/types\/product"}],"replies":[{"embeddable":true,"href":"https:\/\/www.ina-wissmann.de\/shop\/wp-json\/wp\/v2\/comments?post=7100"}],"wp:featuredmedia":[{"embeddable":true,"href":"https:\/\/www.ina-wissmann.de\/shop\/wp-json\/wp\/v2\/media\/6571"}],"wp:attachment":[{"href":"https:\/\/www.ina-wissmann.de\/shop\/wp-json\/wp\/v2\/media?parent=7100"}],"wp:term":[{"taxonomy":"product_brand","embeddable":true,"href":"https:\/\/www.ina-wissmann.de\/shop\/wp-json\/wp\/v2\/product_brand?post=7100"},{"taxonomy":"product_cat","embeddable":true,"href":"https:\/\/www.ina-wissmann.de\/shop\/wp-json\/wp\/v2\/product_cat?post=7100"},{"taxonomy":"product_tag","embeddable":true,"href":"https:\/\/www.ina-wissmann.de\/shop\/wp-json\/wp\/v2\/product_tag?post=7100"}],"curies":[{"name":"wp","href":"https:\/\/api.w.org\/{rel}","templated":true}]}}