{"id":6905,"date":"2024-11-21T15:51:50","date_gmt":"2024-11-21T14:51:50","guid":{"rendered":"https:\/\/www.ina-wissmann.de\/shop\/?post_type=product&#038;p=6905"},"modified":"2025-01-31T12:08:58","modified_gmt":"2025-01-31T11:08:58","slug":"bergkristall-doppelender-geschliffen-65cm","status":"publish","type":"product","link":"https:\/\/www.ina-wissmann.de\/shop\/produkt\/bergkristall-doppelender-geschliffen-65cm\/","title":{"rendered":"Bergkristall Doppelender, geschliffen 6,5cm"},"content":{"rendered":"<p>Geschliffener Bergkristall Doppelender, Kristallspitze<\/p>\n","protected":false},"excerpt":{"rendered":"<p>Geschliffener Bergkristall Doppelender, Kristallspitze Bergkristall steht f\u00fcr Klarheit und Neutralit\u00e4t und bringt neue Energie. Ma\u00dfe: ca. 6,5cm<\/p>\n","protected":false},"featured_media":6406,"comment_status":"open","ping_status":"open","template":"","meta":[],"product_brand":[],"product_cat":[262,263,271,305,317,173,172],"product_tag":[],"class_list":{"0":"post-6905","1":"product","2":"type-product","3":"status-publish","4":"has-post-thumbnail","6":"product_cat-edelsteine","7":"product_cat-edelsteine-a-z","8":"product_cat-geburtssteine","9":"product_cat-heilsteine","10":"product_cat-heilsteine-nach-farben","11":"product_cat-kristalle","12":"product_cat-transparent","13":"product_shipping_class-paket","14":"post-wrapper","15":"thrv_wrapper","17":"first","18":"instock","19":"taxable","20":"shipping-taxable","21":"purchasable","22":"product-type-simple"},"jetpack_sharing_enabled":true,"_links":{"self":[{"href":"https:\/\/www.ina-wissmann.de\/shop\/wp-json\/wp\/v2\/product\/6905","targetHints":{"allow":["GET"]}}],"collection":[{"href":"https:\/\/www.ina-wissmann.de\/shop\/wp-json\/wp\/v2\/product"}],"about":[{"href":"https:\/\/www.ina-wissmann.de\/shop\/wp-json\/wp\/v2\/types\/product"}],"replies":[{"embeddable":true,"href":"https:\/\/www.ina-wissmann.de\/shop\/wp-json\/wp\/v2\/comments?post=6905"}],"wp:featuredmedia":[{"embeddable":true,"href":"https:\/\/www.ina-wissmann.de\/shop\/wp-json\/wp\/v2\/media\/6406"}],"wp:attachment":[{"href":"https:\/\/www.ina-wissmann.de\/shop\/wp-json\/wp\/v2\/media?parent=6905"}],"wp:term":[{"taxonomy":"product_brand","embeddable":true,"href":"https:\/\/www.ina-wissmann.de\/shop\/wp-json\/wp\/v2\/product_brand?post=6905"},{"taxonomy":"product_cat","embeddable":true,"href":"https:\/\/www.ina-wissmann.de\/shop\/wp-json\/wp\/v2\/product_cat?post=6905"},{"taxonomy":"product_tag","embeddable":true,"href":"https:\/\/www.ina-wissmann.de\/shop\/wp-json\/wp\/v2\/product_tag?post=6905"}],"curies":[{"name":"wp","href":"https:\/\/api.w.org\/{rel}","templated":true}]}}