{"id":6831,"date":"2024-11-21T15:56:10","date_gmt":"2024-11-21T14:56:10","guid":{"rendered":"https:\/\/www.ina-wissmann.de\/shop\/?post_type=product&#038;p=6831"},"modified":"2026-01-09T10:47:41","modified_gmt":"2026-01-09T09:47:41","slug":"pyrit-grueppchen-naturgewachsen-100g-beutel","status":"publish","type":"product","link":"https:\/\/www.ina-wissmann.de\/shop\/produkt\/pyrit-grueppchen-naturgewachsen-100g-beutel\/","title":{"rendered":"Pyrit-Gr\u00fcppchen, naturgewachsen 100g Beutel"},"content":{"rendered":"<p>Pyrit Gr\u00fcppchen, naturgewachsen, Pyriti steht f\u00fcr Wohlstand, F\u00fclle und Selbsterkenntnis<\/p>\n","protected":false},"excerpt":{"rendered":"<p>Pyrit-Gr\u00fcppchen, kleine goldgl\u00e4nzende Natursch\u00f6nheiten, die jeden Glitzerfan und vor allem Kinder magisch anziehen. Pyrit ist feurig und f\u00f6rdet die Selbsterkenntnis. Er hilft dir, innerlich klar zu werden und Ursachen von Erkrankungen zu erkennen. Du bekommst einen 100g-Beutel mit diesen zauberhaften Gr\u00fcppchen, wenn du diesen Artikel bestellst<\/p>\n","protected":false},"featured_media":6102,"comment_status":"open","ping_status":"open","template":"","meta":[],"product_brand":[],"product_cat":[262,263,175,305,317,649,276],"product_tag":[],"class_list":{"0":"post-6831","1":"product","2":"type-product","3":"status-publish","4":"has-post-thumbnail","6":"product_cat-edelsteine","7":"product_cat-edelsteine-a-z","8":"product_cat-gelbe-heilsteine-kaufen","9":"product_cat-heilsteine","10":"product_cat-heilsteine-nach-farben","11":"product_cat-steine-mit-p","12":"product_cat-widder-21-03-20-04","13":"product_shipping_class-paket","14":"post-wrapper","15":"thrv_wrapper","17":"first","18":"instock","19":"taxable","20":"shipping-taxable","21":"purchasable","22":"product-type-simple"},"jetpack_sharing_enabled":true,"_links":{"self":[{"href":"https:\/\/www.ina-wissmann.de\/shop\/wp-json\/wp\/v2\/product\/6831","targetHints":{"allow":["GET"]}}],"collection":[{"href":"https:\/\/www.ina-wissmann.de\/shop\/wp-json\/wp\/v2\/product"}],"about":[{"href":"https:\/\/www.ina-wissmann.de\/shop\/wp-json\/wp\/v2\/types\/product"}],"replies":[{"embeddable":true,"href":"https:\/\/www.ina-wissmann.de\/shop\/wp-json\/wp\/v2\/comments?post=6831"}],"wp:featuredmedia":[{"embeddable":true,"href":"https:\/\/www.ina-wissmann.de\/shop\/wp-json\/wp\/v2\/media\/6102"}],"wp:attachment":[{"href":"https:\/\/www.ina-wissmann.de\/shop\/wp-json\/wp\/v2\/media?parent=6831"}],"wp:term":[{"taxonomy":"product_brand","embeddable":true,"href":"https:\/\/www.ina-wissmann.de\/shop\/wp-json\/wp\/v2\/product_brand?post=6831"},{"taxonomy":"product_cat","embeddable":true,"href":"https:\/\/www.ina-wissmann.de\/shop\/wp-json\/wp\/v2\/product_cat?post=6831"},{"taxonomy":"product_tag","embeddable":true,"href":"https:\/\/www.ina-wissmann.de\/shop\/wp-json\/wp\/v2\/product_tag?post=6831"}],"curies":[{"name":"wp","href":"https:\/\/api.w.org\/{rel}","templated":true}]}}