{"id":6803,"date":"2024-11-21T15:55:55","date_gmt":"2024-11-21T14:55:55","guid":{"rendered":"https:\/\/www.ina-wissmann.de\/shop\/?post_type=product&#038;p=6803"},"modified":"2024-12-13T16:40:55","modified_gmt":"2024-12-13T15:40:55","slug":"plexiglas-schiebestaender-gross","status":"publish","type":"product","link":"https:\/\/www.ina-wissmann.de\/shop\/produkt\/plexiglas-schiebestaender-gross\/","title":{"rendered":"Plexiglas Schiebest\u00e4nder gross"},"content":{"rendered":"<p>Schiebest\u00e4nder f\u00fcr Steinscheiben oder flache Gegenst\u00e4nde<\/p>\n","protected":false},"excerpt":{"rendered":"<p>Schiebest\u00e4nder aus glasklarem Kunststoff f\u00fcr Mineralien und Versteinerungen, Fossilien und flache Gegenst\u00e4nde stufenlos verstellbar, die Grundfl\u00e4che betr\u00e4gt ca. 95x55mm, 80mm (Lieferung ohne Deko-Artikel auf den Bildern &#8211; diese dienen nur der Gr\u00f6\u00dfendemonstration!)<\/p>\n","protected":false},"featured_media":6766,"comment_status":"open","ping_status":"open","template":"","meta":[],"product_brand":[],"product_cat":[626],"product_tag":[],"class_list":{"0":"post-6803","1":"product","2":"type-product","3":"status-publish","4":"has-post-thumbnail","6":"product_cat-edelsteine-zubehoer","7":"product_shipping_class-paket","8":"post-wrapper","9":"thrv_wrapper","11":"first","12":"instock","13":"taxable","14":"shipping-taxable","15":"purchasable","16":"product-type-simple"},"jetpack_sharing_enabled":true,"_links":{"self":[{"href":"https:\/\/www.ina-wissmann.de\/shop\/wp-json\/wp\/v2\/product\/6803","targetHints":{"allow":["GET"]}}],"collection":[{"href":"https:\/\/www.ina-wissmann.de\/shop\/wp-json\/wp\/v2\/product"}],"about":[{"href":"https:\/\/www.ina-wissmann.de\/shop\/wp-json\/wp\/v2\/types\/product"}],"replies":[{"embeddable":true,"href":"https:\/\/www.ina-wissmann.de\/shop\/wp-json\/wp\/v2\/comments?post=6803"}],"wp:featuredmedia":[{"embeddable":true,"href":"https:\/\/www.ina-wissmann.de\/shop\/wp-json\/wp\/v2\/media\/6766"}],"wp:attachment":[{"href":"https:\/\/www.ina-wissmann.de\/shop\/wp-json\/wp\/v2\/media?parent=6803"}],"wp:term":[{"taxonomy":"product_brand","embeddable":true,"href":"https:\/\/www.ina-wissmann.de\/shop\/wp-json\/wp\/v2\/product_brand?post=6803"},{"taxonomy":"product_cat","embeddable":true,"href":"https:\/\/www.ina-wissmann.de\/shop\/wp-json\/wp\/v2\/product_cat?post=6803"},{"taxonomy":"product_tag","embeddable":true,"href":"https:\/\/www.ina-wissmann.de\/shop\/wp-json\/wp\/v2\/product_tag?post=6803"}],"curies":[{"name":"wp","href":"https:\/\/api.w.org\/{rel}","templated":true}]}}