{"id":5849,"date":"2024-11-21T15:52:35","date_gmt":"2024-11-21T14:52:35","guid":{"rendered":"https:\/\/www.ina-wissmann.de\/shop\/?post_type=product&#038;p=5849"},"modified":"2026-02-14T23:57:29","modified_gmt":"2026-02-14T22:57:29","slug":"orangencalcit-anhaenger-eckig-gross","status":"publish","type":"product","link":"https:\/\/www.ina-wissmann.de\/shop\/produkt\/orangencalcit-anhaenger-eckig-gross\/","title":{"rendered":"Calcit orange, Orangencalcit Anh\u00e4nger eckig gro\u00df"},"content":{"rendered":"<p>Tolle farbenfrohe Anh\u00e4nger<\/p>\n","protected":false},"excerpt":{"rendered":"<p>Calcit orange gro\u00dfe Anh\u00e4nger gebohrt 4&#215;2,5cm, 18-20g Calcit sorgt f\u00fcr Stabilit\u00e4t und Selbstwert. St\u00e4rkt dein Vertrauen in dich selbst. Beim Kauf bekommst du einen der hier abgebildeten Steine<\/p>\n","protected":false},"featured_media":5774,"comment_status":"open","ping_status":"closed","template":"","meta":[],"product_brand":[],"product_cat":[262,263,305,317,273,277,377,176],"product_tag":[],"class_list":{"0":"post-5849","1":"product","2":"type-product","3":"status-publish","4":"has-post-thumbnail","6":"product_cat-edelsteine","7":"product_cat-edelsteine-a-z","8":"product_cat-heilsteine","9":"product_cat-heilsteine-nach-farben","10":"product_cat-krebs-22-06-22-07","11":"product_cat-loewe-23-07-23-08","12":"product_cat-neu-im-shop","13":"product_cat-orange-heilsteine-kaufen-hebt-die-stimmung-und-macht-froehlich","14":"product_shipping_class-paket","15":"post-wrapper","16":"thrv_wrapper","18":"first","19":"instock","20":"taxable","21":"shipping-taxable","22":"purchasable","23":"product-type-simple"},"jetpack_sharing_enabled":true,"_links":{"self":[{"href":"https:\/\/www.ina-wissmann.de\/shop\/wp-json\/wp\/v2\/product\/5849","targetHints":{"allow":["GET"]}}],"collection":[{"href":"https:\/\/www.ina-wissmann.de\/shop\/wp-json\/wp\/v2\/product"}],"about":[{"href":"https:\/\/www.ina-wissmann.de\/shop\/wp-json\/wp\/v2\/types\/product"}],"replies":[{"embeddable":true,"href":"https:\/\/www.ina-wissmann.de\/shop\/wp-json\/wp\/v2\/comments?post=5849"}],"wp:featuredmedia":[{"embeddable":true,"href":"https:\/\/www.ina-wissmann.de\/shop\/wp-json\/wp\/v2\/media\/5774"}],"wp:attachment":[{"href":"https:\/\/www.ina-wissmann.de\/shop\/wp-json\/wp\/v2\/media?parent=5849"}],"wp:term":[{"taxonomy":"product_brand","embeddable":true,"href":"https:\/\/www.ina-wissmann.de\/shop\/wp-json\/wp\/v2\/product_brand?post=5849"},{"taxonomy":"product_cat","embeddable":true,"href":"https:\/\/www.ina-wissmann.de\/shop\/wp-json\/wp\/v2\/product_cat?post=5849"},{"taxonomy":"product_tag","embeddable":true,"href":"https:\/\/www.ina-wissmann.de\/shop\/wp-json\/wp\/v2\/product_tag?post=5849"}],"curies":[{"name":"wp","href":"https:\/\/api.w.org\/{rel}","templated":true}]}}