{"id":5829,"date":"2024-11-21T15:53:29","date_gmt":"2024-11-21T14:53:29","guid":{"rendered":"https:\/\/www.ina-wissmann.de\/shop\/?post_type=product&#038;p=5829"},"modified":"2024-12-13T16:40:05","modified_gmt":"2024-12-13T15:40:05","slug":"cordierit-anhaenger-klein-gr-s","status":"publish","type":"product","link":"https:\/\/www.ina-wissmann.de\/shop\/produkt\/cordierit-anhaenger-klein-gr-s\/","title":{"rendered":"Cordierit Anh\u00e4nger klein Gr.S"},"content":{"rendered":"<p>Iolith Cordierit Anh\u00e4nger<\/p>\n","protected":false},"excerpt":{"rendered":"<p>Iolith-Cordierit Anh\u00e4nger gebohrt Gr. S ca. 1,5cm ca. 5g schwer, 1,5cm gro\u00df zarter Anh\u00e4nger f\u00fcr mehr Selbstsicherheit auch bei widrigen Umst\u00e4nden<\/p>\n","protected":false},"featured_media":5798,"comment_status":"open","ping_status":"open","template":"","meta":[],"product_brand":[],"product_cat":[179,262,263,305,317,377],"product_tag":[],"class_list":{"0":"post-5829","1":"product","2":"type-product","3":"status-publish","4":"has-post-thumbnail","6":"product_cat-blau","7":"product_cat-edelsteine","8":"product_cat-edelsteine-a-z","9":"product_cat-heilsteine","10":"product_cat-heilsteine-nach-farben","11":"product_cat-neu-im-shop","12":"product_shipping_class-paket","13":"post-wrapper","14":"thrv_wrapper","16":"first","17":"instock","18":"taxable","19":"shipping-taxable","20":"purchasable","21":"product-type-simple"},"jetpack_sharing_enabled":true,"_links":{"self":[{"href":"https:\/\/www.ina-wissmann.de\/shop\/wp-json\/wp\/v2\/product\/5829","targetHints":{"allow":["GET"]}}],"collection":[{"href":"https:\/\/www.ina-wissmann.de\/shop\/wp-json\/wp\/v2\/product"}],"about":[{"href":"https:\/\/www.ina-wissmann.de\/shop\/wp-json\/wp\/v2\/types\/product"}],"replies":[{"embeddable":true,"href":"https:\/\/www.ina-wissmann.de\/shop\/wp-json\/wp\/v2\/comments?post=5829"}],"wp:featuredmedia":[{"embeddable":true,"href":"https:\/\/www.ina-wissmann.de\/shop\/wp-json\/wp\/v2\/media\/5798"}],"wp:attachment":[{"href":"https:\/\/www.ina-wissmann.de\/shop\/wp-json\/wp\/v2\/media?parent=5829"}],"wp:term":[{"taxonomy":"product_brand","embeddable":true,"href":"https:\/\/www.ina-wissmann.de\/shop\/wp-json\/wp\/v2\/product_brand?post=5829"},{"taxonomy":"product_cat","embeddable":true,"href":"https:\/\/www.ina-wissmann.de\/shop\/wp-json\/wp\/v2\/product_cat?post=5829"},{"taxonomy":"product_tag","embeddable":true,"href":"https:\/\/www.ina-wissmann.de\/shop\/wp-json\/wp\/v2\/product_tag?post=5829"}],"curies":[{"name":"wp","href":"https:\/\/api.w.org\/{rel}","templated":true}]}}