{"id":5523,"date":"2024-11-21T15:53:58","date_gmt":"2024-11-21T14:53:58","guid":{"rendered":"https:\/\/www.ina-wissmann.de\/shop\/?post_type=product&#038;p=5523"},"modified":"2025-03-02T15:28:27","modified_gmt":"2025-03-02T14:28:27","slug":"girasol-quarz-trommelstein-gebohrt","status":"publish","type":"product","link":"https:\/\/www.ina-wissmann.de\/shop\/produkt\/girasol-quarz-trommelstein-gebohrt\/","title":{"rendered":"Girasol (Quarz) Trommelstein gebohrt"},"content":{"rendered":"<p>Tropfenf\u00f6rmiger Trommelstein als Anh\u00e4nger f\u00fcr Lederband oder Silberkette<\/p>\n","protected":false},"excerpt":{"rendered":"<p>Girasol (Quarz) Trommelstein gebohrt ca. 3-3,5cm gro\u00df und 11-16g schwer Der Girasolquarz oder auch Nebelquarz genannt besteht aus durch Wasser oder Rutil getr\u00fcbten Bergkristall  Er l\u00f6st Unruhe auf und macht dir deine Bed\u00fcrfnisse bewusst Bei Bestellung bekommst du einen der abgebildeten Steine<\/p>\n","protected":false},"featured_media":5536,"comment_status":"open","ping_status":"open","template":"","meta":[],"product_brand":[],"product_cat":[262,263,305,317,281,174],"product_tag":[],"class_list":{"0":"post-5523","1":"product","2":"type-product","3":"status-publish","4":"has-post-thumbnail","6":"product_cat-edelsteine","7":"product_cat-edelsteine-a-z","8":"product_cat-heilsteine","9":"product_cat-heilsteine-nach-farben","10":"product_cat-steinbock-22-12-20-01","11":"product_cat-weiss","12":"product_shipping_class-paket","13":"post-wrapper","14":"thrv_wrapper","16":"first","17":"instock","18":"taxable","19":"shipping-taxable","20":"purchasable","21":"product-type-simple"},"jetpack_sharing_enabled":true,"_links":{"self":[{"href":"https:\/\/www.ina-wissmann.de\/shop\/wp-json\/wp\/v2\/product\/5523","targetHints":{"allow":["GET"]}}],"collection":[{"href":"https:\/\/www.ina-wissmann.de\/shop\/wp-json\/wp\/v2\/product"}],"about":[{"href":"https:\/\/www.ina-wissmann.de\/shop\/wp-json\/wp\/v2\/types\/product"}],"replies":[{"embeddable":true,"href":"https:\/\/www.ina-wissmann.de\/shop\/wp-json\/wp\/v2\/comments?post=5523"}],"wp:featuredmedia":[{"embeddable":true,"href":"https:\/\/www.ina-wissmann.de\/shop\/wp-json\/wp\/v2\/media\/5536"}],"wp:attachment":[{"href":"https:\/\/www.ina-wissmann.de\/shop\/wp-json\/wp\/v2\/media?parent=5523"}],"wp:term":[{"taxonomy":"product_brand","embeddable":true,"href":"https:\/\/www.ina-wissmann.de\/shop\/wp-json\/wp\/v2\/product_brand?post=5523"},{"taxonomy":"product_cat","embeddable":true,"href":"https:\/\/www.ina-wissmann.de\/shop\/wp-json\/wp\/v2\/product_cat?post=5523"},{"taxonomy":"product_tag","embeddable":true,"href":"https:\/\/www.ina-wissmann.de\/shop\/wp-json\/wp\/v2\/product_tag?post=5523"}],"curies":[{"name":"wp","href":"https:\/\/api.w.org\/{rel}","templated":true}]}}