{"id":5118,"date":"2024-11-21T15:51:50","date_gmt":"2024-11-21T14:51:50","guid":{"rendered":"https:\/\/ina-wissmann.de\/shop\/?post_type=product&#038;p=5118"},"modified":"2024-12-13T16:39:38","modified_gmt":"2024-12-13T15:39:38","slug":"bergkristall-einzelspitze-stehend-minas-gerais-poliert","status":"publish","type":"product","link":"https:\/\/www.ina-wissmann.de\/shop\/produkt\/bergkristall-einzelspitze-stehend-minas-gerais-poliert\/","title":{"rendered":"Bergkristall Einzelspitze stehend Minas Gerais poliert"},"content":{"rendered":"<p>Wundervoller Einzelkristall, der auf einem Photo gezeigte Lichtsockel ist nicht im Preis enthalten<\/p>\n","protected":false},"excerpt":{"rendered":"<p>Ein Traum von Einzelkristall-Spitze sch\u00f6n klar mit vielen Einschl\u00fcssen und Regenb\u00f6gen.  Der Kristall ist glatt poliert und hat ein Gewicht von 7,9kg  Ma\u00dfe: ca. H25xB20cm, Herkunft: Minas Gerais &#8211; Brasilien Bei Interesse fertige ich gern ein Video an, indem er von allen Seiten gut beleuchtet zu sehen ist.  Der abgebildete Lichtsockel ist nicht im Lieferumfang enthalten.  Der Kristall hat KEINE Lampenbohrung &#8211; er steht im Bild nur auf einer Lichtquelle Die Lieferung erfolgt portofrei<\/p>\n","protected":false},"featured_media":5119,"comment_status":"open","ping_status":"open","template":"","meta":[],"product_brand":[],"product_cat":[262,263,271,305,317,173,765,172,766],"product_tag":[],"class_list":{"0":"post-5118","1":"product","2":"type-product","3":"status-publish","4":"has-post-thumbnail","6":"product_cat-edelsteine","7":"product_cat-edelsteine-a-z","8":"product_cat-geburtssteine","9":"product_cat-heilsteine","10":"product_cat-heilsteine-nach-farben","11":"product_cat-kristalle","12":"product_cat-spiritualitaet-wachstum","13":"product_cat-transparent","14":"product_cat-wohlstand-fuelle","15":"product_shipping_class-paket","16":"post-wrapper","17":"thrv_wrapper","19":"first","20":"instock","21":"taxable","22":"shipping-taxable","23":"purchasable","24":"product-type-simple"},"jetpack_sharing_enabled":true,"_links":{"self":[{"href":"https:\/\/www.ina-wissmann.de\/shop\/wp-json\/wp\/v2\/product\/5118","targetHints":{"allow":["GET"]}}],"collection":[{"href":"https:\/\/www.ina-wissmann.de\/shop\/wp-json\/wp\/v2\/product"}],"about":[{"href":"https:\/\/www.ina-wissmann.de\/shop\/wp-json\/wp\/v2\/types\/product"}],"replies":[{"embeddable":true,"href":"https:\/\/www.ina-wissmann.de\/shop\/wp-json\/wp\/v2\/comments?post=5118"}],"wp:featuredmedia":[{"embeddable":true,"href":"https:\/\/www.ina-wissmann.de\/shop\/wp-json\/wp\/v2\/media\/5119"}],"wp:attachment":[{"href":"https:\/\/www.ina-wissmann.de\/shop\/wp-json\/wp\/v2\/media?parent=5118"}],"wp:term":[{"taxonomy":"product_brand","embeddable":true,"href":"https:\/\/www.ina-wissmann.de\/shop\/wp-json\/wp\/v2\/product_brand?post=5118"},{"taxonomy":"product_cat","embeddable":true,"href":"https:\/\/www.ina-wissmann.de\/shop\/wp-json\/wp\/v2\/product_cat?post=5118"},{"taxonomy":"product_tag","embeddable":true,"href":"https:\/\/www.ina-wissmann.de\/shop\/wp-json\/wp\/v2\/product_tag?post=5118"}],"curies":[{"name":"wp","href":"https:\/\/api.w.org\/{rel}","templated":true}]}}