{"id":5116,"date":"2024-11-21T15:52:05","date_gmt":"2024-11-21T14:52:05","guid":{"rendered":"https:\/\/ina-wissmann.de\/shop\/?post_type=product&#038;p=5116"},"modified":"2024-12-13T16:39:43","modified_gmt":"2024-12-13T15:39:43","slug":"bergkristallplatte-mit-kleinen-kristallen","status":"publish","type":"product","link":"https:\/\/www.ina-wissmann.de\/shop\/produkt\/bergkristallplatte-mit-kleinen-kristallen\/","title":{"rendered":"Bergkristallplatte mit kleinen Kristallen"},"content":{"rendered":"<p>Gro\u00dfe Kristallplatte mit Kristallrasen<\/p>\n","protected":false},"excerpt":{"rendered":"<p>H\u00fcbsche gro\u00dfe kristalline Quarzplatte mit Kristallrasen Gewicht 7kg, ca. 34x28cm gro\u00df Der abgebildete St\u00e4nder ist nicht im lieferumfang enthalten, kann aber mitbestellt werden.<\/p>\n","protected":false},"featured_media":5127,"comment_status":"open","ping_status":"open","template":"","meta":[],"product_brand":[],"product_cat":[262,263,271,305,317,173,771,765,172],"product_tag":[],"class_list":{"0":"post-5116","1":"product","2":"type-product","3":"status-publish","4":"has-post-thumbnail","6":"product_cat-edelsteine","7":"product_cat-edelsteine-a-z","8":"product_cat-geburtssteine","9":"product_cat-heilsteine","10":"product_cat-heilsteine-nach-farben","11":"product_cat-kristalle","12":"product_cat-reinigung-klaerung","13":"product_cat-spiritualitaet-wachstum","14":"product_cat-transparent","15":"product_shipping_class-paket","16":"post-wrapper","17":"thrv_wrapper","19":"first","20":"instock","21":"taxable","22":"shipping-taxable","23":"purchasable","24":"product-type-simple"},"jetpack_sharing_enabled":true,"_links":{"self":[{"href":"https:\/\/www.ina-wissmann.de\/shop\/wp-json\/wp\/v2\/product\/5116","targetHints":{"allow":["GET"]}}],"collection":[{"href":"https:\/\/www.ina-wissmann.de\/shop\/wp-json\/wp\/v2\/product"}],"about":[{"href":"https:\/\/www.ina-wissmann.de\/shop\/wp-json\/wp\/v2\/types\/product"}],"replies":[{"embeddable":true,"href":"https:\/\/www.ina-wissmann.de\/shop\/wp-json\/wp\/v2\/comments?post=5116"}],"wp:featuredmedia":[{"embeddable":true,"href":"https:\/\/www.ina-wissmann.de\/shop\/wp-json\/wp\/v2\/media\/5127"}],"wp:attachment":[{"href":"https:\/\/www.ina-wissmann.de\/shop\/wp-json\/wp\/v2\/media?parent=5116"}],"wp:term":[{"taxonomy":"product_brand","embeddable":true,"href":"https:\/\/www.ina-wissmann.de\/shop\/wp-json\/wp\/v2\/product_brand?post=5116"},{"taxonomy":"product_cat","embeddable":true,"href":"https:\/\/www.ina-wissmann.de\/shop\/wp-json\/wp\/v2\/product_cat?post=5116"},{"taxonomy":"product_tag","embeddable":true,"href":"https:\/\/www.ina-wissmann.de\/shop\/wp-json\/wp\/v2\/product_tag?post=5116"}],"curies":[{"name":"wp","href":"https:\/\/api.w.org\/{rel}","templated":true}]}}